{"id":36492,"date":"2020-02-17T12:23:38","date_gmt":"2020-02-17T11:23:38","guid":{"rendered":"https:\/\/www.riksantikvaren.no\/verdensarv\/"},"modified":"2025-12-02T13:52:09","modified_gmt":"2025-12-02T12:52:09","slug":"verdensarv","status":"publish","type":"page","link":"https:\/\/riksantikvaren.no\/en\/world-heritage\/","title":{"rendered":"World Heritage"},"content":{"rendered":"<div class=\"wpb-content-wrapper\"><p>[vc_row][vc_column width=&#8221;1\/2&#8243;]<p class=\"categories font-size-xxs default\"><span class=\"category\" id=\"subject\">Areas of Work<\/span><\/p><div class=\"header left  default\"><h1 class=\"\" id=\"overskift\">World Heritage sites in Norway<\/h1><\/div><div id=\"entrance-ingres\" class=\"entrance-ingres\"><p><span data-contrast=\"auto\">World Heritage is the shared heritage of humanity, and World Heritage status is subject to stringent criteria.<\/span><span data-ccp-props=\"{}\">\u00a0<\/span><\/p>\n<p><span data-ccp-props=\"{}\">\u00a0<\/span><\/p><\/div>[\/vc_column][vc_column width=&#8221;1\/2&#8243;]\n\t\t\t<figure class=\"standard-image \">\n\t\t\t\t<a class=\"gallery\" href=\"#image-36527\" title=\"\u00c5pne stort bilde i felles bildegalleri\" data-gallery=\"36527\"><img loading=\"lazy\" decoding=\"async\" width=\"1548\" height=\"1080\" src=\"https:\/\/riksantikvaren.no\/content\/uploads\/2020\/12\/urnes-stavkirke_sommer.jpg\" class=\"attachment- size-\" alt=\"Urnes Stave Church Cultural heritage site with World Heritage status. Photo: Jiri Havran, the Norwegian Directorate for Cultural Heritage\" srcset=\"https:\/\/riksantikvaren.no\/content\/uploads\/2020\/12\/urnes-stavkirke_sommer.jpg 1548w, https:\/\/riksantikvaren.no\/content\/uploads\/2020\/12\/urnes-stavkirke_sommer-300x209.jpg 300w, https:\/\/riksantikvaren.no\/content\/uploads\/2020\/12\/urnes-stavkirke_sommer-1024x714.jpg 1024w, https:\/\/riksantikvaren.no\/content\/uploads\/2020\/12\/urnes-stavkirke_sommer-768x536.jpg 768w, https:\/\/riksantikvaren.no\/content\/uploads\/2020\/12\/urnes-stavkirke_sommer-1536x1072.jpg 1536w, https:\/\/riksantikvaren.no\/content\/uploads\/2020\/12\/urnes-stavkirke_sommer-320x223.jpg 320w, https:\/\/riksantikvaren.no\/content\/uploads\/2020\/12\/urnes-stavkirke_sommer-420x293.jpg 420w, https:\/\/riksantikvaren.no\/content\/uploads\/2020\/12\/urnes-stavkirke_sommer-576x402.jpg 576w, https:\/\/riksantikvaren.no\/content\/uploads\/2020\/12\/urnes-stavkirke_sommer-992x692.jpg 992w, https:\/\/riksantikvaren.no\/content\/uploads\/2020\/12\/urnes-stavkirke_sommer-1200x837.jpg 1200w\" sizes=\"auto, (max-width: 1548px) 100vw, 1548px\" title=\"\"><\/a>\n\t\t\t\t<figcaption><strong>Urnes Stave Church.<\/strong> The church is located in Luster, Sogn, amidst the stunning natural beauty of Western Norway \u2013 a perfect representation of the romanticised depiction of the Norwegian landscape of the 19th century.  Foto: Jiri Havran, the Norwegian Directorate for Cultural Heritage<\/figcaption>\n\t\t\t<\/figure>[\/vc_column][\/vc_row][vc_row][vc_column width=&#8221;2\/3&#8243;]<div class=\"infobox tuftbush\">\n<h3>Eight Norwegian sites are currently inscribed on the UNESCO World Heritage List:<\/h3>\n<p><a href=\"https:\/\/www.riksantikvaren.no\/en\/world-heritage\/rock-art-in-alta\/\">Rock art in Alta<\/a><br \/>\n<a href=\"https:\/\/www.riksantikvaren.no\/en\/world-heritage\/bryggen-in-bergen\/\">Bryggen in Bergen<\/a><br \/>\n<a href=\"https:\/\/www.riksantikvaren.no\/en\/world-heritage\/rjukan-notodden-industrial-heritage-site\/\">Rjukan-Notodden Industrial Heritage Site<\/a><br \/>\n<a href=\"https:\/\/www.riksantikvaren.no\/en\/world-heritage\/roros-mining-town-and-the-circumference\/\">R\u00f8ros mining town and the Circumference<\/a><br \/>\n<a href=\"https:\/\/www.riksantikvaren.no\/en\/world-heritage\/four-points-on-the-struve-geodetic-arc\/\">Four points on the Struve Geodetic Arc<\/a><br \/>\n<a href=\"https:\/\/www.riksantikvaren.no\/en\/world-heritage\/urnes-stave-church\/\">Urnes Stave Church<\/a><br \/>\n<a href=\"https:\/\/www.riksantikvaren.no\/en\/world-heritage\/vegaoyan-the-vega-archipelago\/\">Vega\u00f8yan -The Vega Archipelago<\/a><br \/>\n<a href=\"https:\/\/www.riksantikvaren.no\/en\/world-heritage\/west-norwegian-fjords\/\">West Norwegian Fjords<\/a><\/p><\/div>[vc_gmaps link=&#8221;#E-8_JTNDaWZyYW1lJTIwc3JjJTNEJTIyaHR0cHMlM0ElMkYlMkZ3d3cuZ29vZ2xlLmNvbSUyRm1hcHMlMkZkJTJGdSUyRjElMkZlbWJlZCUzRm1pZCUzRDEwN3dQLWZndGU5M3BPa0JrNUpGNlZsYmpVaDFjTW95biUyMiUyMHdpZHRoJTNEJTIyNjQwJTIyJTIwaGVpZ2h0JTNEJTIyNDgwJTIyJTNFJTNDJTJGaWZyYW1lJTNF&#8221; title=&#8221;The Norwegian World Heritage&#8221;][vc_column_text]<\/p>\n<h2><span data-contrast=\"auto\">Protection of the World Cultural and Natural Heritage<\/span><span data-ccp-props=\"{}\">\u00a0<\/span><\/h2>\n<p><a href=\"http:\/\/unesco.org\/\" target=\"_blank\" rel=\"noopener\"><span data-contrast=\"none\">UNESCO<\/span><\/a><span data-contrast=\"auto\"> is the United Nations Educational, Scientific and Cultural Organisation. In 1972, UNESCO adopted the Convention concerning the Protection of the World Cultural and Natural Heritage, which is now commonly known as the World Heritage Convention.<\/span><span data-ccp-props=\"{}\">\u00a0<\/span><\/p>\n<p><span data-contrast=\"auto\">The purpose of the World Heritage Convention is to identify and provide special protection for cultural and natural heritage that is of significance to all of humanity and future generations \u2013 across national borders. It serves as a global framework for the preservation of cultural heritage, primarily through the development of common standards and norms.<\/span><span data-ccp-props=\"{}\">\u00a0<\/span><\/p>\n<p><span data-contrast=\"auto\">UNESCO\u2019s World Heritage List is an overview of cultural and natural sites or objects in UNESCO\u2019s member countries that are of irreplaceable value. Only countries that have signed the World Heritage Convention, committing to protect their natural and cultural heritage, can propose nominations for sites within their territory. These are then evaluated for inclusion on UNESCO&#8217;s World Heritage List.<\/span><\/p>\n<p><a href=\"https:\/\/whc.unesco.org\/\" target=\"_blank\" rel=\"noopener\"><span data-contrast=\"none\">Read more about the World Heritage Convention and World Heritage List.<\/span><span data-ccp-props=\"{}\">\u00a0<\/span><\/a><\/p>\n<h2><span data-contrast=\"auto\">World Heritage Committee\u00a0\u00a0<\/span><span data-ccp-props=\"{}\">\u00a0<\/span><\/h2>\n<p><span data-contrast=\"auto\">The World Heritage Committee decides annually which new sites should be added to the World Heritage List and is responsible for overseeing the work related to the Convention.<\/span><span data-ccp-props=\"{}\">\u00a0<\/span><\/p>\n<p><a href=\"https:\/\/whc.unesco.org\/en\/committee\/\" target=\"_blank\" rel=\"noopener\"><span data-contrast=\"none\">Read more about the World Heritage Committee<\/span><\/a><\/p>\n<p><span data-contrast=\"auto\">Norway represented the Nordic countries in the World Heritage Committee in the period 2017\u20132021.<\/span><span data-ccp-props=\"{}\">\u00a0<\/span><\/p>\n<p><span data-ccp-props=\"{}\">\u00a0<\/span><\/p>\n<p><span data-ccp-props=\"{}\">\u00a0<\/span>[\/vc_column_text][vc_row_inner][vc_column_inner]\t\t<div class=\"swiper-container\">\n\t\t\t\t\t\t<div class=\"swiper-wrapper\">\n\t\t\t\t<div class=\"swiper-slide equal-height\"><a class=\"gallery\" href=\"#image-95187\" title=\"\u00c5pne stort bilde i felles bildegalleri\" data-gallery=\"95187\"><img loading=\"lazy\" decoding=\"async\" width=\"992\" height=\"662\" src=\"https:\/\/riksantikvaren.no\/content\/uploads\/2025\/05\/TI_20220817_106-992x662.jpg\" class=\"attachment-img-lg size-img-lg\" alt=\"\" style=\"max-height:400px\" srcset=\"https:\/\/riksantikvaren.no\/content\/uploads\/2025\/05\/TI_20220817_106-992x662.jpg 992w, https:\/\/riksantikvaren.no\/content\/uploads\/2025\/05\/TI_20220817_106-300x200.jpg 300w, https:\/\/riksantikvaren.no\/content\/uploads\/2025\/05\/TI_20220817_106-1024x683.jpg 1024w, https:\/\/riksantikvaren.no\/content\/uploads\/2025\/05\/TI_20220817_106-768x512.jpg 768w, https:\/\/riksantikvaren.no\/content\/uploads\/2025\/05\/TI_20220817_106-1536x1025.jpg 1536w, https:\/\/riksantikvaren.no\/content\/uploads\/2025\/05\/TI_20220817_106-2048x1366.jpg 2048w, https:\/\/riksantikvaren.no\/content\/uploads\/2025\/05\/TI_20220817_106-320x213.jpg 320w, https:\/\/riksantikvaren.no\/content\/uploads\/2025\/05\/TI_20220817_106-420x280.jpg 420w, https:\/\/riksantikvaren.no\/content\/uploads\/2025\/05\/TI_20220817_106-576x384.jpg 576w, https:\/\/riksantikvaren.no\/content\/uploads\/2025\/05\/TI_20220817_106-1200x801.jpg 1200w, https:\/\/riksantikvaren.no\/content\/uploads\/2025\/05\/TI_20220817_106-1920x1281.jpg 1920w, https:\/\/riksantikvaren.no\/content\/uploads\/2025\/05\/TI_20220817_106-276x184.jpg 276w, https:\/\/riksantikvaren.no\/content\/uploads\/2025\/05\/TI_20220817_106-991x660.jpg 991w\" sizes=\"auto, (max-width: 992px) 100vw, 992px\" title=\"\"><\/a><div class=\"caption\"><strong>Vega:<\/strong> S\u00f8rg\u00e5rden at Hysv\u00e6r, the Vega Archipelago. Hysv\u00e6r consists of a few hundred islands. Eiderdown has been harvested here since the 13th century. There are currently six bird keepers in Hysv\u00e6r, who collect down from around 160 eider ducks. \n <br><strong>Foto:<\/strong> Trond Isaksen, Riksantikvaren. <\/div><\/div><div class=\"swiper-slide equal-height\"><a class=\"gallery\" href=\"#image-95195\" title=\"\u00c5pne stort bilde i felles bildegalleri\" data-gallery=\"95195\"><img loading=\"lazy\" decoding=\"async\" width=\"992\" height=\"743\" src=\"https:\/\/riksantikvaren.no\/content\/uploads\/2025\/05\/TI_20220710_008-992x743.jpg\" class=\"attachment-img-lg size-img-lg\" alt=\"\" style=\"max-height:400px\" srcset=\"https:\/\/riksantikvaren.no\/content\/uploads\/2025\/05\/TI_20220710_008-992x743.jpg 992w, https:\/\/riksantikvaren.no\/content\/uploads\/2025\/05\/TI_20220710_008-300x225.jpg 300w, https:\/\/riksantikvaren.no\/content\/uploads\/2025\/05\/TI_20220710_008-1024x767.jpg 1024w, https:\/\/riksantikvaren.no\/content\/uploads\/2025\/05\/TI_20220710_008-768x575.jpg 768w, https:\/\/riksantikvaren.no\/content\/uploads\/2025\/05\/TI_20220710_008-1536x1150.jpg 1536w, https:\/\/riksantikvaren.no\/content\/uploads\/2025\/05\/TI_20220710_008-2048x1533.jpg 2048w, https:\/\/riksantikvaren.no\/content\/uploads\/2025\/05\/TI_20220710_008-320x240.jpg 320w, https:\/\/riksantikvaren.no\/content\/uploads\/2025\/05\/TI_20220710_008-420x314.jpg 420w, https:\/\/riksantikvaren.no\/content\/uploads\/2025\/05\/TI_20220710_008-576x431.jpg 576w, https:\/\/riksantikvaren.no\/content\/uploads\/2025\/05\/TI_20220710_008-1200x899.jpg 1200w, https:\/\/riksantikvaren.no\/content\/uploads\/2025\/05\/TI_20220710_008-1920x1438.jpg 1920w\" sizes=\"auto, (max-width: 992px) 100vw, 992px\" title=\"\"><\/a><div class=\"caption\"><strong>The Geiranger fjord:<\/strong> Geirangerfjord is part of the West Norwegian Fjord landscape, which is one of the Norwegian sites inscribed on UNESCO\u2019s World Heritage List. P <br><strong>Foto:<\/strong> Trond Isaksen, Riksantikvaren. <\/div><\/div><div class=\"swiper-slide equal-height\"><a class=\"gallery\" href=\"#image-95199\" title=\"\u00c5pne stort bilde i felles bildegalleri\" data-gallery=\"95199\"><img loading=\"lazy\" decoding=\"async\" width=\"992\" height=\"799\" src=\"https:\/\/riksantikvaren.no\/content\/uploads\/2025\/05\/TI_20220128_031-992x799.jpg\" class=\"attachment-img-lg size-img-lg\" alt=\"\" style=\"max-height:400px\" srcset=\"https:\/\/riksantikvaren.no\/content\/uploads\/2025\/05\/TI_20220128_031-992x799.jpg 992w, https:\/\/riksantikvaren.no\/content\/uploads\/2025\/05\/TI_20220128_031-300x242.jpg 300w, https:\/\/riksantikvaren.no\/content\/uploads\/2025\/05\/TI_20220128_031-1024x825.jpg 1024w, https:\/\/riksantikvaren.no\/content\/uploads\/2025\/05\/TI_20220128_031-768x619.jpg 768w, https:\/\/riksantikvaren.no\/content\/uploads\/2025\/05\/TI_20220128_031-1536x1237.jpg 1536w, https:\/\/riksantikvaren.no\/content\/uploads\/2025\/05\/TI_20220128_031-2048x1649.jpg 2048w, https:\/\/riksantikvaren.no\/content\/uploads\/2025\/05\/TI_20220128_031-320x258.jpg 320w, https:\/\/riksantikvaren.no\/content\/uploads\/2025\/05\/TI_20220128_031-420x338.jpg 420w, https:\/\/riksantikvaren.no\/content\/uploads\/2025\/05\/TI_20220128_031-576x464.jpg 576w, https:\/\/riksantikvaren.no\/content\/uploads\/2025\/05\/TI_20220128_031-1200x967.jpg 1200w, https:\/\/riksantikvaren.no\/content\/uploads\/2025\/05\/TI_20220128_031-1920x1546.jpg 1920w\" sizes=\"auto, (max-width: 992px) 100vw, 992px\" title=\"\"><\/a><div class=\"caption\"><strong>R\u00f8ros mining town:<\/strong> The town was inscribed on the World Heritage List in 1980.  <br><strong>Foto:<\/strong> Trond Isaksen, Riksantikvaren. <\/div><\/div><div class=\"swiper-slide equal-height\"><a class=\"gallery\" href=\"#image-95191\" title=\"\u00c5pne stort bilde i felles bildegalleri\" data-gallery=\"95191\"><img loading=\"lazy\" decoding=\"async\" width=\"992\" height=\"662\" src=\"https:\/\/riksantikvaren.no\/content\/uploads\/2025\/05\/TI_20220701_114-992x662.jpg\" class=\"attachment-img-lg size-img-lg\" alt=\"\" style=\"max-height:400px\" srcset=\"https:\/\/riksantikvaren.no\/content\/uploads\/2025\/05\/TI_20220701_114-992x662.jpg 992w, https:\/\/riksantikvaren.no\/content\/uploads\/2025\/05\/TI_20220701_114-300x200.jpg 300w, https:\/\/riksantikvaren.no\/content\/uploads\/2025\/05\/TI_20220701_114-1024x683.jpg 1024w, https:\/\/riksantikvaren.no\/content\/uploads\/2025\/05\/TI_20220701_114-768x512.jpg 768w, https:\/\/riksantikvaren.no\/content\/uploads\/2025\/05\/TI_20220701_114-1536x1025.jpg 1536w, https:\/\/riksantikvaren.no\/content\/uploads\/2025\/05\/TI_20220701_114-2048x1366.jpg 2048w, https:\/\/riksantikvaren.no\/content\/uploads\/2025\/05\/TI_20220701_114-320x213.jpg 320w, https:\/\/riksantikvaren.no\/content\/uploads\/2025\/05\/TI_20220701_114-420x280.jpg 420w, https:\/\/riksantikvaren.no\/content\/uploads\/2025\/05\/TI_20220701_114-576x384.jpg 576w, https:\/\/riksantikvaren.no\/content\/uploads\/2025\/05\/TI_20220701_114-1200x801.jpg 1200w, https:\/\/riksantikvaren.no\/content\/uploads\/2025\/05\/TI_20220701_114-1920x1281.jpg 1920w, https:\/\/riksantikvaren.no\/content\/uploads\/2025\/05\/TI_20220701_114-276x184.jpg 276w, https:\/\/riksantikvaren.no\/content\/uploads\/2025\/05\/TI_20220701_114-991x660.jpg 991w\" sizes=\"auto, (max-width: 992px) 100vw, 992px\" title=\"\"><\/a><div class=\"caption\"><strong>N\u00e6r\u00f8yfjorden:<\/strong> \u202fHanging valleys, waterfalls, steep ravines and large landslide areas are dramatic features of the sheer mountainsides in the West Norwegian Fjord landscape.   <br><strong>Foto:<\/strong> Trond Isaksen, Riksantikvaren. <\/div><\/div>\t\t\t<\/div>\n\t\t\t<div class=\"swiper-pagination\"><\/div>\n\t\t\t\t\t\t\t\n\t\t\t<div class=\"swiper-button-next\"><\/div>\n\t\t\t<div class=\"swiper-button-prev\"><\/div>\t\t\t\t\t<\/div>\n\t\t[\/vc_column_inner][\/vc_row_inner][\/vc_column][vc_column width=&#8221;1\/3&#8243;]<div class=\"infobox catskillwhite\">\n<h3>Brochures<\/h3>\n<p><a href=\"https:\/\/nva.sikt.no\/filter?query=Verdensarv+faktaark&amp;publisher=DF41BF48-0E78-495B-AA7E-94A2E730C0A5&amp;results=100&amp;from=0\" target=\"_blank\" rel=\"noopener\">See an overview of the world heritage sites in Norwegian, English, German and French<\/a><\/p><\/div>[\/vc_column][\/vc_row]<\/p>\n<\/div>","protected":false},"excerpt":{"rendered":"<p>[vc_row][vc_column width=&#8221;1\/2&#8243;][\/vc_column][vc_column width=&#8221;1\/2&#8243;][\/vc_column][\/vc_row][vc_row][vc_column width=&#8221;2\/3&#8243;][vc_gmaps link=&#8221;#E-8_JTNDaWZyYW1lJTIwc3JjJTNEJTIyaHR0cHMlM0ElMkYlMkZ3d3cuZ29vZ2xlLmNvbSUyRm1hcHMlMkZkJTJGdSUyRjElMkZlbWJlZCUzRm1pZCUzRDEwN3dQLWZndGU5M3BPa0JrNUpGNlZsYmpVaDFjTW95biUyMiUyMHdpZHRoJTNEJTIyNjQwJTIyJTIwaGVpZ2h0JTNEJTIyNDgwJTIyJTNFJTNDJTJGaWZyYW1lJTNF&#8221; title=&#8221;The Norwegian World Heritage&#8221;][vc_column_text] Protection of the World Cultural and Natural Heritage\u00a0 UNESCO is the United Nations Educational, Scientific and Cultural Organisation. In 1972, UNESCO adopted the Convention concerning the&#8230;<\/p>\n","protected":false},"author":13,"featured_media":0,"parent":0,"menu_order":0,"comment_status":"closed","ping_status":"closed","template":"","meta":{"ep_exclude_from_search":false,"footnotes":"","algolia_no_indexing":false,"boosted":0},"coauthors":[444],"class_list":["post-36492","page","type-page","status-publish","hentry"],"acf":[],"_links":{"self":[{"href":"https:\/\/riksantikvaren.no\/en\/wp-json\/wp\/v2\/pages\/36492","targetHints":{"allow":["GET"]}}],"collection":[{"href":"https:\/\/riksantikvaren.no\/en\/wp-json\/wp\/v2\/pages"}],"about":[{"href":"https:\/\/riksantikvaren.no\/en\/wp-json\/wp\/v2\/types\/page"}],"author":[{"embeddable":true,"href":"https:\/\/riksantikvaren.no\/en\/wp-json\/wp\/v2\/users\/13"}],"replies":[{"embeddable":true,"href":"https:\/\/riksantikvaren.no\/en\/wp-json\/wp\/v2\/comments?post=36492"}],"version-history":[{"count":6,"href":"https:\/\/riksantikvaren.no\/en\/wp-json\/wp\/v2\/pages\/36492\/revisions"}],"predecessor-version":[{"id":102527,"href":"https:\/\/riksantikvaren.no\/en\/wp-json\/wp\/v2\/pages\/36492\/revisions\/102527"}],"wp:attachment":[{"href":"https:\/\/riksantikvaren.no\/en\/wp-json\/wp\/v2\/media?parent=36492"}],"wp:term":[{"taxonomy":"author","embeddable":true,"href":"https:\/\/riksantikvaren.no\/en\/wp-json\/wp\/v2\/coauthors?post=36492"}],"curies":[{"name":"wp","href":"https:\/\/api.w.org\/{rel}","templated":true}]}}