{"id":30321,"date":"2020-06-19T13:56:01","date_gmt":"2020-06-19T11:56:01","guid":{"rendered":"https:\/\/www.riksantikvaren.no\/?page_id=30321"},"modified":"2020-06-25T14:03:40","modified_gmt":"2020-06-25T12:03:40","slug":"riikaantikvara-birra-2","status":"publish","type":"page","link":"https:\/\/riksantikvaren.no\/se\/riikaantikvara-birra\/","title":{"rendered":"Riikaantikv\u00e1ra birra"},"content":{"rendered":"<div class=\"wpb-content-wrapper\"><p>[vc_row][vc_column width=&#8221;1\/2&#8243;]<p class=\"categories font-size-xxs default\"><span class=\"category\" id=\"subject\">Riikaantikv\u00e1ra birra<\/span><\/p><div class=\"header left  default\"><h1 class=\"\" id=\"overskift\">Riikaantikv\u00e1ra birra<\/h1><\/div><div id=\"entrance-ingres\" class=\"entrance-ingres\"><p>Riikaantikv\u00e1ra \u00e1sahuvvui 1912:s. Min ovddasv\u00e1st\u00e1dus lea h\u00e1ldda\u0161it kulturmuittuid, kulturbirrasiid ja kulturhistorjj\u00e1la\u0161 eanadagaid. Riikaantikv\u00e1ra lea direktor\u00e1htta, ja lea oassin birash\u00e1ldda\u0161eamis. D\u00e1ppe s\u00e1ht\u00e1t lohkat veah\u00e1\u0161 Riikaantikv\u00e1ra ovddasv\u00e1st\u00e1dussurggiid birra.<\/p><\/div>[\/vc_column][vc_column width=&#8221;1\/2&#8243;]\n\t\t\t<figure class=\"standard-image \">\n\t\t\t\t<a class=\"gallery\" href=\"#image-24830\" title=\"\u00c5pne stort bilde i felles bildegalleri\" data-gallery=\"24830\"><img loading=\"lazy\" decoding=\"async\" width=\"1920\" height=\"1080\" src=\"https:\/\/riksantikvaren.no\/content\/uploads\/2019\/12\/Lomen_foto_Dagfinn_Rasmussen-1.jpg\" class=\"attachment- size-\" alt=\"\" srcset=\"https:\/\/riksantikvaren.no\/content\/uploads\/2019\/12\/Lomen_foto_Dagfinn_Rasmussen-1.jpg 1920w, https:\/\/riksantikvaren.no\/content\/uploads\/2019\/12\/Lomen_foto_Dagfinn_Rasmussen-1-300x169.jpg 300w, https:\/\/riksantikvaren.no\/content\/uploads\/2019\/12\/Lomen_foto_Dagfinn_Rasmussen-1-1024x576.jpg 1024w, https:\/\/riksantikvaren.no\/content\/uploads\/2019\/12\/Lomen_foto_Dagfinn_Rasmussen-1-768x432.jpg 768w, https:\/\/riksantikvaren.no\/content\/uploads\/2019\/12\/Lomen_foto_Dagfinn_Rasmussen-1-1536x864.jpg 1536w, https:\/\/riksantikvaren.no\/content\/uploads\/2019\/12\/Lomen_foto_Dagfinn_Rasmussen-1-320x180.jpg 320w, https:\/\/riksantikvaren.no\/content\/uploads\/2019\/12\/Lomen_foto_Dagfinn_Rasmussen-1-420x236.jpg 420w, https:\/\/riksantikvaren.no\/content\/uploads\/2019\/12\/Lomen_foto_Dagfinn_Rasmussen-1-576x324.jpg 576w, https:\/\/riksantikvaren.no\/content\/uploads\/2019\/12\/Lomen_foto_Dagfinn_Rasmussen-1-992x558.jpg 992w, https:\/\/riksantikvaren.no\/content\/uploads\/2019\/12\/Lomen_foto_Dagfinn_Rasmussen-1-1200x675.jpg 1200w\" sizes=\"auto, (max-width: 1920px) 100vw, 1920px\" title=\"\"><\/a>\n\t\t\t\t<figcaption><strong>Lomen st\u00e1hpegirku<\/strong> Valdresis lea okta dain 28 st\u00e1hpegirkuin Norggas. Foto: Dagfinn Rasmussen, Riikkaantikv\u00e1ra\r\n<\/figcaption>\n\t\t\t<\/figure>[\/vc_column][\/vc_row][vc_row][vc_column width=&#8221;2\/3&#8243;][vc_column_text]Riikaantikv\u00e1ra lea D\u00e1lkk\u00e1dat- ja birasdepartemeantta vuoll\u00e1sa\u0161 direktor\u00e1htta, ja mii leat departemeantta r\u00e1\u0111\u0111eaddit buot \u00e1\u0161\u0161iin mat gusket kulturmuittuide ja kulturbirrasiidda. Riikaantikv\u00e1ra lea bajitd\u00e1si kulturmuitoeisev\u00e1ldi ja das lea ovddasv\u00e1st\u00e1dus bidjat johtui nation\u00e1la kulturmuitopolitihka.\u00a0 Mis lea f\u00e1gala\u0161 ovddasv\u00e1st\u00e1dus suohkaniidda, fylkkagielddaide, S\u00e1medigg\u00e1i, Svalb\u00e1rda \u00e1\u0161\u0161eolbm\u00e1i ja kulturmuitosuorggi h\u00e1ldda\u0161anmuseaide.<\/p>\n<p>Mis lea mearridanv\u00e1ldi r\u00e1f\u00e1iduhttimiidda, ja mii leat v\u00e1idda\u00e1sahus mearr\u00e1dusaide mat leat dahkkon kulturmuitosuorggi region\u00e1la kulturmuitoh\u00e1ldda\u0161eamis.\u00a0 Riikaantikv\u00e1ras lea cealkinv\u00e1ldi pl\u00e1na\u00e1\u0161\u0161iin.<\/p>\n<h2>Kulturmuittuid h\u00e1ldda\u0161eapmi<\/h2>\n<p>Kulturmuitoh\u00e1ldda\u0161eamis lea fylkkagielddain v\u00e1ldonjuolggadusla\u010d\u010dat h\u00e1ldda\u0161anovddasv\u00e1st\u00e1dus r\u00e1f\u00e1iduhtton kulturmuittuide.\u00a0 Dat mearkka\u0161a ahte fylkkagielddat leat rievttes eisev\u00e1lddit addit sierralobiid kulturmuitol\u00e1gas, ja sis lea ovddasv\u00e1st\u00e1dus vuhtiiv\u00e1ldit kulturmuittuid are\u00e1lapl\u00e1nemis.\u00a0 Riikaantikv\u00e1ras lea h\u00e1ldda\u0161anovddasv\u00e1st\u00e1dus muhtun kulturmuittuide, nugo gaska\u00e1iggeg\u00e1vpogiidda Oslo, T\u00f8nsberg, Bergen ja Troandin. Kulturmuittuide maidda Riikaantikv\u00e1ras lea h\u00e1ldda\u0161anovddasv\u00e1st\u00e1dus \u010du\u017e\u017eot sierra listtus.<\/p>\n<p>Riikaantikv\u00e1ras lea ovddasv\u00e1st\u00e1dus h\u00e1ldda\u0161it kulturmuito\u00e1rvvuid mat gullet girkuide, ja erenoam\u00e1\u0161 ovddasv\u00e1st\u00e1dus st\u00e1hpegirkuide.<\/p>\n<p>Mii doaimmahit strategiijaovd\u00e1nahttima ja mis lea ovddasv\u00e1st\u00e1dus erenoam\u00e1\u0161 vuoruhansurggiide mat leat kulturmuitosuorggis.\u00a0 Min doaimmaide gull\u00e1 maiddai bagadallan, gelbbola\u0161vuo\u0111alokten ja bargat guovdd\u00e1\u0161 die\u0111uiguin mat gullet kulturmuittuide almmola\u0161 h\u00e1ldda\u0161eamis.<\/p>\n<h2>Riikkaidgaskasa\u0161 ovttasbargu<\/h2>\n<p>Mii ovttasbargat maiddai riikkaidgaskasa\u017e\u017eat EEO- ru\u0111aid, dutkanpro\u0161eavttaid ja m\u00e1ilmmi\u00e1rbbi oktavuo\u0111ain.\u00a0 2022 r\u00e1djai lea Norga mielde UNESCO m\u00e1ilmmi\u00e1rbel\u00e1vdegottis. Riikaantikv\u00e1ra jo\u0111iha barggu Norgga \u00e1irrasgotti l\u00e1vdegodd\u00e1i, lagas ovttasbargguin D\u00e1lkk\u00e1dat- ja birasdepartemeanttain ja Birasdirektor\u00e1htain.[\/vc_column_text][\/vc_column][vc_column width=&#8221;1\/3&#8243;]<div class=\"infobox tuftbush\">\n<h3>Oktavuo\u0111a<\/h3>\n<p>&nbsp;<\/p>\n<p><strong>Fitnan\u010dujuhus:<\/strong><\/p>\n<p>Dronningens gate 13 (<a href=\"https:\/\/www.google.no\/maps\/place\/Riksantikvaren\/@59.909509,10.7429039,17z\/data=!3m1!4b1!4m5!3m4!1s0x46416e89aa806787:0xcbc400cdfe45675e!8m2!3d59.909509!4d10.7450979?shorturl=1\" target=\"_blank\" rel=\"noopener\">k\u00e1rta<\/a>)<\/p>\n<p><strong>Boasta\u010dujuhus:<\/strong><\/p>\n<p>Boastaboksa 1483 Vika, Sentrum, 0116 Oslo<\/p>\n<p>Tlf.: 22 94 04 00<\/p><\/div>[\/vc_column][\/vc_row]<\/p>\n<\/div>","protected":false},"excerpt":{"rendered":"<p>[vc_row][vc_column width=&#8221;1\/2&#8243;][\/vc_column][vc_column width=&#8221;1\/2&#8243;][\/vc_column][\/vc_row][vc_row][vc_column width=&#8221;2\/3&#8243;][vc_column_text]Riikaantikv\u00e1ra lea D\u00e1lkk\u00e1dat- ja birasdepartemeantta vuoll\u00e1sa\u0161 direktor\u00e1htta, ja mii leat departemeantta r\u00e1\u0111\u0111eaddit buot \u00e1\u0161\u0161iin mat gusket kulturmuittuide ja kulturbirrasiidda. Riikaantikv\u00e1ra lea bajitd\u00e1si kulturmuitoeisev\u00e1ldi ja das lea ovddasv\u00e1st\u00e1dus bidjat johtui nation\u00e1la kulturmuitopolitihka.\u00a0 Mis&#8230;<\/p>\n","protected":false},"author":1,"featured_media":0,"parent":0,"menu_order":0,"comment_status":"closed","ping_status":"closed","template":"","meta":{"ep_exclude_from_search":false,"footnotes":"","algolia_no_indexing":false,"boosted":0},"coauthors":[445],"class_list":["post-30321","page","type-page","status-publish","hentry"],"acf":[],"_links":{"self":[{"href":"https:\/\/riksantikvaren.no\/se\/wp-json\/wp\/v2\/pages\/30321","targetHints":{"allow":["GET"]}}],"collection":[{"href":"https:\/\/riksantikvaren.no\/se\/wp-json\/wp\/v2\/pages"}],"about":[{"href":"https:\/\/riksantikvaren.no\/se\/wp-json\/wp\/v2\/types\/page"}],"author":[{"embeddable":true,"href":"https:\/\/riksantikvaren.no\/se\/wp-json\/wp\/v2\/users\/1"}],"replies":[{"embeddable":true,"href":"https:\/\/riksantikvaren.no\/se\/wp-json\/wp\/v2\/comments?post=30321"}],"version-history":[{"count":4,"href":"https:\/\/riksantikvaren.no\/se\/wp-json\/wp\/v2\/pages\/30321\/revisions"}],"predecessor-version":[{"id":30667,"href":"https:\/\/riksantikvaren.no\/se\/wp-json\/wp\/v2\/pages\/30321\/revisions\/30667"}],"wp:attachment":[{"href":"https:\/\/riksantikvaren.no\/se\/wp-json\/wp\/v2\/media?parent=30321"}],"wp:term":[{"taxonomy":"author","embeddable":true,"href":"https:\/\/riksantikvaren.no\/se\/wp-json\/wp\/v2\/coauthors?post=30321"}],"curies":[{"name":"wp","href":"https:\/\/api.w.org\/{rel}","templated":true}]}}