{"id":30323,"date":"2020-06-19T14:05:45","date_gmt":"2020-06-19T12:05:45","guid":{"rendered":"https:\/\/www.riksantikvaren.no\/?page_id=30323"},"modified":"2020-06-29T11:50:08","modified_gmt":"2020-06-29T09:50:08","slug":"hanna-geiran","status":"publish","type":"page","link":"https:\/\/riksantikvaren.no\/se\/riikaantikvara-birra\/hanna-geiran\/","title":{"rendered":"riikaantikv\u00e1ran Hanna Geiran"},"content":{"rendered":"<div class=\"wpb-content-wrapper\"><p>[vc_row][vc_column width=&#8221;1\/2&#8243;]<p class=\"categories font-size-xxs default\"><span class=\"category\" id=\"subject\">Riikaantikv\u00e1ra birra<\/span><\/p><div class=\"header left  default\"><h1 class=\"\" id=\"overskift\">Hanna Geiran<\/h1><\/div><div id=\"entrance-ingres\" class=\"entrance-ingres\"><p>Hanna Geiran (r. 1969) nammaduvvui riikaantikv\u00e1ran golggotm\u00e1nu 26.beaivvi 2018:s.\u00a0 Sus lea siviilaarkiteakta oahppu ja lea bargan ie\u0161gu\u0111etl\u00e1gan huksendoaimmaiguin, earret ear\u00e1 antikv\u00e1rala\u0161 divodemiiguin.<\/p><\/div>[\/vc_column][vc_column width=&#8221;1\/2&#8243;]\n\t\t\t<figure class=\"standard-image \">\n\t\t\t\t<a class=\"gallery\" href=\"#image-24864\" title=\"\u00c5pne stort bilde i felles bildegalleri\" data-gallery=\"24864\"><img loading=\"lazy\" decoding=\"async\" width=\"2560\" height=\"1707\" src=\"https:\/\/riksantikvaren.no\/content\/uploads\/2019\/12\/IMG_4864-1-scaled.jpg\" class=\"attachment- size-\" alt=\"Riikaantikv\u00e1ran Hanna Geirana\" srcset=\"https:\/\/riksantikvaren.no\/content\/uploads\/2019\/12\/IMG_4864-1-scaled.jpg 2560w, https:\/\/riksantikvaren.no\/content\/uploads\/2019\/12\/IMG_4864-1-300x200.jpg 300w, https:\/\/riksantikvaren.no\/content\/uploads\/2019\/12\/IMG_4864-1-1024x683.jpg 1024w, https:\/\/riksantikvaren.no\/content\/uploads\/2019\/12\/IMG_4864-1-768x512.jpg 768w, https:\/\/riksantikvaren.no\/content\/uploads\/2019\/12\/IMG_4864-1-1536x1024.jpg 1536w, https:\/\/riksantikvaren.no\/content\/uploads\/2019\/12\/IMG_4864-1-2048x1365.jpg 2048w, https:\/\/riksantikvaren.no\/content\/uploads\/2019\/12\/IMG_4864-1-320x213.jpg 320w, https:\/\/riksantikvaren.no\/content\/uploads\/2019\/12\/IMG_4864-1-420x280.jpg 420w, https:\/\/riksantikvaren.no\/content\/uploads\/2019\/12\/IMG_4864-1-576x384.jpg 576w, https:\/\/riksantikvaren.no\/content\/uploads\/2019\/12\/IMG_4864-1-992x661.jpg 992w, https:\/\/riksantikvaren.no\/content\/uploads\/2019\/12\/IMG_4864-1-1200x800.jpg 1200w, https:\/\/riksantikvaren.no\/content\/uploads\/2019\/12\/IMG_4864-1-1920x1280.jpg 1920w\" sizes=\"auto, (max-width: 2560px) 100vw, 2560px\" title=\"\"><\/a>\n\t\t\t\t<figcaption><strong>Riikaantikv\u00e1ran Hanna Geiran<\/strong>  Foto: \u00d8yvind Aase Fluge, Riksantikvaren<\/figcaption>\n\t\t\t<\/figure>[\/vc_column][\/vc_row][vc_row][vc_column width=&#8221;2\/3&#8243;][vc_column_text]Hanna Geiran lea bargan Riikaantikv\u00e1ran 2005 r\u00e1jes, ja \u0161attai ossodatjo\u0111iheaddjin 2012:s.\u00a0 2014:s \u0161attai son ossodatdirektevra kulturmuitoossodagas. Golggotm\u00e1nu 26.beaivvi 2018:s nammaduvvui son Norgga ovcc\u00e1t riikaantikv\u00e1ran.<\/p>\n<p>2022 r\u00e1dj\u00e1i lea Norga mielde UNESCO m\u00e1ilmmi\u00e1rbel\u00e1vdegottis. Riikaantikv\u00e1ra Hanna Geiran jo\u0111iha Norgga \u00e1irrasgotti l\u00e1vdegotti barggu, lagas ovttasbargguin D\u00e1lkk\u00e1dat- ja birasdepartemeanttain ja Birasdirektor\u00e1htain.[\/vc_column_text][\/vc_column][vc_column width=&#8221;1\/3&#8243;][\/vc_column][\/vc_row]<\/p>\n<\/div>","protected":false},"excerpt":{"rendered":"<p>[vc_row][vc_column width=&#8221;1\/2&#8243;][\/vc_column][vc_column width=&#8221;1\/2&#8243;][\/vc_column][\/vc_row][vc_row][vc_column width=&#8221;2\/3&#8243;][vc_column_text]Hanna Geiran lea bargan Riikaantikv\u00e1ran 2005 r\u00e1jes, ja \u0161attai ossodatjo\u0111iheaddjin 2012:s.\u00a0 2014:s \u0161attai son ossodatdirektevra kulturmuitoossodagas. Golggotm\u00e1nu 26.beaivvi 2018:s nammaduvvui son Norgga ovcc\u00e1t riikaantikv\u00e1ran. 2022 r\u00e1dj\u00e1i lea Norga mielde UNESCO m\u00e1ilmmi\u00e1rbel\u00e1vdegottis. Riikaantikv\u00e1ra&#8230;<\/p>\n","protected":false},"author":1,"featured_media":0,"parent":30321,"menu_order":0,"comment_status":"closed","ping_status":"closed","template":"","meta":{"ep_exclude_from_search":false,"footnotes":"","algolia_no_indexing":false,"boosted":0},"coauthors":[445],"class_list":["post-30323","page","type-page","status-publish","hentry"],"acf":[],"_links":{"self":[{"href":"https:\/\/riksantikvaren.no\/se\/wp-json\/wp\/v2\/pages\/30323","targetHints":{"allow":["GET"]}}],"collection":[{"href":"https:\/\/riksantikvaren.no\/se\/wp-json\/wp\/v2\/pages"}],"about":[{"href":"https:\/\/riksantikvaren.no\/se\/wp-json\/wp\/v2\/types\/page"}],"author":[{"embeddable":true,"href":"https:\/\/riksantikvaren.no\/se\/wp-json\/wp\/v2\/users\/1"}],"replies":[{"embeddable":true,"href":"https:\/\/riksantikvaren.no\/se\/wp-json\/wp\/v2\/comments?post=30323"}],"version-history":[{"count":5,"href":"https:\/\/riksantikvaren.no\/se\/wp-json\/wp\/v2\/pages\/30323\/revisions"}],"predecessor-version":[{"id":30766,"href":"https:\/\/riksantikvaren.no\/se\/wp-json\/wp\/v2\/pages\/30323\/revisions\/30766"}],"up":[{"embeddable":true,"href":"https:\/\/riksantikvaren.no\/se\/wp-json\/wp\/v2\/pages\/30321"}],"wp:attachment":[{"href":"https:\/\/riksantikvaren.no\/se\/wp-json\/wp\/v2\/media?parent=30323"}],"wp:term":[{"taxonomy":"author","embeddable":true,"href":"https:\/\/riksantikvaren.no\/se\/wp-json\/wp\/v2\/coauthors?post=30323"}],"curies":[{"name":"wp","href":"https:\/\/api.w.org\/{rel}","templated":true}]}}