{"id":30325,"date":"2020-06-19T14:24:19","date_gmt":"2020-06-19T12:24:19","guid":{"rendered":"https:\/\/www.riksantikvaren.no\/?page_id=30325"},"modified":"2020-06-25T14:10:41","modified_gmt":"2020-06-25T12:10:41","slug":"kulturmuitohalddaseami-birra","status":"publish","type":"page","link":"https:\/\/riksantikvaren.no\/se\/riikaantikvara-birra\/kulturmuitohalddaseami-birra\/","title":{"rendered":"Kulturmuitoh\u00e1ldda\u0161eami birra"},"content":{"rendered":"<div class=\"wpb-content-wrapper\"><p>[vc_row][vc_column width=&#8221;1\/2&#8243;]<p class=\"categories font-size-xxs default\"><span class=\"category\" id=\"subject\">Riikaantikv\u00e1ra birra<\/span><\/p><div class=\"header left  default\"><h1 class=\"\" id=\"overskift\">Kulturmuitoh\u00e1ldda\u0161eami birra<\/h1><\/div><div id=\"entrance-ingres\" class=\"entrance-ingres\"><p>D\u00e1 lea oanehis bajilgovva kulturmuitoh\u00e1ldda\u0161eami aktevrraide, ovddasv\u00e1st\u00e1dussii ja doaimmaide. D\u00e1ppe g\u00e1vnnat maiddai die\u0111uid rievdadusaide mat leat kulturmuitoh\u00e1ldda\u0161eamis 2020 r\u00e1jes.<\/p><\/div>[\/vc_column][vc_column width=&#8221;1\/2&#8243;]\n\t\t\t<figure class=\"standard-image \">\n\t\t\t\t<a class=\"gallery\" href=\"#image-24872\" title=\"\u00c5pne stort bilde i felles bildegalleri\" data-gallery=\"24872\"><img loading=\"lazy\" decoding=\"async\" width=\"1200\" height=\"800\" src=\"https:\/\/riksantikvaren.no\/content\/uploads\/2019\/12\/Tinden-1.jpg\" class=\"attachment- size-\" alt=\"Tinden handelssted - to bygninger\" srcset=\"https:\/\/riksantikvaren.no\/content\/uploads\/2019\/12\/Tinden-1.jpg 1200w, https:\/\/riksantikvaren.no\/content\/uploads\/2019\/12\/Tinden-1-300x200.jpg 300w, https:\/\/riksantikvaren.no\/content\/uploads\/2019\/12\/Tinden-1-1024x683.jpg 1024w, https:\/\/riksantikvaren.no\/content\/uploads\/2019\/12\/Tinden-1-768x512.jpg 768w, https:\/\/riksantikvaren.no\/content\/uploads\/2019\/12\/Tinden-1-320x213.jpg 320w, https:\/\/riksantikvaren.no\/content\/uploads\/2019\/12\/Tinden-1-420x280.jpg 420w, https:\/\/riksantikvaren.no\/content\/uploads\/2019\/12\/Tinden-1-576x384.jpg 576w, https:\/\/riksantikvaren.no\/content\/uploads\/2019\/12\/Tinden-1-992x661.jpg 992w\" sizes=\"auto, (max-width: 1200px) 100vw, 1200px\" title=\"\"><\/a>\n\t\t\t\t<figcaption><strong>Tinden Handelssted<\/strong>  Foto: Trond A. Isaksen, Riikaantikv\u00e1ra<\/figcaption>\n\t\t\t<\/figure>[\/vc_column][\/vc_row][vc_row][vc_column width=&#8221;2\/3&#8243;][vc_column_text]<\/p>\n<h2>D\u00e1lkk\u00e1dat- ja birasdepartemeanta<\/h2>\n<p>D\u00e1lkk\u00e1dat- ja birasdepartemeanttas lea bajitd\u00e1si ovddasv\u00e1st\u00e1dus Norgga kulturmuittuide ja kulturbirrasiidda.<\/p>\n<h3>Riikaantikv\u00e1ra<\/h3>\n<ul>\n<li>galg\u00e1 bidjat johtui r\u00e1\u0111\u0111ehusa politihka ja r\u00e1hkadit vuo\u0111u politihkkii<\/li>\n<li>galg\u00e1 leat lea D\u00e1lkk\u00e1dat- ja birasdepartemeantta r\u00e1\u0111\u0111eaddi buot \u00e1\u0161\u0161iin mat gusket kulturmuittuide ja kulturbirrasiidda<\/li>\n<li>lea r\u00e1f\u00e1iduhttin-, cealkinv\u00e1ldi- ja v\u00e1iddaeisev\u00e1ldi<\/li>\n<li>lea sierralobieisev\u00e1ldi muhtun v\u00e1lljejuvvon kulturmuittuide.\u00a0 Dat guosk\u00e1 dan njealji stuora gaska\u00e1iggeg\u00e1vpogii ja muhtun visttiide ja rusttegiidda<\/li>\n<li>lea ovddasv\u00e1st\u00e1dus girkoh\u00e1ldda\u0161eapm\u00e1i<\/li>\n<li>lea vuog\u00e1dath\u00e1ldda\u0161eaddji, mii mearkka\u0161a ovddasv\u00e1st\u00e1dus ovddidit digit\u00e1la b\u00e1lvalusaid mat sihkkarastet ovttala\u0161 kulturmuitoh\u00e1ldda\u0161eami ja h\u00e1ldda\u0161it guovdd\u00e1\u0161 die\u0111uid kulturmuittuid birra almmola\u0161 h\u00e1ldda\u0161eamis<\/li>\n<\/ul>\n<h3>Fylkkasuohkan\/S\u00e1mediggi<\/h3>\n<ul>\n<li>lea ovddasv\u00e1st\u00e1dus kulturmuittuide fylkkas ja kulturmuittuide s\u00e1mi guovlluin.<\/li>\n<li>lea ovddasv\u00e1st\u00e1dus v\u00e1ldit vuhtii kulturmuittuid are\u00e1lapl\u00e1nemis dm. fuolahit v\u00e1ldimis vuhtii kulturmuittuid ja &#8211; birrasiid pl\u00e1nemis, maidd\u00e1i suohkand\u00e1sis<\/li>\n<li>lea mearridanv\u00e1ldi kulturmuitol\u00e1ga mielde eanas kulturmuittuide g\u010d. o\u0111\u0111a ovddasv\u00e1st\u00e1dusl\u00e1hka\u00e1sahusa<\/li>\n<li>s\u00e1htt\u00e1 r\u00e1hkkanahttit \u00e1\u0161\u0161iid Riikaantikv\u00e1rii<\/li>\n<li>lea ovddasv\u00e1st\u00e1dus bargui ja jo\u0111ihit barggu region\u00e1la pl\u00e1nastrategiijain, region\u00e1la pl\u00e1naiguin ja pl\u00e1namearr\u00e1dusain.<\/li>\n<\/ul>\n<h3>Suohkanat<\/h3>\n<ul>\n<li>sin ovddasv\u00e1st\u00e1dus lea \u00e1immahu\u0161\u0161at ja l\u00e1h\u010dit dili atnit kulturmuittuid, kulturbirrasiid ja eanadagaid are\u00e1la- ja servodatpl\u00e1nemis. Pl\u00e1na- ja huksenl\u00e1hka lea deh\u00e1leamos juridihkala\u0161 reaidu, muhto suohkanis leat maidd\u00e1i ear\u00e1 v\u00e1ikkuhangaskaoamit, ovdamearkka dihte doarjagat ja opmodatvearu luvven.<\/li>\n<li>muhtun g\u00e1vpotsuohkaniin lea g\u00e1vpotantikv\u00e1ra. Dasa lassin leat muhtun suohkaniin virggit sullasa\u0161 bargguiguin<\/li>\n<\/ul>\n<h3>Arkeologala\u0161 museat<\/h3>\n<p>Arkeologala\u0161 museat leat f\u00e1gala\u0161 r\u00e1\u0111\u0111eaddit Riikaantikv\u00e1rii arkeologala\u0161 kulturmuittuide nann\u00e1mis ja \u010d\u00e1ze vuolde.<\/p>\n<p>Arkeologala\u0161 kulturmuittut lea autom\u00e1htala\u010d\u010dat r\u00e1f\u00e1idahttojuvvon kulturmuitol\u00e1ga mielde. Roggamiid s\u00e1htt\u00e1 du\u0161\u0161e \u010da\u0111ahit go sierralobi oa\u017e\u017eu r\u00e1f\u00e1iduhttinmearr\u00e1dusain.<\/p>\n<p>Arkeologala\u0161 riikaoassemuseat:<\/p>\n<ul>\n<li>Kulturhistorjj\u00e1la\u0161 musea, Oslo Universitehta<\/li>\n<li>Arkeologala\u0161 musea, Stavangera Universitehta<\/li>\n<li>Bergen Universitehtamusea<\/li>\n<li>NTNU die\u0111ala\u0161musea, Troandin<\/li>\n<li>Romssa Musea &#8211; Universitehtamusea<\/li>\n<\/ul>\n<p>D\u00e1in museain lea ovddasv\u00e1st\u00e1dus arkeologiijii \u010d\u00e1ze vuolde:<\/p>\n<ul>\n<li>Norgga Maritiima Musea, Oslo<\/li>\n<li>Musea Stavanger<\/li>\n<li>Vuo\u0111\u0111udus Bergena Mearrajohtolatmusea<\/li>\n<li>NTNU die\u0111ala\u0161musea, Troandin<\/li>\n<li>Romssa Musea &#8211; Universitehtamusea<\/li>\n<\/ul>\n<p>Norgga kulturmuitodutkama instituhtta (NIKU) isk\u00e1 gaska\u00e1iggi arkeologala\u0161 kulturmuittuid. D\u00e1t guosk\u00e1 girkob\u00e1ikkiide, kloastariidda, ladnerusttegiidda ja g\u00e1vcci gaska\u00e1iggeg\u00e1vpogii (Bergen, Hamar, Oslo, Sarpsborg, Skien, Stavanger, Troandin ja T\u00f8nsberg).<\/p>\n<h3>Svalb\u00e1rdda \u00e1\u0161\u0161eolmm\u00e1i<\/h3>\n<p>\u00c1\u0161\u0161eolmm\u00e1i h\u00e1ldda\u0161a kulturmuitosuodjaleami Svalb\u00e1rddas, nu movt svalb\u00e1rddatbirasl\u00e1gas lea mearriduvvon.[\/vc_column_text][\/vc_column][vc_column width=&#8221;1\/3&#8243;][\/vc_column][\/vc_row]<\/p>\n<\/div>","protected":false},"excerpt":{"rendered":"<p>[vc_row][vc_column width=&#8221;1\/2&#8243;][\/vc_column][vc_column width=&#8221;1\/2&#8243;][\/vc_column][\/vc_row][vc_row][vc_column width=&#8221;2\/3&#8243;][vc_column_text] D\u00e1lkk\u00e1dat- ja birasdepartemeanta D\u00e1lkk\u00e1dat- ja birasdepartemeanttas lea bajitd\u00e1si ovddasv\u00e1st\u00e1dus Norgga kulturmuittuide ja kulturbirrasiidda. Riikaantikv\u00e1ra galg\u00e1 bidjat johtui r\u00e1\u0111\u0111ehusa politihka ja r\u00e1hkadit vuo\u0111u politihkkii galg\u00e1 leat lea D\u00e1lkk\u00e1dat- ja birasdepartemeantta r\u00e1\u0111\u0111eaddi buot&#8230;<\/p>\n","protected":false},"author":1,"featured_media":0,"parent":30321,"menu_order":0,"comment_status":"closed","ping_status":"closed","template":"","meta":{"ep_exclude_from_search":false,"footnotes":"","algolia_no_indexing":false,"boosted":0},"coauthors":[445],"class_list":["post-30325","page","type-page","status-publish","hentry"],"acf":[],"_links":{"self":[{"href":"https:\/\/riksantikvaren.no\/se\/wp-json\/wp\/v2\/pages\/30325","targetHints":{"allow":["GET"]}}],"collection":[{"href":"https:\/\/riksantikvaren.no\/se\/wp-json\/wp\/v2\/pages"}],"about":[{"href":"https:\/\/riksantikvaren.no\/se\/wp-json\/wp\/v2\/types\/page"}],"author":[{"embeddable":true,"href":"https:\/\/riksantikvaren.no\/se\/wp-json\/wp\/v2\/users\/1"}],"replies":[{"embeddable":true,"href":"https:\/\/riksantikvaren.no\/se\/wp-json\/wp\/v2\/comments?post=30325"}],"version-history":[{"count":5,"href":"https:\/\/riksantikvaren.no\/se\/wp-json\/wp\/v2\/pages\/30325\/revisions"}],"predecessor-version":[{"id":30668,"href":"https:\/\/riksantikvaren.no\/se\/wp-json\/wp\/v2\/pages\/30325\/revisions\/30668"}],"up":[{"embeddable":true,"href":"https:\/\/riksantikvaren.no\/se\/wp-json\/wp\/v2\/pages\/30321"}],"wp:attachment":[{"href":"https:\/\/riksantikvaren.no\/se\/wp-json\/wp\/v2\/media?parent=30325"}],"wp:term":[{"taxonomy":"author","embeddable":true,"href":"https:\/\/riksantikvaren.no\/se\/wp-json\/wp\/v2\/coauthors?post=30325"}],"curies":[{"name":"wp","href":"https:\/\/api.w.org\/{rel}","templated":true}]}}