{"id":30333,"date":"2020-06-19T15:03:02","date_gmt":"2020-06-19T13:03:02","guid":{"rendered":"https:\/\/www.riksantikvaren.no\/?page_id=30333"},"modified":"2025-05-08T12:32:10","modified_gmt":"2025-05-08T10:32:10","slug":"adapt-northern-heritage","status":"publish","type":"page","link":"https:\/\/riksantikvaren.no\/se\/proseavttat-ja-angirussamat\/adapt-northern-heritage\/","title":{"rendered":"Adapt Northern Heritage"},"content":{"rendered":"<div class=\"wpb-content-wrapper\"><p>[vc_row][vc_column width=&#8221;1\/2&#8243;]<p class=\"categories font-size-xxs default\"><span class=\"category\" id=\"subject\">PRO\u0160EAVTTAT JA \u00c1\u014aGIRU\u0160\u0160AMAT<\/span><\/p><div class=\"header left  default\"><h1 class=\"\" id=\"overskift\">Adapt Northern Heritage<\/h1><\/div><div id=\"entrance-ingres\" class=\"entrance-ingres\"><p>Adapt Northern Heritage (Heivehit kultur\u00e1rbbi davvin) lea ovttasbargopro\u0161eakta gaskal 15 doaibmaoas\u00e1la\u010d\u010da Irl\u00e1nddas, Isl\u00e1nddas, Norggas, Ruo\u0161\u0161as, Skottl\u00e1nddas ja Ruo\u0167as mas mihttun lea ovddidit buorebut h\u00e1ldda\u0161eami kulturmuittuin ja kulturbirrasiin rievdan d\u00e1lkk\u00e1dagas.<\/p><\/div>[\/vc_column][vc_column width=&#8221;1\/2&#8243;]\n\t\t\t<figure class=\"standard-image \">\n\t\t\t\t<a class=\"gallery\" href=\"#image-30669\" title=\"\u00c5pne stort bilde i felles bildegalleri\" data-gallery=\"30669\"><img loading=\"lazy\" decoding=\"async\" width=\"2500\" height=\"1667\" src=\"https:\/\/riksantikvaren.no\/content\/uploads\/2019\/10\/hiorthhamn-utskiping-2.jpg\" class=\"attachment- size-\" alt=\"\" srcset=\"https:\/\/riksantikvaren.no\/content\/uploads\/2019\/10\/hiorthhamn-utskiping-2.jpg 2500w, https:\/\/riksantikvaren.no\/content\/uploads\/2019\/10\/hiorthhamn-utskiping-2-300x200.jpg 300w, https:\/\/riksantikvaren.no\/content\/uploads\/2019\/10\/hiorthhamn-utskiping-2-1024x683.jpg 1024w, https:\/\/riksantikvaren.no\/content\/uploads\/2019\/10\/hiorthhamn-utskiping-2-768x512.jpg 768w, https:\/\/riksantikvaren.no\/content\/uploads\/2019\/10\/hiorthhamn-utskiping-2-1536x1024.jpg 1536w, https:\/\/riksantikvaren.no\/content\/uploads\/2019\/10\/hiorthhamn-utskiping-2-2048x1366.jpg 2048w, https:\/\/riksantikvaren.no\/content\/uploads\/2019\/10\/hiorthhamn-utskiping-2-320x213.jpg 320w, https:\/\/riksantikvaren.no\/content\/uploads\/2019\/10\/hiorthhamn-utskiping-2-420x280.jpg 420w, https:\/\/riksantikvaren.no\/content\/uploads\/2019\/10\/hiorthhamn-utskiping-2-576x384.jpg 576w, https:\/\/riksantikvaren.no\/content\/uploads\/2019\/10\/hiorthhamn-utskiping-2-992x661.jpg 992w, https:\/\/riksantikvaren.no\/content\/uploads\/2019\/10\/hiorthhamn-utskiping-2-1200x800.jpg 1200w, https:\/\/riksantikvaren.no\/content\/uploads\/2019\/10\/hiorthhamn-utskiping-2-1920x1280.jpg 1920w\" sizes=\"auto, (max-width: 2500px) 100vw, 2500px\" title=\"\"><\/a>\n\t\t\t\t<figcaption><strong>Hiorthhamn Utskiping<\/strong>  Foto: Siri Wolland, Riikaantikv\u00e1ra<\/figcaption>\n\t\t\t<\/figure>[\/vc_column][\/vc_row][vc_row][vc_column width=&#8221;2\/3&#8243;][vc_column_text]<\/p>\n<h2>Pro\u0161eavtta duog\u00e1\u0161<\/h2>\n<p>D\u00e1lkk\u00e1dat mii rievd\u00e1 boaht\u00e1 buktit stuora v\u00e1ikkuhusaid kulturmuittuide. Bohtet maid \u0161addat da\u0111istaga eanet h\u00e1stalusat kulturmuittuid ja kulturbirrasiid eaigg\u00e1diidda ja h\u00e1ldda\u0161eddjiide suodjalit kultur\u00e1rbbi.<\/p>\n<p>Stuora geogr\u00e1fala\u0161 viidodat ja sm\u00e1vva b\u00e1ikegottit davvi guovlluin dahk\u00e1 ahte eaigg\u00e1diin, h\u00e1ldda\u0161eddjiin ja eisev\u00e1lddiin leat v\u00e1ttisvuo\u0111at ovddidit gelbbola\u0161vuo\u0111a ja kapasitehta mii d\u00e1rbba\u0161uvvo h\u00e1ldda\u0161it kulturmuittuid ja kulturbirrasiid da\u0111istaga eanet g\u00e1ibideaddji d\u00e1lkk\u00e1dagas.<\/p>\n<p>Vaikko d\u00e1lkk\u00e1dat ja d\u00e1lkk\u00e1datrievdamat leat ie\u0161gu\u0111etl\u00e1ganat eurohp\u00e1la\u0161 regiovnnain davvin , de sidjiide s\u00e1htt\u00e1 ovdamunnin lonohallat \u00e1\u0161\u0161edovdib\u00e1lvalusaid ja v\u00e1s\u00e1husaid go galget pl\u00e1net nanaguoddeva\u0161 heivehandoaimmaid.<\/p>\n<h2>Doaibmabijut<\/h2>\n<p>Pro\u0161eakta \u00e1igu ovddidit:<\/p>\n<ul>\n<li>bargovugiid kulturmuittuid\/kulturbirrasiid riska- ja hearkkesvuo\u0111a\u00e1rvvo\u0161tallamiidda<\/li>\n<li>bargovugiid heivehandoaimmaid pl\u00e1nemii mat vuhtiiv\u00e1ldet kultuvrrala\u0161, ekonomala\u0161, birasla\u0161 ja sosi\u00e1la nanaguoddeva\u0161vuo\u0111a.<\/li>\n<\/ul>\n<p>Bargoneavvu r\u00e1hkaduvvo, geah\u010d\u010daluvvo ja \u010d\u00e1jehuvvo doaibmapl\u00e1naid ovddideami bokte ovcci ie\u0161guhtet kulturmuittus\/kulturbirrasis Isl\u00e1nddas, Irl\u00e1nddas, Norggas, Ruo\u0161\u0161as, Ruo\u0167as ja Skottl\u00e1nddas.<\/p>\n<p>Norggas leat v\u00e1lljejuvvon guokte ovttasbargoguoimmi bohtosiid geah\u010d\u010daleapm\u00e1i ja \u010d\u00e1jeheapm\u00e1i. Dat lea Aurland suohkan ja Svalb\u00e1rdda \u00e1\u0161\u0161eolmm\u00e1i. Aurlandas guorahallojuvvojit Aurlandsdalen ja geassesajit. Svalb\u00e1rddas lea Hiorthhamn, boares ruvkeservodat, mii galg\u00e1 \u00e1rvvo\u0161tallot.<\/p>\n<p>Pro\u0161eakta galg\u00e1 maid ovddidit fierpm\u00e1daga b\u00e1ikk\u00e1la\u0161 aktevrraide main lea ovddasv\u00e1st\u00e1dus kulturmuittuide ja kulturbirrasiidda, oahppama v\u00e1r\u00e1s, jurdagiid lonohallamii ja s\u00e1gastallat movt mii buoremusat v\u00e1ldit v\u00e1ra kultur\u00e1rbbis.<\/p>\n<h2>Pro\u0161eaktaguoimmit<\/h2>\n<p>D\u00e1t pro\u0161eaktaguoimmit oass\u00e1lastet:<\/p>\n<ul>\n<li><a href=\"https:\/\/www.historicenvironment.scot\/\" target=\"_blank\" rel=\"noopener\">Historic Environment Scotland<\/a> (pro\u0161eaktajo\u0111iheaddji)<\/li>\n<li>Riikaantikv\u00e1ra<\/li>\n<li>Minjastofnun \u00cdsland (Cultural Heritage Agency of Iceland)<\/li>\n<li><a href=\"https:\/\/www.niku.no\/\" target=\"_blank\" rel=\"noopener\">Norgga kulturmuitodutkama Instituhtta<\/a> (NINA).<\/li>\n<\/ul>\n<p>Dasa lassin leat ollu ovttasbargoguoimmit, earret ear\u00e1 <a href=\"https:\/\/www.aurland.kommune.no\/\" target=\"_blank\" rel=\"noopener\">Aurland<\/a> suohkan, <a href=\"https:\/\/www.sysselmesteren.no\/om-sysselmesteren\/\" target=\"_blank\" rel=\"noopener\">Svalb\u00e1rdda<\/a> \u00e1\u0161\u0161eolmm\u00e1i ja <a href=\"https:\/\/www.museumnord.no\/\" target=\"_blank\" rel=\"noopener\">Davvi Musea Norggas<\/a> ja <a href=\"https:\/\/www.raa.se\/\" target=\"_blank\" rel=\"noopener\">Riksantikvarie\u00e4mbatet Ruo\u0167as<\/a>.<\/p>\n<p>3-Jagi ovttasbargopro\u0161eavtta lea EO <a href=\"https:\/\/www.interreg-npa.eu\" target=\"_blank\" rel=\"noopener\">Interreg programme for the Northern Periphery and Artic belohahkii ruhtadan.<\/a>[\/vc_column_text][\/vc_column][vc_column width=&#8221;1\/3&#8243;]\n\t\t\t<figure class=\"standard-image no-caption\">\n\t\t\t\t<a class=\"gallery\" href=\"#image-14099\" title=\"\u00c5pne stort bilde i felles bildegalleri\" data-gallery=\"14099\"><img loading=\"lazy\" decoding=\"async\" width=\"1690\" height=\"513\" src=\"https:\/\/riksantikvaren.no\/content\/uploads\/2019\/10\/adaptnorthernhheritage-logo.png\" class=\"attachment- size-\" alt=\"\" srcset=\"https:\/\/riksantikvaren.no\/content\/uploads\/2019\/10\/adaptnorthernhheritage-logo.png 1690w, https:\/\/riksantikvaren.no\/content\/uploads\/2019\/10\/adaptnorthernhheritage-logo-300x91.png 300w, https:\/\/riksantikvaren.no\/content\/uploads\/2019\/10\/adaptnorthernhheritage-logo-768x233.png 768w, https:\/\/riksantikvaren.no\/content\/uploads\/2019\/10\/adaptnorthernhheritage-logo-1024x311.png 1024w, https:\/\/riksantikvaren.no\/content\/uploads\/2019\/10\/adaptnorthernhheritage-logo-320x97.png 320w, https:\/\/riksantikvaren.no\/content\/uploads\/2019\/10\/adaptnorthernhheritage-logo-420x127.png 420w, https:\/\/riksantikvaren.no\/content\/uploads\/2019\/10\/adaptnorthernhheritage-logo-576x175.png 576w, https:\/\/riksantikvaren.no\/content\/uploads\/2019\/10\/adaptnorthernhheritage-logo-992x301.png 992w, https:\/\/riksantikvaren.no\/content\/uploads\/2019\/10\/adaptnorthernhheritage-logo-1200x364.png 1200w\" sizes=\"auto, (max-width: 1690px) 100vw, 1690px\" title=\"\"><\/a>\n\t\t\t\t\n\t\t\t<\/figure><div class=\"infobox tuftbush\"><p><a href=\"http:\/\/adaptnorthernheritage.interreg-npa.eu\/\" target=\"_blank\" rel=\"noopener\">Adapt Northern Heritage<\/a><\/p>\n<p><a href=\"https:\/\/www.interreg-npa.eu\" target=\"_blank\" rel=\"noopener\">Northern Pheriphery and Arctic Programme<\/a><\/p><\/div><div class=\"infobox snowdrift\"><p>V\u00e1ldde minguin oktavuo\u0111a d\u00e1s:<\/p>\n<p>Marte Boro \u2013 <a href=\"mailto:marte.boro@ra.no\">marte.boro@ra.no<\/a><\/p><\/div>[\/vc_column][\/vc_row]<\/p>\n<\/div>","protected":false},"excerpt":{"rendered":"<p>[vc_row][vc_column width=&#8221;1\/2&#8243;][\/vc_column][vc_column width=&#8221;1\/2&#8243;][\/vc_column][\/vc_row][vc_row][vc_column width=&#8221;2\/3&#8243;][vc_column_text] Pro\u0161eavtta duog\u00e1\u0161 D\u00e1lkk\u00e1dat mii rievd\u00e1 boaht\u00e1 buktit stuora v\u00e1ikkuhusaid kulturmuittuide. Bohtet maid \u0161addat da\u0111istaga eanet h\u00e1stalusat kulturmuittuid ja kulturbirrasiid eaigg\u00e1diidda ja h\u00e1ldda\u0161eddjiide suodjalit kultur\u00e1rbbi. Stuora geogr\u00e1fala\u0161 viidodat ja sm\u00e1vva b\u00e1ikegottit davvi&#8230;<\/p>\n","protected":false},"author":1,"featured_media":0,"parent":0,"menu_order":0,"comment_status":"closed","ping_status":"closed","template":"","meta":{"ep_exclude_from_search":false,"footnotes":"","algolia_no_indexing":false,"boosted":0},"coauthors":[445],"class_list":["post-30333","page","type-page","status-publish","hentry"],"acf":[],"_links":{"self":[{"href":"https:\/\/riksantikvaren.no\/se\/wp-json\/wp\/v2\/pages\/30333","targetHints":{"allow":["GET"]}}],"collection":[{"href":"https:\/\/riksantikvaren.no\/se\/wp-json\/wp\/v2\/pages"}],"about":[{"href":"https:\/\/riksantikvaren.no\/se\/wp-json\/wp\/v2\/types\/page"}],"author":[{"embeddable":true,"href":"https:\/\/riksantikvaren.no\/se\/wp-json\/wp\/v2\/users\/1"}],"replies":[{"embeddable":true,"href":"https:\/\/riksantikvaren.no\/se\/wp-json\/wp\/v2\/comments?post=30333"}],"version-history":[{"count":5,"href":"https:\/\/riksantikvaren.no\/se\/wp-json\/wp\/v2\/pages\/30333\/revisions"}],"predecessor-version":[{"id":85666,"href":"https:\/\/riksantikvaren.no\/se\/wp-json\/wp\/v2\/pages\/30333\/revisions\/85666"}],"wp:attachment":[{"href":"https:\/\/riksantikvaren.no\/se\/wp-json\/wp\/v2\/media?parent=30333"}],"wp:term":[{"taxonomy":"author","embeddable":true,"href":"https:\/\/riksantikvaren.no\/se\/wp-json\/wp\/v2\/coauthors?post=30333"}],"curies":[{"name":"wp","href":"https:\/\/api.w.org\/{rel}","templated":true}]}}