{"id":30338,"date":"2020-06-19T15:44:05","date_gmt":"2020-06-19T13:44:05","guid":{"rendered":"https:\/\/www.riksantikvaren.no\/?page_id=30338"},"modified":"2025-12-02T13:42:16","modified_gmt":"2025-12-02T12:42:16","slug":"lahkaortnegat","status":"publish","type":"page","link":"https:\/\/riksantikvaren.no\/se\/lahkaortnegat\/","title":{"rendered":"L\u00e1hkaortnegat"},"content":{"rendered":"<div class=\"wpb-content-wrapper\"><p>[vc_row][vc_column width=&#8221;2\/3&#8243;]<p class=\"categories font-size-xxs default\"><span class=\"category\" id=\"subject\">BAGADUS<\/span><\/p><div class=\"header left  default\"><h1 class=\"\" id=\"overskift\">L\u00e1hkaortnegat<\/h1><\/div>[\/vc_column][vc_column width=&#8221;1\/3&#8243;][\/vc_column][\/vc_row][vc_row equal_height=&#8221;yes&#8221;][vc_column width=&#8221;1\/2&#8243;]<div class=\"infobox tuftbush\">\n<h2>Kulturmuitol\u00e1hka<\/h2>\n<ul>\n<li>L\u00e1hka kulturmuittuid birra (kulturmuitol\u00e1hka) lea guovdd\u00e1\u0161 l\u00e1hkaortnet kulturmuittuid ja kulturbirrasiid suodjaleapm\u00e1i. Garraseamos gaskaoapmi lea r\u00e1f\u00e1iduhttin.<\/li>\n<li>Muhtun f\u00e1sta kulturmuittut leat r\u00e1f\u00e1iduhtton njuolga l\u00e1gas (autom\u00e1htala\u0161 r\u00e1f\u00e1iduhtton kulturmuittut). Das g\u00e1vdno maid l\u00e1hkavuo\u0111\u0111u r\u00e1f\u00e1iduhttit v\u00e1lljejuvvon kulturmuittuid ea\u014bkilmearr\u00e1dusaiguin (mearr\u00e1dusr\u00e1f\u00e1iduhttojuvvon kulturmuittut). Luovos kulturmuittut ja skiipag\u00e1vdnosat leat maid suodjaluvvon l\u00e1gas.<\/li>\n<li>Kulturmuitol\u00e1gas leat earenoam\u00e1\u0161 mearr\u00e1dusat earret ear\u00e1 \u00e1\u0161\u0161emeannudeami, olggos- ja sisafievrredangielddus, ja makk\u00e1r v\u00e1ikkuhusaid vejola\u0161 l\u00e1hkarihkkumat s\u00e1httet mielddisbuktit.<\/li>\n<\/ul>\n<p><a href=\"https:\/\/lovdata.no\/dokument\/NL\/lov\/1978-06-09-50\" target=\"_blank\" rel=\"noopener\">Mana kulturmuitol\u00e1hkii d\u00e1kko<\/a>\u00a0(L\u00e1hkadie\u0111ut)<\/p><\/div>[\/vc_column][vc_column width=&#8221;1\/2&#8243;]<div class=\"infobox tuftbush\">\n<h2>Pl\u00e1na- ja huksenl\u00e1hka<\/h2>\n<ul>\n<li>L\u00e1hka pl\u00e1nema ja huksen\u00e1\u0161\u0161emeannudeami birra (pl\u00e1na- ja huksenl\u00e1hka) lea deh\u00e1leamos gaskaoapmi suohkanii servodat- ja are\u00e1lapl\u00e1nemis.<\/li>\n<li>Suohkan s\u00e1htt\u00e1 sihkkarastit kulturmuittuid, kulturbirrasiid ja eanadagaid go aktiivvala\u010d\u010dat atn\u00e1 daid vejola\u0161vuo\u0111aid maid l\u00e1hka add\u00e1. Sihke are\u00e1laulbmilat, mearr\u00e1dusat ja bero\u0161tusguovllus leat \u00e1igeguovdilis f\u00e1tt\u00e1t.<\/li>\n<li>Pl\u00e1na- ja huksenl\u00e1gas lea pl\u00e1naoassi mas leat mearr\u00e1dusat bajilgovapl\u00e1nema, geatnegahtti are\u00e1lapl\u00e1nema ja v\u00e1ikkuhus\u010dielggademiid birra, ja huksenoassi mas leat mearr\u00e1dusat huksen- ja r\u00e1hkadusbargguid ohcangeatnegasvuo\u0111a, d\u00e1rkkisteami ja dohkkeheami birra.<\/li>\n<\/ul>\n<p><a href=\"https:\/\/lovdata.no\/dokument\/NL\/lov\/2008-06-27-71\" target=\"_blank\" rel=\"noopener\">Mana pl\u00e1na- huksenl\u00e1hkii d\u00e1kko<\/a>\u00a0(L\u00e1hkadie\u0111ut)<\/p><\/div>[\/vc_column][\/vc_row][vc_row equal_height=&#8221;yes&#8221;][vc_column width=&#8221;1\/2&#8243;]<div class=\"infobox catskillwhite\">\n<h3>L\u00e1hka\u00e1sahusat Kulturmuitol\u00e1hka:<\/h3>\n<p><a href=\"https:\/\/lovdata.no\/referanse\/hjemmel?dokID=NL\/lov\/1978-06-09-50\" target=\"_blank\" rel=\"noopener\">Guovdd\u00e1\u0161 l\u00e1hka\u00e1sahusat kulturmuitol\u00e1hkii\u00a0<\/a>(L\u00e1hkadie\u0111ut)<\/p>\n<h3>Njuolggadusat<\/h3>\n<p><a href=\"https:\/\/hdl.handle.net\/11250\/2590683\" target=\"_blank\" rel=\"noopener\">Njuolggadusat v\u00e1idit kulturmuitol\u00e1ga rihkkumiid<\/a><\/p><\/div>[\/vc_column][vc_column width=&#8221;1\/2&#8243;]<div class=\"infobox catskillwhite\">\n<h3>L\u00e1hka\u00e1sahusat Pl\u00e1na- ja huksenl\u00e1hka:<\/h3>\n<p><a href=\"https:\/\/lovdata.no\/sok?q=plan-+og+bygningsloven&amp;filter=SENTRALEFORSKRIFTER\" target=\"_blank\" rel=\"noopener\">Guovdd\u00e1\u0161 l\u00e1hka\u00e1sahusat pl\u00e1na- ja huksenl\u00e1hkii<\/a>\u00a0(L\u00e1hkadie\u0111ut)<\/p>\n<p><a href=\"https:\/\/lovdata.no\/dokument\/LTI\/forskrift\/2014-12-19-1726\" target=\"_blank\" rel=\"noopener\">L\u00e1hka\u00e1sahus v\u00e1ikkuhus\u010dielggademiid birra<\/a>\u00a0(L\u00e1hkadie\u0111ut)<\/p><\/div>[\/vc_column][\/vc_row][vc_row][vc_column]<div class=\"infobox tuftbush\">\n<h2>Ear\u00e1 relev\u00e1nta l\u00e1gat ja l\u00e1hka\u00e1sahusat<\/h2>\n<p>D\u00e1ppe g\u00e1vnnat bajilgova relev\u00e1nta l\u00e1gain ja l\u00e1hka\u00e1sahusain kulturmuitoh\u00e1ldda\u0161eapm\u00e1i.<\/p>\n<\/div>[\/vc_column][\/vc_row][vc_row][vc_column width=&#8221;1\/3&#8243;]<div class=\"infobox tuftbush\"><p><a href=\"http:\/\/lovdata.no\/dokument\/NL\/lov\/2001-06-15-79\" target=\"_blank\" rel=\"noopener\">Svalb\u00e1rda-birasl\u00e1hka<\/a><\/p>\n<p><a href=\"http:\/\/lovdata.no\/dokument\/NL\/lov\/1930-02-27-2\" target=\"_blank\" rel=\"noopener\">L\u00e1hka Jan Mayen birra<\/a><\/p>\n<p>Girkol\u00e1hka<\/p><\/div>[\/vc_column][vc_column width=&#8221;1\/3&#8243;]<div class=\"infobox tuftbush\"><p><a href=\"https:\/\/lovdata.no\/dokument\/NL\/lov\/2009-06-19-100\" target=\"_blank\" rel=\"noopener\">Luondduvalljivuo\u0111al\u00e1hka<\/a><\/p>\n<p><a href=\"http:\/\/lovdata.no\/dokument\/NL\/lov\/1995-05-12-23\" target=\"_blank\" rel=\"noopener\">Eanal\u00e1hka<\/a><\/p>\n<p><a href=\"http:\/\/lovdata.no\/dokument\/NL\/lov\/2005-05-27-31\" target=\"_blank\" rel=\"noopener\">Vuovdedoallol\u00e1hka<\/a><\/p><\/div>[\/vc_column][vc_column width=&#8221;1\/3&#8243;]<div class=\"infobox tuftbush\"><p><a href=\"http:\/\/www.lovdata.no\/all\/nl-19670210-000.html\" target=\"_blank\" rel=\"noopener\">H\u00e1ldda\u0161anl\u00e1hka<\/a><\/p>\n<p><a href=\"http:\/\/lovdata.no\/dokument\/NL\/lov\/2006-05-19-16\" target=\"_blank\" rel=\"noopener\">Almmola\u0161vuo\u0111al\u00e1hka<\/a><\/p>\n<p><a href=\"http:\/\/lovdata.no\/dokument\/NL\/lov\/1996-06-07-32\" target=\"_blank\" rel=\"noopener\">H\u00e1vd\u00e1danl\u00e1hka<\/a><\/p><\/div>[\/vc_column][\/vc_row][vc_row][vc_column]<div class=\"infobox snowdrift\">\n<h2>L\u00e1hka\u00e1sahusat<\/h2>\n<p><a href=\"http:\/\/lovdata.no\/dokument\/SF\/forskrift\/2004-02-04-447\" target=\"_blank\" rel=\"noopener\">L\u00e1hka\u00e1sahus doarjaga birra vuovdedoalu eal\u00e1hus- ja birasdoaimmaide\u00a0<\/a><\/p>\n<p><a href=\"http:\/\/lovdata.no\/dokument\/SF\/forskrift\/2004-02-04-448\" target=\"_blank\" rel=\"noopener\">L\u00e1hka\u00e1sahus doarjaga birra sierral\u00e1gan birasdoaimmaide eanandoalus<\/a><\/p>\n<p>L\u00e1hka\u00e1sahus f\u00e1gala\u0161 ovddasv\u00e1st\u00e1dusjuohkima je. birra kulturmuitol\u00e1ga mielde<\/p>\n<p><a href=\"https:\/\/lovdata.no\/referanse\/hjemmel?dokID=NL\/lov\/1978-06-09-50\" target=\"_blank\" rel=\"noopener\">Guovdd\u00e1\u0161 l\u00e1hka\u00e1sahusat kulturmuitol\u00e1hkii<\/a><\/p>\n<p><a href=\"https:\/\/lovdata.no\/sok?q=plan-+og+bygningsloven&amp;filter=SENTRALEFORSKRIFTER\" target=\"_blank\" rel=\"noopener\">Guovdd\u00e1\u0161 l\u00e1hka\u00e1sahusat pl\u00e1na- ja huksenl\u00e1hkii\u00a0(Lovdata)<\/a><\/p><\/div>[\/vc_column][\/vc_row]<\/p>\n<\/div>","protected":false},"excerpt":{"rendered":"<p>[vc_row][vc_column width=&#8221;2\/3&#8243;][\/vc_column][vc_column width=&#8221;1\/3&#8243;][\/vc_column][\/vc_row][vc_row equal_height=&#8221;yes&#8221;][vc_column width=&#8221;1\/2&#8243;][\/vc_column][vc_column width=&#8221;1\/2&#8243;][\/vc_column][\/vc_row][vc_row equal_height=&#8221;yes&#8221;][vc_column width=&#8221;1\/2&#8243;][\/vc_column][vc_column width=&#8221;1\/2&#8243;][\/vc_column][\/vc_row][vc_row][vc_column][\/vc_column][\/vc_row][vc_row][vc_column width=&#8221;1\/3&#8243;][\/vc_column][vc_column width=&#8221;1\/3&#8243;][\/vc_column][vc_column width=&#8221;1\/3&#8243;][\/vc_column][\/vc_row][vc_row][vc_column][\/vc_column][\/vc_row]<\/p>\n","protected":false},"author":1,"featured_media":0,"parent":0,"menu_order":0,"comment_status":"closed","ping_status":"closed","template":"","meta":{"ep_exclude_from_search":false,"footnotes":"","algolia_no_indexing":false,"boosted":0},"coauthors":[445],"class_list":["post-30338","page","type-page","status-publish","hentry"],"acf":[],"_links":{"self":[{"href":"https:\/\/riksantikvaren.no\/se\/wp-json\/wp\/v2\/pages\/30338","targetHints":{"allow":["GET"]}}],"collection":[{"href":"https:\/\/riksantikvaren.no\/se\/wp-json\/wp\/v2\/pages"}],"about":[{"href":"https:\/\/riksantikvaren.no\/se\/wp-json\/wp\/v2\/types\/page"}],"author":[{"embeddable":true,"href":"https:\/\/riksantikvaren.no\/se\/wp-json\/wp\/v2\/users\/1"}],"replies":[{"embeddable":true,"href":"https:\/\/riksantikvaren.no\/se\/wp-json\/wp\/v2\/comments?post=30338"}],"version-history":[{"count":5,"href":"https:\/\/riksantikvaren.no\/se\/wp-json\/wp\/v2\/pages\/30338\/revisions"}],"predecessor-version":[{"id":102518,"href":"https:\/\/riksantikvaren.no\/se\/wp-json\/wp\/v2\/pages\/30338\/revisions\/102518"}],"wp:attachment":[{"href":"https:\/\/riksantikvaren.no\/se\/wp-json\/wp\/v2\/media?parent=30338"}],"wp:term":[{"taxonomy":"author","embeddable":true,"href":"https:\/\/riksantikvaren.no\/se\/wp-json\/wp\/v2\/coauthors?post=30338"}],"curies":[{"name":"wp","href":"https:\/\/api.w.org\/{rel}","templated":true}]}}