{"id":41260,"date":"2020-02-14T14:17:38","date_gmt":"2020-02-14T13:17:38","guid":{"rendered":"https:\/\/www.riksantikvaren.no\/verdensarv\/bryggen-i-bergen\/"},"modified":"2021-05-05T03:03:27","modified_gmt":"2021-05-05T01:03:27","slug":"bryggen-i-bergen","status":"publish","type":"page","link":"https:\/\/riksantikvaren.no\/se\/mailmmiarbi\/bryggen-bergenis\/","title":{"rendered":"Bryggen Bergenis"},"content":{"rendered":"<div class=\"wpb-content-wrapper\"><p>[vc_row][vc_column width=&#8221;1\/2&#8243;]<p class=\"categories font-size-xxs default\"><span class=\"category\" id=\"subject\">M\u00c1ILMMI\u00c1RBI<\/span><\/p><div class=\"header left  default\"><h1 class=\"\" id=\"overskift\">Bryggen Bergenis<\/h1><\/div><div id=\"entrance-ingres\" class=\"entrance-ingres\"><p>Gaska\u00e1iggis lei Bryggen Bergenis ealas guovdd\u00e1\u0161 riikkaidgaskasa\u0161 g\u00e1vpedoibmii. Mihtilmas viessor\u00e1iddut main doaresseainnit leat meara guvlui leat ovdamearkat arkitektuvrii mii lea g\u00e1vdnon lagabui 900 jagi.<\/p><\/div>[\/vc_column][vc_column width=&#8221;1\/2&#8243;]\n\t\t\t<figure class=\"standard-image \">\n\t\t\t\t<a class=\"gallery\" href=\"#image-21753\" title=\"\u00c5pne stort bilde i felles bildegalleri\" data-gallery=\"21753\"><img loading=\"lazy\" decoding=\"async\" width=\"2560\" height=\"1758\" src=\"https:\/\/riksantikvaren.no\/content\/uploads\/2019\/12\/Bryggen-i-Bergen-verdensarvsted-scaled.jpg\" class=\"attachment- size-\" alt=\"Bildet viser Bryggen i Bergen er et av Norges verdensarvsteder. Fotograf er Arve Kjersheim, Riksantikvaren\" srcset=\"https:\/\/riksantikvaren.no\/content\/uploads\/2019\/12\/Bryggen-i-Bergen-verdensarvsted-scaled.jpg 2560w, https:\/\/riksantikvaren.no\/content\/uploads\/2019\/12\/Bryggen-i-Bergen-verdensarvsted-300x206.jpg 300w, https:\/\/riksantikvaren.no\/content\/uploads\/2019\/12\/Bryggen-i-Bergen-verdensarvsted-1024x703.jpg 1024w, https:\/\/riksantikvaren.no\/content\/uploads\/2019\/12\/Bryggen-i-Bergen-verdensarvsted-768x527.jpg 768w, https:\/\/riksantikvaren.no\/content\/uploads\/2019\/12\/Bryggen-i-Bergen-verdensarvsted-1536x1055.jpg 1536w, https:\/\/riksantikvaren.no\/content\/uploads\/2019\/12\/Bryggen-i-Bergen-verdensarvsted-2048x1406.jpg 2048w, https:\/\/riksantikvaren.no\/content\/uploads\/2019\/12\/Bryggen-i-Bergen-verdensarvsted-320x220.jpg 320w, https:\/\/riksantikvaren.no\/content\/uploads\/2019\/12\/Bryggen-i-Bergen-verdensarvsted-420x288.jpg 420w, https:\/\/riksantikvaren.no\/content\/uploads\/2019\/12\/Bryggen-i-Bergen-verdensarvsted-576x396.jpg 576w, https:\/\/riksantikvaren.no\/content\/uploads\/2019\/12\/Bryggen-i-Bergen-verdensarvsted-992x681.jpg 992w, https:\/\/riksantikvaren.no\/content\/uploads\/2019\/12\/Bryggen-i-Bergen-verdensarvsted-1200x824.jpg 1200w, https:\/\/riksantikvaren.no\/content\/uploads\/2019\/12\/Bryggen-i-Bergen-verdensarvsted-1920x1318.jpg 1920w\" sizes=\"auto, (max-width: 2560px) 100vw, 2560px\" title=\"\"><\/a>\n\t\t\t\t<figcaption><strong>M\u00e1ilmmi\u00e1rbi<\/strong> Bryggen i Bergen er et av Norges verdensarvsteder. Foto: Arve Kjersheim, Riksantikvaren Foto: Arve Kjersheim, Riikkaantikv\u00e1ra <\/figcaption>\n\t\t\t<\/figure>[\/vc_column][\/vc_row][vc_row][vc_column width=&#8221;2\/3&#8243;][vc_column_text]<\/p>\n<h2>Bryggena birra<\/h2>\n<p>\u00c1rbevirola\u0161 muorraarkitektuvra \u010d\u00e1jeha ahte Bergen lea okta dain boarr\u00e1seamos g\u00e1vpeg\u00e1vpogiin Davvi-Eurohp\u00e1s. Bryggen lea \u00e1idna g\u00e1vpeg\u00e1vpot mii lea olggobealde Hanse\u00e1htala\u0161 lihtu mas origin\u00e1la struktuvra lea bisuhuvvon, g\u00e1vpotguovdd\u00e1\u017ea siskkobealde.<\/p>\n<p>Viesut Bryggenis leat huksejuvvon parallealla r\u00e1idduide njuolggo\u010dihkii k\u00e1ijaovdabealis sisa, oktasa\u0161 guji nuppe dahje goappa\u0161 bealde visttiid gaskkas. Dakk\u00e1r struktuvra lea leama\u0161 gaska\u00e1iggi r\u00e1jes. Viesuin ledje sihke \u00e1sodagat, kontuvrrat ja r\u00e1juslanjat riikkaidgaskasa\u0161 goikeguolleg\u00e1vppa\u0161eami v\u00e1ste.<\/p>\n<p>Easka 1900- logus nogai dat \u00e1lgo\u00e1lgosa\u0161 geavaheapmi Bryggen &#8211; guovllus ja nu nogai maiddai 700 &#8211; 800 jagi boares \u00e1rbevierru.<\/p>\n<p>Vaikko ledje ollu g\u00e1vpotbuollimat, de lea visttiid o\u0111\u0111asithuksen\u00a0 dahkkon daid boares opmodatr\u00e1jit siskkobealde. Muorravisttit mat odne leat doppe, leat ceggejuvvon ma\u014b\u014bel 1702 buollima. Ma\u014b\u014bel buollimiid 1955:s ja 1958:s leat su. \u00bc dain \u00e1lgo\u00e1lgosa\u0161 visttiin ain buori st\u00e1nddas.<\/p>\n<h2>M\u00e1ilmmi\u00e1rbi<\/h2>\n<p>Bryggen sisa\u010d\u00e1llojuvvui Unesco m\u00e1ilmmi\u00e1rbelistui 1979:s.[\/vc_column_text][vc_gmaps link=&#8221;#E-8_JTNDaWZyYW1lJTIwc3JjJTNEJTIyaHR0cHMlM0ElMkYlMkZ3d3cuZ29vZ2xlLmNvbSUyRm1hcHMlMkZlbWJlZCUzRnBiJTNEJTIxNHYxNTgxNjgyNzIzOTk0JTIxNm04JTIxMW03JTIxMXNDQW9TTEVGR01WRnBjRTlrZEROek4wcEdWR3d3ZDBkUlpVdFJNSHBtTVVnMmNWOWZlRloyYVVsVlRVZFNRbE0wJTIxMm0yJTIxMWQ2MC4zOTc0OTY3JTIxMmQ1LjMyNDE2MzI5OTk5OTk5OSUyMTNmMCUyMTRmMCUyMTVmMC43ODIwODY1OTc0NjI3NDY5JTIyJTIwd2lkdGglM0QlMjI2MDAlMjIlMjBoZWlnaHQlM0QlMjI0NTAlMjIlMjBmcmFtZWJvcmRlciUzRCUyMjAlMjIlMjBzdHlsZSUzRCUyMmJvcmRlciUzQTAlM0IlMjIlMjBhbGxvd2Z1bGxzY3JlZW4lM0QlMjIlMjIlM0UlM0MlMkZpZnJhbWUlM0U=&#8221; title=&#8221;Oahp\u00e1snuva m\u00e1ilmmi\u00e1rbeguvlui:&#8221;][vc_column_text]<\/p>\n<h2>Bl\u00e1\u0111e govaid mat leat govvejuvvon Bergena Bryggenis<\/h2>\n<p>[\/vc_column_text]\t\t<div class=\"swiper-container\">\n\t\t\t\t\t\t<div class=\"swiper-wrapper\">\n\t\t\t\t<div class=\"swiper-slide equal-height\"><a class=\"gallery\" href=\"#image-21271\" title=\"\u00c5pne stort bilde i felles bildegalleri\" data-gallery=\"21271\"><img loading=\"lazy\" decoding=\"async\" width=\"992\" height=\"558\" src=\"https:\/\/riksantikvaren.no\/content\/uploads\/2019\/12\/Bryggen-i-Bergen-992x558.jpg\" class=\"attachment-img-lg size-img-lg\" alt=\"\" style=\"max-height:400px\" srcset=\"https:\/\/riksantikvaren.no\/content\/uploads\/2019\/12\/Bryggen-i-Bergen-992x558.jpg 992w, https:\/\/riksantikvaren.no\/content\/uploads\/2019\/12\/Bryggen-i-Bergen-300x169.jpg 300w, https:\/\/riksantikvaren.no\/content\/uploads\/2019\/12\/Bryggen-i-Bergen-1024x576.jpg 1024w, https:\/\/riksantikvaren.no\/content\/uploads\/2019\/12\/Bryggen-i-Bergen-768x432.jpg 768w, https:\/\/riksantikvaren.no\/content\/uploads\/2019\/12\/Bryggen-i-Bergen-1536x864.jpg 1536w, https:\/\/riksantikvaren.no\/content\/uploads\/2019\/12\/Bryggen-i-Bergen-320x180.jpg 320w, https:\/\/riksantikvaren.no\/content\/uploads\/2019\/12\/Bryggen-i-Bergen-420x236.jpg 420w, https:\/\/riksantikvaren.no\/content\/uploads\/2019\/12\/Bryggen-i-Bergen-576x324.jpg 576w, https:\/\/riksantikvaren.no\/content\/uploads\/2019\/12\/Bryggen-i-Bergen-1200x675.jpg 1200w, https:\/\/riksantikvaren.no\/content\/uploads\/2019\/12\/Bryggen-i-Bergen.jpg 1920w\" sizes=\"auto, (max-width: 992px) 100vw, 992px\" title=\"\"><\/a><div class=\"caption\"><strong>Bryggen Bergenis:<\/strong> Illustrasjon: Bryggen i Bergen var et av omr\u00e5dene i konsekvensutredningen om bybanen fra Bergen sentrum til \u00c5sane.  <br><strong>Foto:<\/strong> Riikkaantikv\u00e1ra<\/div><\/div><div class=\"swiper-slide equal-height\"><a class=\"gallery\" href=\"#image-9384\" title=\"\u00c5pne stort bilde i felles bildegalleri\" data-gallery=\"9384\"><img loading=\"lazy\" decoding=\"async\" width=\"992\" height=\"659\" src=\"https:\/\/riksantikvaren.no\/content\/uploads\/2019\/10\/bryggen-i-bergen_sommer-992x659.jpg\" class=\"attachment-img-lg size-img-lg\" alt=\"Bryggen i Bergen er ett av de norske stedene som st\u00e5r p\u00e5 UNESCOs verdensarvliste. Foto: Anders Amlo Riksantikvaren\" style=\"max-height:400px\" srcset=\"https:\/\/riksantikvaren.no\/content\/uploads\/2019\/10\/bryggen-i-bergen_sommer-992x659.jpg 992w, https:\/\/riksantikvaren.no\/content\/uploads\/2019\/10\/bryggen-i-bergen_sommer-300x199.jpg 300w, https:\/\/riksantikvaren.no\/content\/uploads\/2019\/10\/bryggen-i-bergen_sommer-768x510.jpg 768w, https:\/\/riksantikvaren.no\/content\/uploads\/2019\/10\/bryggen-i-bergen_sommer-1024x680.jpg 1024w, https:\/\/riksantikvaren.no\/content\/uploads\/2019\/10\/bryggen-i-bergen_sommer-320x213.jpg 320w, https:\/\/riksantikvaren.no\/content\/uploads\/2019\/10\/bryggen-i-bergen_sommer-420x279.jpg 420w, https:\/\/riksantikvaren.no\/content\/uploads\/2019\/10\/bryggen-i-bergen_sommer-576x383.jpg 576w, https:\/\/riksantikvaren.no\/content\/uploads\/2019\/10\/bryggen-i-bergen_sommer-1200x797.jpg 1200w, https:\/\/riksantikvaren.no\/content\/uploads\/2019\/10\/bryggen-i-bergen_sommer.jpg 1626w\" sizes=\"auto, (max-width: 992px) 100vw, 992px\" title=\"\"><\/a><div class=\"caption\"><strong>Geassi, Bryggenis Bergenis:<\/strong> Bryggen i Bergen er ett av de norske stedene som st\u00e5r p\u00e5 UNESCOs verdensarvliste. <br><strong>Foto:<\/strong> Anders Amlo, Riikkaantikv\u00e1ra <\/div><\/div><div class=\"swiper-slide equal-height\"><a class=\"gallery\" href=\"#image-6330\" title=\"\u00c5pne stort bilde i felles bildegalleri\" data-gallery=\"6330\"><img loading=\"lazy\" decoding=\"async\" width=\"992\" height=\"657\" src=\"https:\/\/riksantikvaren.no\/content\/uploads\/2019\/10\/bryggen-i-bergen-992x657.png\" class=\"attachment-img-lg size-img-lg\" alt=\"\" style=\"max-height:400px\" srcset=\"https:\/\/riksantikvaren.no\/content\/uploads\/2019\/10\/bryggen-i-bergen-992x657.png 992w, https:\/\/riksantikvaren.no\/content\/uploads\/2019\/10\/bryggen-i-bergen-300x199.png 300w, https:\/\/riksantikvaren.no\/content\/uploads\/2019\/10\/bryggen-i-bergen-768x509.png 768w, https:\/\/riksantikvaren.no\/content\/uploads\/2019\/10\/bryggen-i-bergen-1024x678.png 1024w, https:\/\/riksantikvaren.no\/content\/uploads\/2019\/10\/bryggen-i-bergen-320x212.png 320w, https:\/\/riksantikvaren.no\/content\/uploads\/2019\/10\/bryggen-i-bergen-420x278.png 420w, https:\/\/riksantikvaren.no\/content\/uploads\/2019\/10\/bryggen-i-bergen-576x382.png 576w, https:\/\/riksantikvaren.no\/content\/uploads\/2019\/10\/bryggen-i-bergen.png 1200w\" sizes=\"auto, (max-width: 992px) 100vw, 992px\" title=\"\"><\/a><div class=\"caption\"><strong>Bryggen Bergenis<\/strong>  <br><strong>Foto:<\/strong> Riikkaantikv\u00e1ra <\/div><\/div><div class=\"swiper-slide equal-height\"><a class=\"gallery\" href=\"#image-6324\" title=\"\u00c5pne stort bilde i felles bildegalleri\" data-gallery=\"6324\"><img loading=\"lazy\" decoding=\"async\" width=\"988\" height=\"992\" src=\"https:\/\/riksantikvaren.no\/content\/uploads\/2019\/10\/brann-i-bergen-988x992.jpg\" class=\"attachment-img-lg size-img-lg\" alt=\"Etter brannen i Finneg\u00e5rden i 1982 Bryggen i Bergen. Foto Arve Kjersheim \/ Riksantikvaren\" style=\"max-height:400px\" srcset=\"https:\/\/riksantikvaren.no\/content\/uploads\/2019\/10\/brann-i-bergen-988x992.jpg 988w, https:\/\/riksantikvaren.no\/content\/uploads\/2019\/10\/brann-i-bergen-150x150.jpg 150w, https:\/\/riksantikvaren.no\/content\/uploads\/2019\/10\/brann-i-bergen-300x300.jpg 300w, https:\/\/riksantikvaren.no\/content\/uploads\/2019\/10\/brann-i-bergen-768x771.jpg 768w, https:\/\/riksantikvaren.no\/content\/uploads\/2019\/10\/brann-i-bergen-1020x1024.jpg 1020w, https:\/\/riksantikvaren.no\/content\/uploads\/2019\/10\/brann-i-bergen-320x320.jpg 320w, https:\/\/riksantikvaren.no\/content\/uploads\/2019\/10\/brann-i-bergen-418x420.jpg 418w, https:\/\/riksantikvaren.no\/content\/uploads\/2019\/10\/brann-i-bergen-574x576.jpg 574w, https:\/\/riksantikvaren.no\/content\/uploads\/2019\/10\/brann-i-bergen-765x768.jpg 765w, https:\/\/riksantikvaren.no\/content\/uploads\/2019\/10\/brann-i-bergen-1195x1200.jpg 1195w, https:\/\/riksantikvaren.no\/content\/uploads\/2019\/10\/brann-i-bergen-1913x1920.jpg 1913w\" sizes=\"auto, (max-width: 988px) 100vw, 988px\" title=\"\"><\/a><div class=\"caption\"><strong>Buollimat Bergenis:<\/strong> <p>Etter brannen i Finneg\u00e5rden i 1982 Bryggen i Bergen <br><strong>Foto:<\/strong> Arve Kjersheim, Riikkaantikv\u00e1ra<\/div><\/div><div class=\"swiper-slide equal-height\"><a class=\"gallery\" href=\"#image-6018\" title=\"\u00c5pne stort bilde i felles bildegalleri\" data-gallery=\"6018\"><img loading=\"lazy\" decoding=\"async\" width=\"992\" height=\"649\" src=\"https:\/\/riksantikvaren.no\/content\/uploads\/2019\/10\/demonstrasjonstog-for-riving-av-bryggen-i-bergen-992x649.jpg\" class=\"attachment-img-lg size-img-lg\" alt=\"Demonstrasjonstog for riving av Bryggen i Bergen i 1945\/46. Rundt 1900 etter andre verdenskrig og p\u00e5 1950-tallet ville bergenserne rive \u00abtyskebryggen\u00bb. I dag regnes Bryggen i Bergen som en nasjonalskatt og er innskrevet p\u00e5 UNESCOs liste over verdens kulturarv (World Heritage List) og er et av Norges fremste turistm\u00e5l. Foto: ukjent \/ Riksantikvaren\" style=\"max-height:400px\" srcset=\"https:\/\/riksantikvaren.no\/content\/uploads\/2019\/10\/demonstrasjonstog-for-riving-av-bryggen-i-bergen-992x649.jpg 992w, https:\/\/riksantikvaren.no\/content\/uploads\/2019\/10\/demonstrasjonstog-for-riving-av-bryggen-i-bergen-300x196.jpg 300w, https:\/\/riksantikvaren.no\/content\/uploads\/2019\/10\/demonstrasjonstog-for-riving-av-bryggen-i-bergen-768x503.jpg 768w, https:\/\/riksantikvaren.no\/content\/uploads\/2019\/10\/demonstrasjonstog-for-riving-av-bryggen-i-bergen-1024x670.jpg 1024w, https:\/\/riksantikvaren.no\/content\/uploads\/2019\/10\/demonstrasjonstog-for-riving-av-bryggen-i-bergen-320x209.jpg 320w, https:\/\/riksantikvaren.no\/content\/uploads\/2019\/10\/demonstrasjonstog-for-riving-av-bryggen-i-bergen-420x275.jpg 420w, https:\/\/riksantikvaren.no\/content\/uploads\/2019\/10\/demonstrasjonstog-for-riving-av-bryggen-i-bergen-576x377.jpg 576w, https:\/\/riksantikvaren.no\/content\/uploads\/2019\/10\/demonstrasjonstog-for-riving-av-bryggen-i-bergen-1200x785.jpg 1200w, https:\/\/riksantikvaren.no\/content\/uploads\/2019\/10\/demonstrasjonstog-for-riving-av-bryggen-i-bergen.jpg 1650w\" sizes=\"auto, (max-width: 992px) 100vw, 992px\" title=\"\"><\/a><div class=\"caption\"><strong>Sii geat \u00e1igo gaikkodit Bryggena Bergenis v\u00e1zze demonstra\u0161uvdnatoga<\/strong> Demonstrasjonstog for riving av Bryggen i Bergen i 1945\/46. Rundt 1900 etter andre verdenskrig og p\u00e5 1950-tallet ville bergenserne rive \u00abtyskebryggen\u00bb. I dag regnes Bryggen i Bergen som en nasjonalskatt og er innskrevet p\u00e5 UNESCOs liste over verdens kulturarv (World Heritage List) og er et av Norges fremste turistm\u00e5l. Foto: ukjent \/ Riksantikvaren<\/p> <br><strong>Foto:<\/strong> Riikkaantikv\u00e1ra <\/div><\/div><div class=\"swiper-slide equal-height\"><a class=\"gallery\" href=\"#image-2094\" title=\"\u00c5pne stort bilde i felles bildegalleri\" data-gallery=\"2094\"><img loading=\"lazy\" decoding=\"async\" width=\"852\" height=\"992\" src=\"https:\/\/riksantikvaren.no\/content\/uploads\/2019\/10\/bryggen-reddes-med-nye-metoder-852x992.jpg\" class=\"attachment-img-lg size-img-lg\" alt=\"\" style=\"max-height:400px\" srcset=\"https:\/\/riksantikvaren.no\/content\/uploads\/2019\/10\/bryggen-reddes-med-nye-metoder-852x992.jpg 852w, https:\/\/riksantikvaren.no\/content\/uploads\/2019\/10\/bryggen-reddes-med-nye-metoder-258x300.jpg 258w, https:\/\/riksantikvaren.no\/content\/uploads\/2019\/10\/bryggen-reddes-med-nye-metoder-880x1024.jpg 880w, https:\/\/riksantikvaren.no\/content\/uploads\/2019\/10\/bryggen-reddes-med-nye-metoder-768x894.jpg 768w, https:\/\/riksantikvaren.no\/content\/uploads\/2019\/10\/bryggen-reddes-med-nye-metoder-275x320.jpg 275w, https:\/\/riksantikvaren.no\/content\/uploads\/2019\/10\/bryggen-reddes-med-nye-metoder-361x420.jpg 361w, https:\/\/riksantikvaren.no\/content\/uploads\/2019\/10\/bryggen-reddes-med-nye-metoder-495x576.jpg 495w, https:\/\/riksantikvaren.no\/content\/uploads\/2019\/10\/bryggen-reddes-med-nye-metoder-660x768.jpg 660w, https:\/\/riksantikvaren.no\/content\/uploads\/2019\/10\/bryggen-reddes-med-nye-metoder.jpg 885w\" sizes=\"auto, (max-width: 852px) 100vw, 852px\" title=\"\"><\/a><div class=\"caption\"><strong><\/strong> Bryggen i Bergen reddes med nye metoder <br><strong>Foto:<\/strong> Anette Ramstad, Riikkaantikv\u00e1ra <\/div><\/div>\t\t\t<\/div>\n\t\t\t<div class=\"swiper-pagination\"><\/div>\n\t\t\t\t\t\t\t\n\t\t\t<div class=\"swiper-button-next\"><\/div>\n\t\t\t<div class=\"swiper-button-prev\"><\/div>\t\t\t\t\t<\/div>\n\t\t[\/vc_column][vc_column width=&#8221;1\/3&#8243;][vc_gmaps link=&#8221;#E-8_JTNDaWZyYW1lJTIwc3JjJTNEJTIyaHR0cHMlM0ElMkYlMkZ3d3cuZ29vZ2xlLmNvbSUyRm1hcHMlMkZkJTJGdSUyRjElMkZlbWJlZCUzRm1pZCUzRDFQTWJzRkpGNnE2anNGUTEybUhQU1hSM1JKSWZxZGZTUiUyMiUyMHdpZHRoJTNEJTIyNjQwJTIyJTIwaGVpZ2h0JTNEJTIyNDgwJTIyJTNFJTNDJTJGaWZyYW1lJTNF&#8221;][\/vc_column][\/vc_row]<\/p>\n<\/div>","protected":false},"excerpt":{"rendered":"<p>[vc_row][vc_column width=&#8221;1\/2&#8243;][\/vc_column][vc_column width=&#8221;1\/2&#8243;][\/vc_column][\/vc_row][vc_row][vc_column width=&#8221;2\/3&#8243;][vc_column_text] Bryggena birra \u00c1rbevirola\u0161 muorraarkitektuvra \u010d\u00e1jeha ahte Bergen lea okta dain boarr\u00e1seamos g\u00e1vpeg\u00e1vpogiin Davvi-Eurohp\u00e1s. Bryggen lea \u00e1idna g\u00e1vpeg\u00e1vpot mii lea olggobealde Hanse\u00e1htala\u0161 lihtu mas origin\u00e1la struktuvra lea bisuhuvvon, g\u00e1vpotguovdd\u00e1\u017ea siskkobealde. Viesut Bryggenis&#8230;<\/p>\n","protected":false},"author":13,"featured_media":0,"parent":40977,"menu_order":0,"comment_status":"closed","ping_status":"closed","template":"","meta":{"ep_exclude_from_search":false,"footnotes":"","algolia_no_indexing":false,"boosted":0},"coauthors":[495,444],"class_list":["post-41260","page","type-page","status-publish","hentry"],"acf":[],"_links":{"self":[{"href":"https:\/\/riksantikvaren.no\/se\/wp-json\/wp\/v2\/pages\/41260","targetHints":{"allow":["GET"]}}],"collection":[{"href":"https:\/\/riksantikvaren.no\/se\/wp-json\/wp\/v2\/pages"}],"about":[{"href":"https:\/\/riksantikvaren.no\/se\/wp-json\/wp\/v2\/types\/page"}],"author":[{"embeddable":true,"href":"https:\/\/riksantikvaren.no\/se\/wp-json\/wp\/v2\/users\/13"}],"replies":[{"embeddable":true,"href":"https:\/\/riksantikvaren.no\/se\/wp-json\/wp\/v2\/comments?post=41260"}],"version-history":[{"count":5,"href":"https:\/\/riksantikvaren.no\/se\/wp-json\/wp\/v2\/pages\/41260\/revisions"}],"predecessor-version":[{"id":41482,"href":"https:\/\/riksantikvaren.no\/se\/wp-json\/wp\/v2\/pages\/41260\/revisions\/41482"}],"up":[{"embeddable":true,"href":"https:\/\/riksantikvaren.no\/se\/wp-json\/wp\/v2\/pages\/40977"}],"wp:attachment":[{"href":"https:\/\/riksantikvaren.no\/se\/wp-json\/wp\/v2\/media?parent=41260"}],"wp:term":[{"taxonomy":"author","embeddable":true,"href":"https:\/\/riksantikvaren.no\/se\/wp-json\/wp\/v2\/coauthors?post=41260"}],"curies":[{"name":"wp","href":"https:\/\/api.w.org\/{rel}","templated":true}]}}