{"id":41270,"date":"2020-02-17T12:47:25","date_gmt":"2020-02-17T11:47:25","guid":{"rendered":"https:\/\/www.riksantikvaren.no\/verdensarv\/struves-meridianbue\/"},"modified":"2021-04-30T19:26:37","modified_gmt":"2021-04-30T17:26:37","slug":"struves-meridianbue","status":"publish","type":"page","link":"https:\/\/riksantikvaren.no\/se\/mailmmiarbi\/struve-meridianagierddus\/","title":{"rendered":"Struve meridi\u00e1nagierddus (Struves meridianbue)"},"content":{"rendered":"<div class=\"wpb-content-wrapper\"><p>[vc_row][vc_column width=&#8221;1\/2&#8243;]<p class=\"categories font-size-xxs default\"><span class=\"category\" id=\"subject\">M\u00c1ILMMI\u00c1RBI<\/span><\/p><div class=\"header left  default\"><h1 class=\"\" id=\"overskift\">Njeallje \u010duogg\u00e1 Struve meridi\u00e1nagierddus<\/h1><\/div><div id=\"entrance-ingres\" class=\"entrance-ingres\"><p>Struve meridi\u00e1nagierdu lei dat vuostta\u0161 stuora ja viiddis, die\u0111ala\u0161 mihtideapmi Eurohp\u00e1s. Dat \u010da\u0111ahuvvui 1816 &#8211; 1852 \u00e1igodagas, Friedrich Georg Wilhelm Struve jo\u0111ihemiin. Meridi\u00e1nagierdu lei erenoam\u00e1\u0161 viidodaga ja kvalitehta d\u00e1fus, ja ovddastii deh\u00e1la\u0161 elemeantta geodie\u0111ala\u0161 historjj\u00e1s.<\/p><\/div>[\/vc_column][vc_column width=&#8221;1\/2&#8243;]\n\t\t\t<figure class=\"standard-image \">\n\t\t\t\t<a class=\"gallery\" href=\"#image-9438\" title=\"\u00c5pne stort bilde i felles bildegalleri\" data-gallery=\"9438\"><img loading=\"lazy\" decoding=\"async\" width=\"2991\" height=\"2023\" src=\"https:\/\/riksantikvaren.no\/content\/uploads\/2019\/10\/struve-i-moerketiden.jpg\" class=\"attachment- size-\" alt=\"\" srcset=\"https:\/\/riksantikvaren.no\/content\/uploads\/2019\/10\/struve-i-moerketiden.jpg 2991w, https:\/\/riksantikvaren.no\/content\/uploads\/2019\/10\/struve-i-moerketiden-300x203.jpg 300w, https:\/\/riksantikvaren.no\/content\/uploads\/2019\/10\/struve-i-moerketiden-768x519.jpg 768w, https:\/\/riksantikvaren.no\/content\/uploads\/2019\/10\/struve-i-moerketiden-1024x693.jpg 1024w, https:\/\/riksantikvaren.no\/content\/uploads\/2019\/10\/struve-i-moerketiden-320x216.jpg 320w, https:\/\/riksantikvaren.no\/content\/uploads\/2019\/10\/struve-i-moerketiden-420x284.jpg 420w, https:\/\/riksantikvaren.no\/content\/uploads\/2019\/10\/struve-i-moerketiden-576x390.jpg 576w, https:\/\/riksantikvaren.no\/content\/uploads\/2019\/10\/struve-i-moerketiden-992x671.jpg 992w, https:\/\/riksantikvaren.no\/content\/uploads\/2019\/10\/struve-i-moerketiden-1200x812.jpg 1200w, https:\/\/riksantikvaren.no\/content\/uploads\/2019\/10\/struve-i-moerketiden-1920x1299.jpg 1920w\" sizes=\"auto, (max-width: 2991px) 100vw, 2991px\" title=\"\"><\/a>\n\t\t\t\t<figcaption><strong>Struve i m\u00f8rketiden.<\/strong> Statuen i Hammerfest markerer det nordligste punktet av Stuvemeridianen p\u00e5 fastlandet. Foto: Zenisk<\/figcaption>\n\t\t\t<\/figure>[\/vc_column][\/vc_row][vc_row][vc_column width=&#8221;2\/3&#8243;][vc_column_text]<\/p>\n<h2>Meridi\u00e1nagierdu<\/h2>\n<p>Meridi\u00e1nagierdu mihtiduvvui tri\u00e1\u014bgelvi\u0111jjiin mii mann\u00e1 \u010c\u00e1hppes\u00e1bis H\u00e1mm\u00e1rfestii. Njeallje mihtidan\u010duogg\u00e1 Finnm\u00e1rkkus. Gierdu mann\u00e1 logi riikka \u010da\u0111a: Norga, Ruo\u0167\u0167a, Suopma; Ruo\u0161\u0161a, Estland, Latvia, Lietuva, Vilgesruo\u0161\u0161a,\u00a0Moldova ja Ukraina.<\/p>\n<p>Struve mihtideapmi bisttii badjel 100 jagi, gitta dass\u00e1\u017eiigo teknologiija dagai dan vejola\u017e\u017ean mihtidit astronomala\u0161 ja satelihttavu\u0111ot presi\u0161uvdnamihtidemiiguin.<\/p>\n<p>Struve meridi\u00e1nagierdu lei vuostta\u0161 teknihkala\u0161 &#8211; die\u0111ala\u0161 kulturobjeakta mii \u010d\u00e1llojuvvui UNESCO m\u00e1ilmmi\u00e1rbelistui. Dat lei maiddai dat vuostta\u0161 transnation\u00e1la sisa\u010d\u00e1liheapmi mii f\u00e1tmmasta eambbogo guokte riikka.<\/p>\n<p>Struve meridi\u00e1nagierdu \u010d\u00e1llojuvvui Unesco m\u00e1ilmmi\u00e1rbelistui 2005:s.[\/vc_column_text][vc_gmaps link=&#8221;#E-8_JTNDaWZyYW1lJTIwc3JjJTNEJTIyaHR0cHMlM0ElMkYlMkZ3d3cuZ29vZ2xlLmNvbSUyRm1hcHMlMkZlbWJlZCUzRnBiJTNEJTIxNHYxNTgxOTM5OTQ3MDkyJTIxNm04JTIxMW03JTIxMXNDQW9TTEVGR01WRnBjRTVqU0VaQlpTMVBWM1F3VTFRMVpsOHplVWt4T0ZwdlRsVkVNME5oTjJnemJrWTBTVVE1JTIxMm0yJTIxMWQ3MC42NzAwMjc2OTk5OTk5OSUyMTJkMjMuNjYzMzc0NSUyMTNmNi44MzM1NjM1NzU1NTkyNzUlMjE0ZjExLjA3NTM0MjA3NTkwMDE1MyUyMTVmMC43ODIwODY1OTc0NjI3NDY5JTIyJTIwd2lkdGglM0QlMjI2MDAlMjIlMjBoZWlnaHQlM0QlMjI0NTAlMjIlMjBmcmFtZWJvcmRlciUzRCUyMjAlMjIlMjBzdHlsZSUzRCUyMmJvcmRlciUzQTAlM0IlMjIlMjBhbGxvd2Z1bGxzY3JlZW4lM0QlMjIlMjIlM0UlM0MlMkZpZnJhbWUlM0U=&#8221; title=&#8221;Oahp\u00e1snuva H\u00e1mm\u00e1rfeastta meridi\u00e1nab\u00e1zz\u00e1i:&#8221;][vc_column_text]<\/p>\n<h2>Bl\u00e1\u0111e govaid mat leat v\u00e1ldon Struve meridi\u00e1nagierddus<\/h2>\n<p>[\/vc_column_text]\t\t<div class=\"swiper-container\">\n\t\t\t\t\t\t<div class=\"swiper-wrapper\">\n\t\t\t\t<div class=\"swiper-slide equal-height\"><a class=\"gallery\" href=\"#image-798\" title=\"\u00c5pne stort bilde i felles bildegalleri\" data-gallery=\"798\"><img loading=\"lazy\" decoding=\"async\" width=\"992\" height=\"651\" src=\"https:\/\/riksantikvaren.no\/content\/uploads\/2019\/10\/maalingspunkt-for-struves-meridianbue-i-fuglenes-992x651.jpg\" class=\"attachment-img-lg size-img-lg\" alt=\"Fire av m\u00e5lepunktene p\u00e5 Struves meridianbue som ble innskrevet p\u00e5 Unescos verdensarvliste i 2005 ligger i Finnmark. P\u00e5 bildet ser du meridianst\u00f8tten p\u00e5 Fuglenes i Hammerfest som ble oppf\u00f8rt i 1854. Foto: Mittet @Riksantikvaren\" style=\"max-height:400px\" srcset=\"https:\/\/riksantikvaren.no\/content\/uploads\/2019\/10\/maalingspunkt-for-struves-meridianbue-i-fuglenes-992x651.jpg 992w, https:\/\/riksantikvaren.no\/content\/uploads\/2019\/10\/maalingspunkt-for-struves-meridianbue-i-fuglenes-300x197.jpg 300w, https:\/\/riksantikvaren.no\/content\/uploads\/2019\/10\/maalingspunkt-for-struves-meridianbue-i-fuglenes-1024x672.jpg 1024w, https:\/\/riksantikvaren.no\/content\/uploads\/2019\/10\/maalingspunkt-for-struves-meridianbue-i-fuglenes-768x504.jpg 768w, https:\/\/riksantikvaren.no\/content\/uploads\/2019\/10\/maalingspunkt-for-struves-meridianbue-i-fuglenes-320x210.jpg 320w, https:\/\/riksantikvaren.no\/content\/uploads\/2019\/10\/maalingspunkt-for-struves-meridianbue-i-fuglenes-420x275.jpg 420w, https:\/\/riksantikvaren.no\/content\/uploads\/2019\/10\/maalingspunkt-for-struves-meridianbue-i-fuglenes-576x378.jpg 576w, https:\/\/riksantikvaren.no\/content\/uploads\/2019\/10\/maalingspunkt-for-struves-meridianbue-i-fuglenes.jpg 1200w\" sizes=\"auto, (max-width: 992px) 100vw, 992px\" title=\"\"><\/a><div class=\"caption\"><strong>M\u00e5lingspunkt for Struves meridianbue p\u00e5 Fuglenes.<\/strong> Fire av m\u00e5lepunktene p\u00e5 Struves meridianbue som ble innskrevet p\u00e5 UNESCOs verdensarvliste i 2005 ligger i Finnmark. P\u00e5 bildet ser du meridianst\u00f8tten p\u00e5 Fuglenes i Hammerfest som ble oppf\u00f8rt i 1854. Foto: Mittet @Riksantikvaren<\/p> <br><strong>Foto:<\/strong> Mittet, Riksantikvaren<\/div><\/div><div class=\"swiper-slide equal-height\"><a class=\"gallery\" href=\"#image-2046\" title=\"\u00c5pne stort bilde i felles bildegalleri\" data-gallery=\"2046\"><img loading=\"lazy\" decoding=\"async\" width=\"992\" height=\"599\" src=\"https:\/\/riksantikvaren.no\/content\/uploads\/2019\/10\/struves-meridianbue-992x599.jpg\" class=\"attachment-img-lg size-img-lg\" alt=\"Statuen utenfor Hammerfest ble reist i 1854. Gjerdet rundt ble bygget noen \u00e5r senere. Foto: Riksantikvarens arkiv\" style=\"max-height:400px\" srcset=\"https:\/\/riksantikvaren.no\/content\/uploads\/2019\/10\/struves-meridianbue-992x599.jpg 992w, https:\/\/riksantikvaren.no\/content\/uploads\/2019\/10\/struves-meridianbue-300x181.jpg 300w, https:\/\/riksantikvaren.no\/content\/uploads\/2019\/10\/struves-meridianbue-1024x618.jpg 1024w, https:\/\/riksantikvaren.no\/content\/uploads\/2019\/10\/struves-meridianbue-768x463.jpg 768w, https:\/\/riksantikvaren.no\/content\/uploads\/2019\/10\/struves-meridianbue-320x193.jpg 320w, https:\/\/riksantikvaren.no\/content\/uploads\/2019\/10\/struves-meridianbue-420x253.jpg 420w, https:\/\/riksantikvaren.no\/content\/uploads\/2019\/10\/struves-meridianbue-576x348.jpg 576w, https:\/\/riksantikvaren.no\/content\/uploads\/2019\/10\/struves-meridianbue.jpg 1200w\" sizes=\"auto, (max-width: 992px) 100vw, 992px\" title=\"\"><\/a><div class=\"caption\"><strong>Meridianst\u00f8tten i Hammerfest.<\/strong> Statuen utenfor Hammerfest ble reist i 1854. Gjerdet rundt ble bygget noen \u00e5r senere.  <br><strong>Foto:<\/strong> Riksantikvaren<\/div><\/div><div class=\"swiper-slide equal-height\"><a class=\"gallery\" href=\"#image-1119\" title=\"\u00c5pne stort bilde i felles bildegalleri\" data-gallery=\"1119\"><img loading=\"lazy\" decoding=\"async\" width=\"899\" height=\"992\" src=\"https:\/\/riksantikvaren.no\/content\/uploads\/2019\/10\/kart-over-struves-meridianbue-899x992.jpg\" class=\"attachment-img-lg size-img-lg\" alt=\"\" style=\"max-height:400px\" srcset=\"https:\/\/riksantikvaren.no\/content\/uploads\/2019\/10\/kart-over-struves-meridianbue-899x992.jpg 899w, https:\/\/riksantikvaren.no\/content\/uploads\/2019\/10\/kart-over-struves-meridianbue-272x300.jpg 272w, https:\/\/riksantikvaren.no\/content\/uploads\/2019\/10\/kart-over-struves-meridianbue-928x1024.jpg 928w, https:\/\/riksantikvaren.no\/content\/uploads\/2019\/10\/kart-over-struves-meridianbue-768x848.jpg 768w, https:\/\/riksantikvaren.no\/content\/uploads\/2019\/10\/kart-over-struves-meridianbue-290x320.jpg 290w, https:\/\/riksantikvaren.no\/content\/uploads\/2019\/10\/kart-over-struves-meridianbue-381x420.jpg 381w, https:\/\/riksantikvaren.no\/content\/uploads\/2019\/10\/kart-over-struves-meridianbue-522x576.jpg 522w, https:\/\/riksantikvaren.no\/content\/uploads\/2019\/10\/kart-over-struves-meridianbue-696x768.jpg 696w, https:\/\/riksantikvaren.no\/content\/uploads\/2019\/10\/kart-over-struves-meridianbue.jpg 965w\" sizes=\"auto, (max-width: 899px) 100vw, 899px\" title=\"\"><\/a><div class=\"caption\"><strong>Kartet over Struves meridianbue.<\/strong> Kartet over Struves meridianbue. De 34 r\u00f8de prikkene p\u00e5 kartet markerer verdensarvstedene.  <br><strong>Foto:<\/strong> Illustrasjon av historicair (CC BY-SA) via Wikimedia Commons<\/div><\/div>\t\t\t<\/div>\n\t\t\t<div class=\"swiper-pagination\"><\/div>\n\t\t\t\t\t\t\t\n\t\t\t<div class=\"swiper-button-next\"><\/div>\n\t\t\t<div class=\"swiper-button-prev\"><\/div>\t\t\t\t\t<\/div>\n\t\t[\/vc_column][vc_column width=&#8221;1\/3&#8243;][vc_gmaps link=&#8221;#E-8_JTNDaWZyYW1lJTIwc3JjJTNEJTIyaHR0cHMlM0ElMkYlMkZ3d3cuZ29vZ2xlLmNvbSUyRm1hcHMlMkZkJTJGdSUyRjElMkZlbWJlZCUzRm1pZCUzRDF0U243dGpRSFRjMHI4WWJ2eFc0OFpmeDhueHpzNmt5OSUyMiUyMHdpZHRoJTNEJTIyNjQwJTIyJTIwaGVpZ2h0JTNEJTIyNDgwJTIyJTNFJTNDJTJGaWZyYW1lJTNF&#8221;][\/vc_column][\/vc_row]<\/p>\n<\/div>","protected":false},"excerpt":{"rendered":"<p>[vc_row][vc_column width=&#8221;1\/2&#8243;][\/vc_column][vc_column width=&#8221;1\/2&#8243;][\/vc_column][\/vc_row][vc_row][vc_column width=&#8221;2\/3&#8243;][vc_column_text] Meridi\u00e1nagierdu Meridi\u00e1nagierdu mihtiduvvui tri\u00e1\u014bgelvi\u0111jjiin mii mann\u00e1 \u010c\u00e1hppes\u00e1bis H\u00e1mm\u00e1rfestii. Njeallje mihtidan\u010duogg\u00e1 Finnm\u00e1rkkus. Gierdu mann\u00e1 logi riikka \u010da\u0111a: Norga, Ruo\u0167\u0167a, Suopma; Ruo\u0161\u0161a, Estland, Latvia, Lietuva, Vilgesruo\u0161\u0161a,\u00a0Moldova ja Ukraina. Struve mihtideapmi bisttii badjel 100&#8230;<\/p>\n","protected":false},"author":13,"featured_media":0,"parent":40977,"menu_order":0,"comment_status":"closed","ping_status":"closed","template":"","meta":{"ep_exclude_from_search":false,"footnotes":"","algolia_no_indexing":false,"boosted":0},"coauthors":[495,444],"class_list":["post-41270","page","type-page","status-publish","hentry"],"acf":[],"_links":{"self":[{"href":"https:\/\/riksantikvaren.no\/se\/wp-json\/wp\/v2\/pages\/41270","targetHints":{"allow":["GET"]}}],"collection":[{"href":"https:\/\/riksantikvaren.no\/se\/wp-json\/wp\/v2\/pages"}],"about":[{"href":"https:\/\/riksantikvaren.no\/se\/wp-json\/wp\/v2\/types\/page"}],"author":[{"embeddable":true,"href":"https:\/\/riksantikvaren.no\/se\/wp-json\/wp\/v2\/users\/13"}],"replies":[{"embeddable":true,"href":"https:\/\/riksantikvaren.no\/se\/wp-json\/wp\/v2\/comments?post=41270"}],"version-history":[{"count":3,"href":"https:\/\/riksantikvaren.no\/se\/wp-json\/wp\/v2\/pages\/41270\/revisions"}],"predecessor-version":[{"id":41384,"href":"https:\/\/riksantikvaren.no\/se\/wp-json\/wp\/v2\/pages\/41270\/revisions\/41384"}],"up":[{"embeddable":true,"href":"https:\/\/riksantikvaren.no\/se\/wp-json\/wp\/v2\/pages\/40977"}],"wp:attachment":[{"href":"https:\/\/riksantikvaren.no\/se\/wp-json\/wp\/v2\/media?parent=41270"}],"wp:term":[{"taxonomy":"author","embeddable":true,"href":"https:\/\/riksantikvaren.no\/se\/wp-json\/wp\/v2\/coauthors?post=41270"}],"curies":[{"name":"wp","href":"https:\/\/api.w.org\/{rel}","templated":true}]}}