{"id":41395,"date":"2020-02-12T10:22:36","date_gmt":"2020-02-12T09:22:36","guid":{"rendered":"https:\/\/www.riksantikvaren.no\/verdensarv\/roros-bergstad-og-circumferensen\/"},"modified":"2021-04-30T21:05:24","modified_gmt":"2021-04-30T19:05:24","slug":"roros-bergstad-og-circumferensen","status":"publish","type":"page","link":"https:\/\/riksantikvaren.no\/se\/mailmmiarbi\/plassje-baktebaiki-ja-circumferensen\/","title":{"rendered":"Plassje b\u00e1kteb\u00e1iki ja Circumferensen (R\u00f8ros bergstad og Circumferensen)"},"content":{"rendered":"<div class=\"wpb-content-wrapper\"><p>[vc_row][vc_column width=&#8221;1\/2&#8243;]<p class=\"categories font-size-xxs default\"><span class=\"category\" id=\"subject\">M\u00c1ILMMI\u00c1RBI<\/span><\/p><div class=\"header left  default\"><h1 class=\"\" id=\"overskift\">Plassje b\u00e1kteb\u00e1iki ja Circumferensen<\/h1><\/div><div id=\"entrance-ingres\" class=\"entrance-ingres\"><p>Ruvkedoaibma ja eanandoallu ledje vuo\u0111\u0111un Plassje eksistensii. B\u00e1kteb\u00e1ikki &#8211; ja boandag\u00e1vpot lea bisuhan ie\u017eas \u00e1lgo mihtilmasvuo\u0111a, mas leat\u00a0 1700- ja 1800-logu viesut ja d\u00e1llodoalut ja g\u00e1htaminsttar guovdd\u00e1\u017eis mii ain lea seammal\u00e1gan go dallego h\u00e1bmejuvvui 1600- logus.<\/p><\/div>[\/vc_column][vc_column width=&#8221;1\/2&#8243;]\n\t\t\t<figure class=\"standard-image \">\n\t\t\t\t<a class=\"gallery\" href=\"#image-9426\" title=\"\u00c5pne stort bilde i felles bildegalleri\" data-gallery=\"9426\"><img loading=\"lazy\" decoding=\"async\" width=\"850\" height=\"556\" src=\"https:\/\/riksantikvaren.no\/content\/uploads\/2019\/10\/roeros_vinter.jpg\" class=\"attachment- size-\" alt=\"Kjerkgata p\u00e5 R\u00f8ros en kald vinterdag. Foto: Trond Taugb\u00f8l Riksantikvaren\" srcset=\"https:\/\/riksantikvaren.no\/content\/uploads\/2019\/10\/roeros_vinter.jpg 850w, https:\/\/riksantikvaren.no\/content\/uploads\/2019\/10\/roeros_vinter-300x196.jpg 300w, https:\/\/riksantikvaren.no\/content\/uploads\/2019\/10\/roeros_vinter-768x502.jpg 768w, https:\/\/riksantikvaren.no\/content\/uploads\/2019\/10\/roeros_vinter-320x209.jpg 320w, https:\/\/riksantikvaren.no\/content\/uploads\/2019\/10\/roeros_vinter-420x275.jpg 420w, https:\/\/riksantikvaren.no\/content\/uploads\/2019\/10\/roeros_vinter-576x377.jpg 576w\" sizes=\"auto, (max-width: 850px) 100vw, 850px\" title=\"\"><\/a>\n\t\t\t\t<figcaption><strong>R\u00f8ros<\/strong> Kjerkgata p\u00e5 R\u00f8ros en kald vinterdag. Foto: Trond Taugb\u00f8l, Riksantikvaren<\/figcaption>\n\t\t\t<\/figure>[\/vc_column][\/vc_row][vc_row][vc_column width=&#8221;2\/3&#8243;][vc_column_text]<\/p>\n<h2>Plassje b\u00e1kteg\u00e1vpot<\/h2>\n<p>Ruvkedoaibma ja eanandoallu ledje vuo\u0111\u0111un Plassje eksistensii. Dan oaidnit g\u00e1vpothuksehusa struktuvrras.<\/p>\n<p>G\u00e1vpotpl\u00e1na \u010d\u00e1jeha teknologala\u0161 ja industriijala\u0161 ovd\u00e1neami. \u00c1rbevirola\u0161 huksen\u00e1rbevierru muoras \u010d\u00e1jeha ahte \u00e1ssiin lei guovtteoasat eallinvuo\u0111\u0111u, doppe ledje sihke b\u00e1ktedoaibmabargit ja eanandoallit. \u010coahkkeeanandoallorusttegat leat heivehuvvon urb\u00e1na pl\u00e1naminstarii ja heivehuvvon b\u00e1ikki ru\u0161u b\u00e1kteeanadahkii, gos leat ekstremala\u0161 d\u00e1lkk\u00e1datla\u0161 eavttut.<\/p>\n<p>G\u00e1vpoga h\u00e1pmi lea h\u00e1bmejuvvon b\u00e1ikk\u00e1la\u0161 huksen\u00e1rbevieruid ja impulssaid mielde mat bohte olggobealde Veaikedoaimma ovd\u00e1neami ja doaimma (1644 &#8211; 1977) oktavuo\u0111as.<\/p>\n<p>Ma\u014b\u014belgo g\u00e1vpot boldojuvvui 1678 &#8211; 79:s, eai leat makk\u00e1rge dram\u00e1htala\u0161 d\u00e1hp\u00e1husat \u010duo\u017e\u017eilan, muhto ruovdema\u0111i \u00e1saheapmi 1877:s dagahii ollisla\u0161 o\u0111asteami Veaikedoaimmas seamm\u00e1sgo \u0161adde rievdadusat d\u00e1b\u00e1la\u0161 huksenvieruin.<\/p>\n<p>Plassje sisa\u010d\u00e1llojuvvui m\u00e1ilmmi kultur- ja luonddu\u00e1rbelistui 1980:s.[\/vc_column_text][vc_column_text]<\/p>\n<h2>Circumferensen<\/h2>\n<p>Lagas guovllut mat leat birra Plassje b\u00e1kteg\u00e1vpoga, dat nu goh\u010doduvvon Circumferenssat, sisa\u010d\u00e1llojuvvojedje UNESCO m\u00e1ilmmi\u00e1rbelistui 2010:s.<\/p>\n<p>Viiddideapm\u00e1i gull\u00e1 b\u00e1kteb\u00e1ikki oktan lagas eanadagain ja deh\u00e1leamos ruvkeguovlluiguin ja Femundsbarta mii ovddasta daid guhkas \u00e1sahuvvon \u0161olgadanbarttaid ja d\u00e1lvefievrridanma\u0111i Tufsingdalas Korsj\u00f8ena badjel gitta Plassjii. Olles circumferensa, ovdamunneguovlu maid Christian IV attii Plassje veaikedoibmii 1646:s oa\u017e\u017eu suodjalansona st\u00e1htusa.<\/p>\n<p>M\u00e1ilmmi\u00e1rbeguovllu viiddideapmi lea deh\u00e1la\u0161 gaskkustus olles b\u00e1ktedoaibmahistorj\u00e1i ja olbmuid \u00e1rjabidjamii jus galge ceavzit erenoam\u00e1\u0161 v\u00e1ttis d\u00e1lkk\u00e1datla\u0161 dil\u00e1la\u0161vuo\u0111ain.[\/vc_column_text][vc_gmaps link=&#8221;#E-8_JTNDaWZyYW1lJTIwc3JjJTNEJTIyaHR0cHMlM0ElMkYlMkZ3d3cuZ29vZ2xlLmNvbSUyRm1hcHMlMkZlbWJlZCUzRnBiJTNEJTIxNHYxNTgxOTQwNTc0MDUzJTIxNm04JTIxMW03JTIxMXNaN2JVN0NoeWVpMEFIakhMcEpDLTRRJTIxMm0yJTIxMWQ2Mi41NzcwNTU3MzE4MDY0NyUyMTJkMTEuMzg5OTgwNzcyMjA5JTIxM2YyOTEuODczMjMlMjE0ZjAlMjE1ZjAuNzgyMDg2NTk3NDYyNzQ2OSUyMiUyMHdpZHRoJTNEJTIyNjAwJTIyJTIwaGVpZ2h0JTNEJTIyNDUwJTIyJTIwZnJhbWVib3JkZXIlM0QlMjIwJTIyJTIwc3R5bGUlM0QlMjJib3JkZXIlM0EwJTNCJTIyJTIwYWxsb3dmdWxsc2NyZWVuJTNEJTIyJTIyJTNFJTNDJTJGaWZyYW1lJTNF&#8221; title=&#8221;Oahp\u00e1snuva Plassjii&#8221;][vc_column_text]<\/p>\n<h2>Bl\u00e1\u0111e Plassje b\u00e1kteg\u00e1vpoga govaid<\/h2>\n<p>[\/vc_column_text]\t\t<div class=\"swiper-container\">\n\t\t\t\t\t\t<div class=\"swiper-wrapper\">\n\t\t\t\t<div class=\"swiper-slide equal-height\"><a class=\"gallery\" href=\"#image-23096\" title=\"\u00c5pne stort bilde i felles bildegalleri\" data-gallery=\"23096\"><img loading=\"lazy\" decoding=\"async\" width=\"992\" height=\"661\" src=\"https:\/\/riksantikvaren.no\/content\/uploads\/2019\/12\/R\u00f8ros-Asgeir-Spange-Brekke-RA-992x661.jpg\" class=\"attachment-img-lg size-img-lg\" alt=\"R\u00f8ros kirke og hus p\u00e5 R\u00f8ros\" style=\"max-height:400px\" srcset=\"https:\/\/riksantikvaren.no\/content\/uploads\/2019\/12\/R\u00f8ros-Asgeir-Spange-Brekke-RA-992x661.jpg 992w, https:\/\/riksantikvaren.no\/content\/uploads\/2019\/12\/R\u00f8ros-Asgeir-Spange-Brekke-RA-300x200.jpg 300w, https:\/\/riksantikvaren.no\/content\/uploads\/2019\/12\/R\u00f8ros-Asgeir-Spange-Brekke-RA-1024x683.jpg 1024w, https:\/\/riksantikvaren.no\/content\/uploads\/2019\/12\/R\u00f8ros-Asgeir-Spange-Brekke-RA-768x512.jpg 768w, https:\/\/riksantikvaren.no\/content\/uploads\/2019\/12\/R\u00f8ros-Asgeir-Spange-Brekke-RA-1536x1024.jpg 1536w, https:\/\/riksantikvaren.no\/content\/uploads\/2019\/12\/R\u00f8ros-Asgeir-Spange-Brekke-RA-2048x1365.jpg 2048w, https:\/\/riksantikvaren.no\/content\/uploads\/2019\/12\/R\u00f8ros-Asgeir-Spange-Brekke-RA-320x213.jpg 320w, https:\/\/riksantikvaren.no\/content\/uploads\/2019\/12\/R\u00f8ros-Asgeir-Spange-Brekke-RA-420x280.jpg 420w, https:\/\/riksantikvaren.no\/content\/uploads\/2019\/12\/R\u00f8ros-Asgeir-Spange-Brekke-RA-576x384.jpg 576w, https:\/\/riksantikvaren.no\/content\/uploads\/2019\/12\/R\u00f8ros-Asgeir-Spange-Brekke-RA-1200x800.jpg 1200w, https:\/\/riksantikvaren.no\/content\/uploads\/2019\/12\/R\u00f8ros-Asgeir-Spange-Brekke-RA-1920x1280.jpg 1920w\" sizes=\"auto, (max-width: 992px) 100vw, 992px\" title=\"\"><\/a><div class=\"caption\"><strong>R\u00f8ros kirke og hus p\u00e5 R\u00f8ros<\/strong>  <br><strong>Foto:<\/strong> Asgeir Spange Brekke, Riksantikvaren<\/div><\/div><div class=\"swiper-slide equal-height\"><a class=\"gallery\" href=\"#image-20296\" title=\"\u00c5pne stort bilde i felles bildegalleri\" data-gallery=\"20296\"><img loading=\"lazy\" decoding=\"async\" width=\"992\" height=\"744\" src=\"https:\/\/riksantikvaren.no\/content\/uploads\/2019\/12\/Finnegaarden-paa-Roeros-992x744.jpg\" class=\"attachment-img-lg size-img-lg\" alt=\"Bilde av framsiden av Finnegaarden i R\u00f8ros. Den var freda i 2018. Foto tatt av Linda Herud\" style=\"max-height:400px\" srcset=\"https:\/\/riksantikvaren.no\/content\/uploads\/2019\/12\/Finnegaarden-paa-Roeros-992x744.jpg 992w, https:\/\/riksantikvaren.no\/content\/uploads\/2019\/12\/Finnegaarden-paa-Roeros-300x225.jpg 300w, https:\/\/riksantikvaren.no\/content\/uploads\/2019\/12\/Finnegaarden-paa-Roeros-1024x768.jpg 1024w, https:\/\/riksantikvaren.no\/content\/uploads\/2019\/12\/Finnegaarden-paa-Roeros-768x576.jpg 768w, https:\/\/riksantikvaren.no\/content\/uploads\/2019\/12\/Finnegaarden-paa-Roeros-1536x1152.jpg 1536w, https:\/\/riksantikvaren.no\/content\/uploads\/2019\/12\/Finnegaarden-paa-Roeros-2048x1536.jpg 2048w, https:\/\/riksantikvaren.no\/content\/uploads\/2019\/12\/Finnegaarden-paa-Roeros-320x240.jpg 320w, https:\/\/riksantikvaren.no\/content\/uploads\/2019\/12\/Finnegaarden-paa-Roeros-420x315.jpg 420w, https:\/\/riksantikvaren.no\/content\/uploads\/2019\/12\/Finnegaarden-paa-Roeros-576x432.jpg 576w, https:\/\/riksantikvaren.no\/content\/uploads\/2019\/12\/Finnegaarden-paa-Roeros-1200x900.jpg 1200w, https:\/\/riksantikvaren.no\/content\/uploads\/2019\/12\/Finnegaarden-paa-Roeros-1920x1440.jpg 1920w\" sizes=\"auto, (max-width: 992px) 100vw, 992px\" title=\"\"><\/a><div class=\"caption\"><strong>Finnegaarden p\u00e5 R\u00f8ros<\/strong> Finneg\u00e5rden p\u00e5 R\u00f8ros vart freda i 2018.  <br><strong>Foto:<\/strong> Linda Herud, Kulturminnefondet<\/div><\/div><div class=\"swiper-slide equal-height\"><a class=\"gallery\" href=\"#image-9423\" title=\"\u00c5pne stort bilde i felles bildegalleri\" data-gallery=\"9423\"><img loading=\"lazy\" decoding=\"async\" width=\"992\" height=\"744\" src=\"https:\/\/riksantikvaren.no\/content\/uploads\/2019\/10\/roeros-oversikt-992x744.jpg\" class=\"attachment-img-lg size-img-lg\" alt=\"R\u00f8ros tettsted. Foto: Arve Kjershein Riksantikvaren\" style=\"max-height:400px\" srcset=\"https:\/\/riksantikvaren.no\/content\/uploads\/2019\/10\/roeros-oversikt-992x744.jpg 992w, https:\/\/riksantikvaren.no\/content\/uploads\/2019\/10\/roeros-oversikt-300x225.jpg 300w, https:\/\/riksantikvaren.no\/content\/uploads\/2019\/10\/roeros-oversikt-768x576.jpg 768w, https:\/\/riksantikvaren.no\/content\/uploads\/2019\/10\/roeros-oversikt-1024x768.jpg 1024w, https:\/\/riksantikvaren.no\/content\/uploads\/2019\/10\/roeros-oversikt-320x240.jpg 320w, https:\/\/riksantikvaren.no\/content\/uploads\/2019\/10\/roeros-oversikt-420x315.jpg 420w, https:\/\/riksantikvaren.no\/content\/uploads\/2019\/10\/roeros-oversikt-576x432.jpg 576w, https:\/\/riksantikvaren.no\/content\/uploads\/2019\/10\/roeros-oversikt-1200x900.jpg 1200w, https:\/\/riksantikvaren.no\/content\/uploads\/2019\/10\/roeros-oversikt-1920x1440.jpg 1920w\" sizes=\"auto, (max-width: 992px) 100vw, 992px\" title=\"\"><\/a><div class=\"caption\"><strong>R\u00f8ros sett fra Slegghaugan.<\/strong> R\u00f8ros tettsted <br><strong>Foto:<\/strong> Arve Kjershein, Riksantikvaren<\/div><\/div><div class=\"swiper-slide equal-height\"><a class=\"gallery\" href=\"#image-6387\" title=\"\u00c5pne stort bilde i felles bildegalleri\" data-gallery=\"6387\"><img loading=\"lazy\" decoding=\"async\" width=\"992\" height=\"639\" src=\"https:\/\/riksantikvaren.no\/content\/uploads\/2019\/10\/rjukan-verdensarv-992x639.jpg\" class=\"attachment-img-lg size-img-lg\" alt=\"Verdensarven\" style=\"max-height:400px\" srcset=\"https:\/\/riksantikvaren.no\/content\/uploads\/2019\/10\/rjukan-verdensarv-992x639.jpg 992w, https:\/\/riksantikvaren.no\/content\/uploads\/2019\/10\/rjukan-verdensarv-300x193.jpg 300w, https:\/\/riksantikvaren.no\/content\/uploads\/2019\/10\/rjukan-verdensarv-768x494.jpg 768w, https:\/\/riksantikvaren.no\/content\/uploads\/2019\/10\/rjukan-verdensarv-1024x659.jpg 1024w, https:\/\/riksantikvaren.no\/content\/uploads\/2019\/10\/rjukan-verdensarv-320x206.jpg 320w, https:\/\/riksantikvaren.no\/content\/uploads\/2019\/10\/rjukan-verdensarv-420x270.jpg 420w, https:\/\/riksantikvaren.no\/content\/uploads\/2019\/10\/rjukan-verdensarv-576x371.jpg 576w, https:\/\/riksantikvaren.no\/content\/uploads\/2019\/10\/rjukan-verdensarv-1200x772.jpg 1200w, https:\/\/riksantikvaren.no\/content\/uploads\/2019\/10\/rjukan-verdensarv-1920x1236.jpg 1920w\" sizes=\"auto, (max-width: 992px) 100vw, 992px\" title=\"\"><\/a><div class=\"caption\"><strong>Verdensarven<\/strong> p\u00e5 R\u00f8ros har mangfaldig bygningsmasse innanfor verdsarvomr\u00e5det sitt. <br><strong>Foto:<\/strong> Trond Taugb\u00f8l, Riksantikvaren<\/div><\/div><div class=\"swiper-slide equal-height\"><a class=\"gallery\" href=\"#image-2439\" title=\"\u00c5pne stort bilde i felles bildegalleri\" data-gallery=\"2439\"><img loading=\"lazy\" decoding=\"async\" width=\"992\" height=\"646\" src=\"https:\/\/riksantikvaren.no\/content\/uploads\/2019\/10\/europa-nostra-roeros-992x646.jpg\" class=\"attachment-img-lg size-img-lg\" alt=\"Uthus med R\u00f8ros kirke i bakgrunnen. Foto: Trond Taugb\u00f8l Riksantikvaren\" style=\"max-height:400px\" srcset=\"https:\/\/riksantikvaren.no\/content\/uploads\/2019\/10\/europa-nostra-roeros-992x646.jpg 992w, https:\/\/riksantikvaren.no\/content\/uploads\/2019\/10\/europa-nostra-roeros-300x195.jpg 300w, https:\/\/riksantikvaren.no\/content\/uploads\/2019\/10\/europa-nostra-roeros-1024x667.jpg 1024w, https:\/\/riksantikvaren.no\/content\/uploads\/2019\/10\/europa-nostra-roeros-768x500.jpg 768w, https:\/\/riksantikvaren.no\/content\/uploads\/2019\/10\/europa-nostra-roeros-1536x1000.jpg 1536w, https:\/\/riksantikvaren.no\/content\/uploads\/2019\/10\/europa-nostra-roeros-320x208.jpg 320w, https:\/\/riksantikvaren.no\/content\/uploads\/2019\/10\/europa-nostra-roeros-420x273.jpg 420w, https:\/\/riksantikvaren.no\/content\/uploads\/2019\/10\/europa-nostra-roeros-576x375.jpg 576w, https:\/\/riksantikvaren.no\/content\/uploads\/2019\/10\/europa-nostra-roeros-1200x781.jpg 1200w, https:\/\/riksantikvaren.no\/content\/uploads\/2019\/10\/europa-nostra-roeros.jpg 1920w\" sizes=\"auto, (max-width: 992px) 100vw, 992px\" title=\"\"><\/a><div class=\"caption\"><strong>Uthus med R\u00f8ros kirke i bakgrunnen.<\/strong> Uthus med R\u00f8ros kirke i bakgrunnen <br><strong>Foto:<\/strong> Trond Taugb\u00f8l, Riksantikvaren<\/div><\/div><div class=\"swiper-slide equal-height\"><a class=\"gallery\" href=\"#image-279\" title=\"\u00c5pne stort bilde i felles bildegalleri\" data-gallery=\"279\"><img loading=\"lazy\" decoding=\"async\" width=\"992\" height=\"631\" src=\"https:\/\/riksantikvaren.no\/content\/uploads\/2019\/10\/roeros-anno-1940-992x631.jpg\" class=\"attachment-img-lg size-img-lg\" alt=\"I dag er R\u00f8ros oppf\u00f8rt p\u00e5 UNESCOS verdensarvliste og regnes som et av Norges viktigste kulturminner. Bergstaden fanget tidlig kulturminneforvaltningens interesse og \u00e5tte hus p\u00e5 R\u00f8ros ble fredet allerede i 1923. Dag Myklebusts bok vier et helt kapittel til bevaringen av R\u00f8ros. Foto: Halvor Vreim 1940\" style=\"max-height:400px\" srcset=\"https:\/\/riksantikvaren.no\/content\/uploads\/2019\/10\/roeros-anno-1940-992x631.jpg 992w, https:\/\/riksantikvaren.no\/content\/uploads\/2019\/10\/roeros-anno-1940-300x191.jpg 300w, https:\/\/riksantikvaren.no\/content\/uploads\/2019\/10\/roeros-anno-1940-1024x651.jpg 1024w, https:\/\/riksantikvaren.no\/content\/uploads\/2019\/10\/roeros-anno-1940-768x488.jpg 768w, https:\/\/riksantikvaren.no\/content\/uploads\/2019\/10\/roeros-anno-1940-1536x977.jpg 1536w, https:\/\/riksantikvaren.no\/content\/uploads\/2019\/10\/roeros-anno-1940-320x204.jpg 320w, https:\/\/riksantikvaren.no\/content\/uploads\/2019\/10\/roeros-anno-1940-420x267.jpg 420w, https:\/\/riksantikvaren.no\/content\/uploads\/2019\/10\/roeros-anno-1940-576x366.jpg 576w, https:\/\/riksantikvaren.no\/content\/uploads\/2019\/10\/roeros-anno-1940-1200x763.jpg 1200w, https:\/\/riksantikvaren.no\/content\/uploads\/2019\/10\/roeros-anno-1940.jpg 1920w\" sizes=\"auto, (max-width: 992px) 100vw, 992px\" title=\"\"><\/a><div class=\"caption\"><strong>R\u00f8ros anno 1940.<\/strong> I dag er R\u00f8ros oppf\u00f8rt p\u00e5 UNESCOS verdensarvliste og regnes som et av Norges viktigste kulturminner. Bergstaden fanget tidlig kulturminneforvaltningens interesse og \u00e5tte hus p\u00e5 R\u00f8ros ble fredet allerede i 1923. Dag Myklebusts bok vier et helt kapittel til bevaringen av R\u00f8ros. Foto: Halvor Vreim 1940<\/p> <br><strong>Foto:<\/strong> Halvor Vreim, Riksantikvaren<\/div><\/div><div class=\"swiper-slide equal-height\"><a class=\"gallery\" href=\"#image-9429\" title=\"\u00c5pne stort bilde i felles bildegalleri\" data-gallery=\"9429\"><img loading=\"lazy\" decoding=\"async\" width=\"992\" height=\"661\" src=\"https:\/\/riksantikvaren.no\/content\/uploads\/2019\/10\/roeykskadehaga-roeros-992x661.jpg\" class=\"attachment-img-lg size-img-lg\" alt=\"Fra det vakre kulturlandskapet med slagghauger i n\u00e6romr\u00e5det til R\u00f8ros. Foto: Lisen Roll Riksantikvaren\" style=\"max-height:400px\" srcset=\"https:\/\/riksantikvaren.no\/content\/uploads\/2019\/10\/roeykskadehaga-roeros-992x661.jpg 992w, https:\/\/riksantikvaren.no\/content\/uploads\/2019\/10\/roeykskadehaga-roeros-300x200.jpg 300w, https:\/\/riksantikvaren.no\/content\/uploads\/2019\/10\/roeykskadehaga-roeros-768x512.jpg 768w, https:\/\/riksantikvaren.no\/content\/uploads\/2019\/10\/roeykskadehaga-roeros-1024x683.jpg 1024w, https:\/\/riksantikvaren.no\/content\/uploads\/2019\/10\/roeykskadehaga-roeros-320x213.jpg 320w, https:\/\/riksantikvaren.no\/content\/uploads\/2019\/10\/roeykskadehaga-roeros-420x280.jpg 420w, https:\/\/riksantikvaren.no\/content\/uploads\/2019\/10\/roeykskadehaga-roeros-576x384.jpg 576w, https:\/\/riksantikvaren.no\/content\/uploads\/2019\/10\/roeykskadehaga-roeros-1200x800.jpg 1200w, https:\/\/riksantikvaren.no\/content\/uploads\/2019\/10\/roeykskadehaga-roeros-1920x1280.jpg 1920w\" sizes=\"auto, (max-width: 992px) 100vw, 992px\" title=\"\"><\/a><div class=\"caption\"><strong>R\u00f8ykskadehaga.<\/strong> Fra det vakre kulturlandskapet med slagghauger i n\u00e6romr\u00e5det til R\u00f8ros. <br><strong>Foto:<\/strong> Lisen Roll, Riksantikvaren<\/div><\/div>\t\t\t<\/div>\n\t\t\t<div class=\"swiper-pagination\"><\/div>\n\t\t\t\t\t\t\t\n\t\t\t<div class=\"swiper-button-next\"><\/div>\n\t\t\t<div class=\"swiper-button-prev\"><\/div>\t\t\t\t\t<\/div>\n\t\t[\/vc_column][vc_column width=&#8221;1\/3&#8243;][vc_gmaps link=&#8221;#E-8_JTNDaWZyYW1lJTIwc3JjJTNEJTIyaHR0cHMlM0ElMkYlMkZ3d3cuZ29vZ2xlLmNvbSUyRm1hcHMlMkZkJTJGZW1iZWQlM0ZtaWQlM0QxZ281UFZjcHYyeFMydno5MC1uNlpVWmVwVlB5cmxUTjMlMjZobCUzRG5vJTIyJTIwd2lkdGglM0QlMjI2NDAlMjIlMjBoZWlnaHQlM0QlMjI0ODAlMjIlM0UlM0MlMkZpZnJhbWUlM0U=&#8221;][\/vc_column][\/vc_row]<\/p>\n<\/div>","protected":false},"excerpt":{"rendered":"<p>[vc_row][vc_column width=&#8221;1\/2&#8243;][\/vc_column][vc_column width=&#8221;1\/2&#8243;][\/vc_column][\/vc_row][vc_row][vc_column width=&#8221;2\/3&#8243;][vc_column_text] Plassje b\u00e1kteg\u00e1vpot Ruvkedoaibma ja eanandoallu ledje vuo\u0111\u0111un Plassje eksistensii. Dan oaidnit g\u00e1vpothuksehusa struktuvrras. G\u00e1vpotpl\u00e1na \u010d\u00e1jeha teknologala\u0161 ja industriijala\u0161 ovd\u00e1neami. \u00c1rbevirola\u0161 huksen\u00e1rbevierru muoras \u010d\u00e1jeha ahte \u00e1ssiin lei guovtteoasat eallinvuo\u0111\u0111u, doppe ledje sihke&#8230;<\/p>\n","protected":false},"author":13,"featured_media":0,"parent":40977,"menu_order":0,"comment_status":"closed","ping_status":"closed","template":"","meta":{"ep_exclude_from_search":false,"footnotes":"","algolia_no_indexing":false,"boosted":0},"coauthors":[495,444],"class_list":["post-41395","page","type-page","status-publish","hentry"],"acf":[],"_links":{"self":[{"href":"https:\/\/riksantikvaren.no\/se\/wp-json\/wp\/v2\/pages\/41395","targetHints":{"allow":["GET"]}}],"collection":[{"href":"https:\/\/riksantikvaren.no\/se\/wp-json\/wp\/v2\/pages"}],"about":[{"href":"https:\/\/riksantikvaren.no\/se\/wp-json\/wp\/v2\/types\/page"}],"author":[{"embeddable":true,"href":"https:\/\/riksantikvaren.no\/se\/wp-json\/wp\/v2\/users\/13"}],"replies":[{"embeddable":true,"href":"https:\/\/riksantikvaren.no\/se\/wp-json\/wp\/v2\/comments?post=41395"}],"version-history":[{"count":2,"href":"https:\/\/riksantikvaren.no\/se\/wp-json\/wp\/v2\/pages\/41395\/revisions"}],"predecessor-version":[{"id":41402,"href":"https:\/\/riksantikvaren.no\/se\/wp-json\/wp\/v2\/pages\/41395\/revisions\/41402"}],"up":[{"embeddable":true,"href":"https:\/\/riksantikvaren.no\/se\/wp-json\/wp\/v2\/pages\/40977"}],"wp:attachment":[{"href":"https:\/\/riksantikvaren.no\/se\/wp-json\/wp\/v2\/media?parent=41395"}],"wp:term":[{"taxonomy":"author","embeddable":true,"href":"https:\/\/riksantikvaren.no\/se\/wp-json\/wp\/v2\/coauthors?post=41395"}],"curies":[{"name":"wp","href":"https:\/\/api.w.org\/{rel}","templated":true}]}}