{"id":41453,"date":"2020-02-12T10:44:45","date_gmt":"2020-02-12T09:44:45","guid":{"rendered":"https:\/\/www.riksantikvaren.no\/verdensarv\/urnes-stavkirke\/"},"modified":"2021-05-05T01:51:23","modified_gmt":"2021-05-04T23:51:23","slug":"urnes-stavkirke","status":"publish","type":"page","link":"https:\/\/riksantikvaren.no\/se\/mailmmiarbi\/urnes-stahpegirku\/","title":{"rendered":"Urnes st\u00e1hpegirku (Urnes stavkirke)"},"content":{"rendered":"<div class=\"wpb-content-wrapper\"><p>[vc_row][vc_column width=&#8221;1\/2&#8243;]<p class=\"categories font-size-xxs default\"><span class=\"category\" id=\"subject\">M\u00c1ILMMI\u00c1RBI<\/span><\/p><div class=\"header left  default\"><h1 class=\"\" id=\"overskift\">Urnes st\u00e1hpegirku<\/h1><\/div><div id=\"entrance-ingres\" class=\"entrance-ingres\"><p>Urnes st\u00e1hpegirku lea sihke arkitektonala\u010d\u010dat, d\u00e1iddahistorjj\u00e1la\u010d\u010dat ja m\u00e1httog\u00e1ldu ektui erenoam\u00e1\u0161 dan 28 st\u00e1hpegirkus mat Norggas ain g\u00e1vdnojit.<\/p><\/div>[\/vc_column][vc_column width=&#8221;1\/2&#8243;]\n\t\t\t<figure class=\"standard-image \">\n\t\t\t\t<a class=\"gallery\" href=\"#image-9453\" title=\"\u00c5pne stort bilde i felles bildegalleri\" data-gallery=\"9453\"><img loading=\"lazy\" decoding=\"async\" width=\"4202\" height=\"2933\" src=\"https:\/\/riksantikvaren.no\/content\/uploads\/2019\/10\/urnes-vinter.jpg\" class=\"attachment- size-\" alt=\"Urnes st\u00e1hpegirku\" srcset=\"https:\/\/riksantikvaren.no\/content\/uploads\/2019\/10\/urnes-vinter.jpg 4202w, https:\/\/riksantikvaren.no\/content\/uploads\/2019\/10\/urnes-vinter-300x209.jpg 300w, https:\/\/riksantikvaren.no\/content\/uploads\/2019\/10\/urnes-vinter-768x536.jpg 768w, https:\/\/riksantikvaren.no\/content\/uploads\/2019\/10\/urnes-vinter-1024x715.jpg 1024w, https:\/\/riksantikvaren.no\/content\/uploads\/2019\/10\/urnes-vinter-320x223.jpg 320w, https:\/\/riksantikvaren.no\/content\/uploads\/2019\/10\/urnes-vinter-420x293.jpg 420w, https:\/\/riksantikvaren.no\/content\/uploads\/2019\/10\/urnes-vinter-576x402.jpg 576w, https:\/\/riksantikvaren.no\/content\/uploads\/2019\/10\/urnes-vinter-992x692.jpg 992w, https:\/\/riksantikvaren.no\/content\/uploads\/2019\/10\/urnes-vinter-1200x838.jpg 1200w, https:\/\/riksantikvaren.no\/content\/uploads\/2019\/10\/urnes-vinter-1920x1340.jpg 1920w\" sizes=\"auto, (max-width: 4202px) 100vw, 4202px\" title=\"\"><\/a>\n\t\t\t\t<figcaption><strong>Urnes st\u00e1hpegirku<\/strong> Urnes stavkyrkje i vakkert vinterlandskap ved Lustrafjorden i Sogn og Fjordane. Foto: Jiri Havran, Riikkaantikv\u00e1ra <\/figcaption>\n\t\t\t<\/figure>[\/vc_column][\/vc_row][vc_row][vc_column width=&#8221;2\/3&#8243;][vc_column_text]<\/p>\n<h2>St\u00e1hpegirku<\/h2>\n<p>St\u00e1hpegirkut huksejuvvojedje dainna v\u00e1dd\u00e1seamos muorrakonstruk\u0161uvnna huksenteknihkain mii g\u00e1vdnui Davvi &#8211; Eurohp\u00e1s gea\u0111ge\u00e1iggis gaska\u00e1ig\u00e1i. J\u00e1hkkimis leat oktiibuot huksejuvvon su. 1300 st\u00e1hpegirku. Du\u0161\u0161e oassi dain leat suodjaluvvon, muhto Norggas lea dat alimus suodjaluvvon st\u00e1hpegirkuid lohku.<\/p>\n<p>Urnes huksejuvvui nuppi oasis 1100 &#8211; logus ja lea okta dain boarr\u00e1seamos ja buoremusat suodjaluvvon st\u00e1hpegirkuin. Girkus lea mearkkat boarr\u00e1set girku ma\u014bis mii lei huksejuvvon seamma sadj\u00e1i.<\/p>\n<p>Dat lea ovdamearkan hui \u010deahpes giehtabargui ja \u010di\u014bain leat erenoam\u00e1\u0161 \u010d\u00e1ppa muorra\u010duohpastagat. Stohpoortnet leat maiddai hui ollu \u010di\u014bahuvvon. Sihke stohpoortnegis ja mu\u0111ui muorrabargguin vuhttojit sihke keldala\u0161, norr\u00f8na ja romala\u0161 d\u00e1idda\u00e1rbevierut. Dasa lassin lea girku huksejuvvon hirpmahuhtti vuotnaeanadahkii Lustravutnii, Sognefjordena vuotnabahtii.<\/p>\n<p>Ovdal lei Urnes st\u00e1hpegirku priv\u00e1hta girku muhtun rikkis Urneasa bearra\u0161ii.<\/p>\n<h2>M\u00e1ilmmi\u00e1rbi<\/h2>\n<p>Urnes st\u00e1hpegirku sisa\u010d\u00e1llojuvvui Unesco m\u00e1ilmmi\u00e1rbelistui 1979:s.[\/vc_column_text][vc_gmaps link=&#8221;#E-8_JTNDaWZyYW1lJTIwc3JjJTNEJTIyaHR0cHMlM0ElMkYlMkZ3d3cuZ29vZ2xlLmNvbSUyRm1hcHMlMkZlbWJlZCUzRnBiJTNEJTIxNHYxNTgxOTQxMTIwNjM4JTIxNm04JTIxMW03JTIxMXNDQW9TTEVGR01WRnBjRTlSV2tsd0xXaEZVMWR5YVRsd1VpMDVjbmhwYmpSUFFrOVZla1ZxVDFFNWIzbHlXakIyJTIxMm0yJTIxMWQ2MS4yOTgxNjU1JTIxMmQ3LjMyMjc5ODQ5OTk5OTk5OSUyMTNmMjUuMTA5MzgzNTI4NTc4NTEyJTIxNGY0LjA3MjY3MzI0MDM1Njg2MyUyMTVmMC43ODIwODY1OTc0NjI3NDY5JTIyJTIwd2lkdGglM0QlMjI2MDAlMjIlMjBoZWlnaHQlM0QlMjI0NTAlMjIlMjBmcmFtZWJvcmRlciUzRCUyMjAlMjIlMjBzdHlsZSUzRCUyMmJvcmRlciUzQTAlM0IlMjIlMjBhbGxvd2Z1bGxzY3JlZW4lM0QlMjIlMjIlM0UlM0MlMkZpZnJhbWUlM0U=&#8221; title=&#8221;Oahp\u00e1snuva Urnes st\u00e1hpegirkui&#8221;][vc_column_text]Bl\u00e1\u0111e govaid Urnes st\u00e1hpegirkus[\/vc_column_text]\t\t<div class=\"swiper-container\">\n\t\t\t\t\t\t<div class=\"swiper-wrapper\">\n\t\t\t\t<div class=\"swiper-slide equal-height\"><a class=\"gallery\" href=\"#image-9450\" title=\"\u00c5pne stort bilde i felles bildegalleri\" data-gallery=\"9450\"><img loading=\"lazy\" decoding=\"async\" width=\"969\" height=\"992\" src=\"https:\/\/riksantikvaren.no\/content\/uploads\/2019\/10\/urnes-stavkirke-christie-969x992.jpg\" class=\"attachment-img-lg size-img-lg\" alt=\"\" style=\"max-height:400px\" srcset=\"https:\/\/riksantikvaren.no\/content\/uploads\/2019\/10\/urnes-stavkirke-christie-969x992.jpg 969w, https:\/\/riksantikvaren.no\/content\/uploads\/2019\/10\/urnes-stavkirke-christie-293x300.jpg 293w, https:\/\/riksantikvaren.no\/content\/uploads\/2019\/10\/urnes-stavkirke-christie-768x787.jpg 768w, https:\/\/riksantikvaren.no\/content\/uploads\/2019\/10\/urnes-stavkirke-christie-1000x1024.jpg 1000w, https:\/\/riksantikvaren.no\/content\/uploads\/2019\/10\/urnes-stavkirke-christie-312x320.jpg 312w, https:\/\/riksantikvaren.no\/content\/uploads\/2019\/10\/urnes-stavkirke-christie-410x420.jpg 410w, https:\/\/riksantikvaren.no\/content\/uploads\/2019\/10\/urnes-stavkirke-christie-562x576.jpg 562w, https:\/\/riksantikvaren.no\/content\/uploads\/2019\/10\/urnes-stavkirke-christie-750x768.jpg 750w, https:\/\/riksantikvaren.no\/content\/uploads\/2019\/10\/urnes-stavkirke-christie-1172x1200.jpg 1172w, https:\/\/riksantikvaren.no\/content\/uploads\/2019\/10\/urnes-stavkirke-christie-1875x1920.jpg 1875w\" sizes=\"auto, (max-width: 969px) 100vw, 969px\" title=\"\"><\/a><div class=\"caption\"><strong>Urnes stavkirke<\/strong> Urnes stavkirke Luster i Sogn og Fjordane. <br><strong>Foto:<\/strong> H\u00e5kon Christie, Riksantikvaren<\/div><\/div><div class=\"swiper-slide equal-height\"><a class=\"gallery\" href=\"#image-9393\" title=\"\u00c5pne stort bilde i felles bildegalleri\" data-gallery=\"9393\"><img loading=\"lazy\" decoding=\"async\" width=\"992\" height=\"990\" src=\"https:\/\/riksantikvaren.no\/content\/uploads\/2019\/10\/fyfoto-urnes-stavkirke-med-omgivelser.-992x990.jpg\" class=\"attachment-img-lg size-img-lg\" alt=\"Flyfoto av Urnes stavkyrkje med omgivnadene til kyrkja. Foto: Birger Lindstad \/ Riksantikvaren\" style=\"max-height:400px\" srcset=\"https:\/\/riksantikvaren.no\/content\/uploads\/2019\/10\/fyfoto-urnes-stavkirke-med-omgivelser.-992x990.jpg 992w, https:\/\/riksantikvaren.no\/content\/uploads\/2019\/10\/fyfoto-urnes-stavkirke-med-omgivelser.-150x150.jpg 150w, https:\/\/riksantikvaren.no\/content\/uploads\/2019\/10\/fyfoto-urnes-stavkirke-med-omgivelser.-300x300.jpg 300w, https:\/\/riksantikvaren.no\/content\/uploads\/2019\/10\/fyfoto-urnes-stavkirke-med-omgivelser.-768x767.jpg 768w, https:\/\/riksantikvaren.no\/content\/uploads\/2019\/10\/fyfoto-urnes-stavkirke-med-omgivelser.-1024x1022.jpg 1024w, https:\/\/riksantikvaren.no\/content\/uploads\/2019\/10\/fyfoto-urnes-stavkirke-med-omgivelser.-320x320.jpg 320w, https:\/\/riksantikvaren.no\/content\/uploads\/2019\/10\/fyfoto-urnes-stavkirke-med-omgivelser.-420x420.jpg 420w, https:\/\/riksantikvaren.no\/content\/uploads\/2019\/10\/fyfoto-urnes-stavkirke-med-omgivelser.-576x576.jpg 576w, https:\/\/riksantikvaren.no\/content\/uploads\/2019\/10\/fyfoto-urnes-stavkirke-med-omgivelser.-1200x1198.jpg 1200w, https:\/\/riksantikvaren.no\/content\/uploads\/2019\/10\/fyfoto-urnes-stavkirke-med-omgivelser.-1920x1917.jpg 1920w\" sizes=\"auto, (max-width: 992px) 100vw, 992px\" title=\"\"><\/a><div class=\"caption\"><strong>Urnes stavkirke<\/strong> Flyfoto av Urnes stavkyrkje med omgivnadene til kyrkja.  <br><strong>Foto:<\/strong> Birger Lindstad, Riksantikvaren<\/div><\/div><div class=\"swiper-slide equal-height\"><a class=\"gallery\" href=\"#image-9249\" title=\"\u00c5pne stort bilde i felles bildegalleri\" data-gallery=\"9249\"><img loading=\"lazy\" decoding=\"async\" width=\"992\" height=\"558\" src=\"https:\/\/riksantikvaren.no\/content\/uploads\/2019\/10\/urnes-stavkirke-3-992x558.jpg\" class=\"attachment-img-lg size-img-lg\" alt=\"Urnes stavkirke med kirkeg\u00e5rd, gr\u00f8nn plen og frukttre i blomst i forgrunnen. Fjord og sn\u00f8dekte fjell i bakgrunnen. Foto: H\u00e5kon Christie, Riksantikvaren\" style=\"max-height:400px\" srcset=\"https:\/\/riksantikvaren.no\/content\/uploads\/2019\/10\/urnes-stavkirke-3-992x558.jpg 992w, https:\/\/riksantikvaren.no\/content\/uploads\/2019\/10\/urnes-stavkirke-3-300x169.jpg 300w, https:\/\/riksantikvaren.no\/content\/uploads\/2019\/10\/urnes-stavkirke-3-768x432.jpg 768w, https:\/\/riksantikvaren.no\/content\/uploads\/2019\/10\/urnes-stavkirke-3-1024x576.jpg 1024w, https:\/\/riksantikvaren.no\/content\/uploads\/2019\/10\/urnes-stavkirke-3-320x180.jpg 320w, https:\/\/riksantikvaren.no\/content\/uploads\/2019\/10\/urnes-stavkirke-3-420x236.jpg 420w, https:\/\/riksantikvaren.no\/content\/uploads\/2019\/10\/urnes-stavkirke-3-576x324.jpg 576w, https:\/\/riksantikvaren.no\/content\/uploads\/2019\/10\/urnes-stavkirke-3-1200x675.jpg 1200w, https:\/\/riksantikvaren.no\/content\/uploads\/2019\/10\/urnes-stavkirke-3.jpg 1920w\" sizes=\"auto, (max-width: 992px) 100vw, 992px\" title=\"\"><\/a><div class=\"caption\"><strong>Urnes stavkyrkje<\/strong>  <br><strong>Foto:<\/strong> H\u00e5kon Christie, Riksantikvaren<\/div><\/div><div class=\"swiper-slide equal-height\"><a class=\"gallery\" href=\"#image-8373\" title=\"\u00c5pne stort bilde i felles bildegalleri\" data-gallery=\"8373\"><img loading=\"lazy\" decoding=\"async\" width=\"992\" height=\"692\" src=\"https:\/\/riksantikvaren.no\/content\/uploads\/2019\/10\/urnes-stavkirke_sommer-992x692.jpg\" class=\"attachment-img-lg size-img-lg\" alt=\"Urnes stavkirke\" style=\"max-height:400px\" srcset=\"https:\/\/riksantikvaren.no\/content\/uploads\/2019\/10\/urnes-stavkirke_sommer-992x692.jpg 992w, https:\/\/riksantikvaren.no\/content\/uploads\/2019\/10\/urnes-stavkirke_sommer-300x209.jpg 300w, https:\/\/riksantikvaren.no\/content\/uploads\/2019\/10\/urnes-stavkirke_sommer-768x536.jpg 768w, https:\/\/riksantikvaren.no\/content\/uploads\/2019\/10\/urnes-stavkirke_sommer-1024x714.jpg 1024w, https:\/\/riksantikvaren.no\/content\/uploads\/2019\/10\/urnes-stavkirke_sommer-320x223.jpg 320w, https:\/\/riksantikvaren.no\/content\/uploads\/2019\/10\/urnes-stavkirke_sommer-420x293.jpg 420w, https:\/\/riksantikvaren.no\/content\/uploads\/2019\/10\/urnes-stavkirke_sommer-576x402.jpg 576w, https:\/\/riksantikvaren.no\/content\/uploads\/2019\/10\/urnes-stavkirke_sommer-1200x837.jpg 1200w, https:\/\/riksantikvaren.no\/content\/uploads\/2019\/10\/urnes-stavkirke_sommer.jpg 1548w\" sizes=\"auto, (max-width: 992px) 100vw, 992px\" title=\"\"><\/a><div class=\"caption\"><strong>Urnes stavkirke<\/strong> <p>Urnes stavkirke - kulturminne med verdensarvstatus.  <br><strong>Foto:<\/strong> Jiri Havran, Riksantikvaren <\/div><\/div><div class=\"swiper-slide equal-height\"><a class=\"gallery\" href=\"#image-8367\" title=\"\u00c5pne stort bilde i felles bildegalleri\" data-gallery=\"8367\"><img loading=\"lazy\" decoding=\"async\" width=\"992\" height=\"776\" src=\"https:\/\/riksantikvaren.no\/content\/uploads\/2019\/10\/urnes-treskurd-992x776.jpg\" class=\"attachment-img-lg size-img-lg\" alt=\"Teikning av Eilert Christian Brodtkorb Christie (1832-1906) fr\u00e5 1859.\" style=\"max-height:400px\" srcset=\"https:\/\/riksantikvaren.no\/content\/uploads\/2019\/10\/urnes-treskurd-992x776.jpg 992w, https:\/\/riksantikvaren.no\/content\/uploads\/2019\/10\/urnes-treskurd-300x235.jpg 300w, https:\/\/riksantikvaren.no\/content\/uploads\/2019\/10\/urnes-treskurd-768x601.jpg 768w, https:\/\/riksantikvaren.no\/content\/uploads\/2019\/10\/urnes-treskurd-1024x801.jpg 1024w, https:\/\/riksantikvaren.no\/content\/uploads\/2019\/10\/urnes-treskurd-320x250.jpg 320w, https:\/\/riksantikvaren.no\/content\/uploads\/2019\/10\/urnes-treskurd-420x329.jpg 420w, https:\/\/riksantikvaren.no\/content\/uploads\/2019\/10\/urnes-treskurd-576x451.jpg 576w, https:\/\/riksantikvaren.no\/content\/uploads\/2019\/10\/urnes-treskurd-1200x939.jpg 1200w, https:\/\/riksantikvaren.no\/content\/uploads\/2019\/10\/urnes-treskurd.jpg 1380w\" sizes=\"auto, (max-width: 992px) 100vw, 992px\" title=\"\"><\/a><div class=\"caption\"><strong>Urnes Treskurd<\/strong> Teikning av Eilert Christian Brodtkorb Christie (1832-1906) fr\u00e5 1859. <br><strong>Foto:<\/strong> Riksantikvaren<\/div><\/div><div class=\"swiper-slide equal-height\"><a class=\"gallery\" href=\"#image-8358\" title=\"\u00c5pne stort bilde i felles bildegalleri\" data-gallery=\"8358\"><img loading=\"lazy\" decoding=\"async\" width=\"992\" height=\"650\" src=\"https:\/\/riksantikvaren.no\/content\/uploads\/2019\/10\/urnes-interioer-992x650.jpg\" class=\"attachment-img-lg size-img-lg\" alt=\"Bilde av interi\u00f8ret i Urnes Stavkirke. Foto: Jiri Havran, Riksantikvaren\" style=\"max-height:400px\" srcset=\"https:\/\/riksantikvaren.no\/content\/uploads\/2019\/10\/urnes-interioer-992x650.jpg 992w, https:\/\/riksantikvaren.no\/content\/uploads\/2019\/10\/urnes-interioer-300x197.jpg 300w, https:\/\/riksantikvaren.no\/content\/uploads\/2019\/10\/urnes-interioer-768x503.jpg 768w, https:\/\/riksantikvaren.no\/content\/uploads\/2019\/10\/urnes-interioer-1024x671.jpg 1024w, https:\/\/riksantikvaren.no\/content\/uploads\/2019\/10\/urnes-interioer-320x210.jpg 320w, https:\/\/riksantikvaren.no\/content\/uploads\/2019\/10\/urnes-interioer-420x275.jpg 420w, https:\/\/riksantikvaren.no\/content\/uploads\/2019\/10\/urnes-interioer-576x377.jpg 576w, https:\/\/riksantikvaren.no\/content\/uploads\/2019\/10\/urnes-interioer-1200x786.jpg 1200w, https:\/\/riksantikvaren.no\/content\/uploads\/2019\/10\/urnes-interioer.jpg 1648w\" sizes=\"auto, (max-width: 992px) 100vw, 992px\" title=\"\"><\/a><div class=\"caption\"><strong>Interi\u00f8r<\/strong> Interi\u00f8r fr\u00e5 Urnes stavkyrkje <br><strong>Foto:<\/strong> Jiri Havran, Riksantikvaren<\/div><\/div><div class=\"swiper-slide equal-height\"><a class=\"gallery\" href=\"#image-3741\" title=\"\u00c5pne stort bilde i felles bildegalleri\" data-gallery=\"3741\"><img loading=\"lazy\" decoding=\"async\" width=\"992\" height=\"561\" src=\"https:\/\/riksantikvaren.no\/content\/uploads\/2019\/10\/urnes-portal-992x561.jpg\" class=\"attachment-img-lg size-img-lg\" alt=\"Bilde av Urnes Portalen. Foto: Ragnar Utne, Riksantikvaren\" style=\"max-height:400px\" srcset=\"https:\/\/riksantikvaren.no\/content\/uploads\/2019\/10\/urnes-portal-992x561.jpg 992w, https:\/\/riksantikvaren.no\/content\/uploads\/2019\/10\/urnes-portal-300x170.jpg 300w, https:\/\/riksantikvaren.no\/content\/uploads\/2019\/10\/urnes-portal-768x434.jpg 768w, https:\/\/riksantikvaren.no\/content\/uploads\/2019\/10\/urnes-portal-1024x579.jpg 1024w, https:\/\/riksantikvaren.no\/content\/uploads\/2019\/10\/urnes-portal-320x181.jpg 320w, https:\/\/riksantikvaren.no\/content\/uploads\/2019\/10\/urnes-portal-420x238.jpg 420w, https:\/\/riksantikvaren.no\/content\/uploads\/2019\/10\/urnes-portal-576x326.jpg 576w, https:\/\/riksantikvaren.no\/content\/uploads\/2019\/10\/urnes-portal-1200x679.jpg 1200w, https:\/\/riksantikvaren.no\/content\/uploads\/2019\/10\/urnes-portal.jpg 1920w\" sizes=\"auto, (max-width: 992px) 100vw, 992px\" title=\"\"><\/a><div class=\"caption\"><strong>Urnes portal<\/strong>  <br><strong>Foto:<\/strong> Ragnar Utne, Riksantikvaren<\/div><\/div><div class=\"swiper-slide equal-height\"><a class=\"gallery\" href=\"#image-2052\" title=\"\u00c5pne stort bilde i felles bildegalleri\" data-gallery=\"2052\"><img loading=\"lazy\" decoding=\"async\" width=\"661\" height=\"992\" src=\"https:\/\/riksantikvaren.no\/content\/uploads\/2019\/10\/urnes-661x992.jpg\" class=\"attachment-img-lg size-img-lg\" alt=\"Urnes stavkirke i Sogn og fjordane. Foto: Arve Kjersheim \/ Birger Lindstad \u00a9 Riksantikvaren\" style=\"max-height:400px\" srcset=\"https:\/\/riksantikvaren.no\/content\/uploads\/2019\/10\/urnes-661x992.jpg 661w, https:\/\/riksantikvaren.no\/content\/uploads\/2019\/10\/urnes-200x300.jpg 200w, https:\/\/riksantikvaren.no\/content\/uploads\/2019\/10\/urnes-683x1024.jpg 683w, https:\/\/riksantikvaren.no\/content\/uploads\/2019\/10\/urnes-768x1152.jpg 768w, https:\/\/riksantikvaren.no\/content\/uploads\/2019\/10\/urnes-213x320.jpg 213w, https:\/\/riksantikvaren.no\/content\/uploads\/2019\/10\/urnes-280x420.jpg 280w, https:\/\/riksantikvaren.no\/content\/uploads\/2019\/10\/urnes-384x576.jpg 384w, https:\/\/riksantikvaren.no\/content\/uploads\/2019\/10\/urnes-512x768.jpg 512w, https:\/\/riksantikvaren.no\/content\/uploads\/2019\/10\/urnes.jpg 800w\" sizes=\"auto, (max-width: 661px) 100vw, 661px\" title=\"\"><\/a><div class=\"caption\"><strong>Urnes portal<\/strong> Urnes stavkirke i Sogn og fjordane. <br><strong>Foto:<\/strong> Arve Kjersheim \/ Birger Lindstad, Riksantikvaren<\/div><\/div><div class=\"swiper-slide equal-height\"><a class=\"gallery\" href=\"#image-2049\" title=\"\u00c5pne stort bilde i felles bildegalleri\" data-gallery=\"2049\"><img loading=\"lazy\" decoding=\"async\" width=\"992\" height=\"744\" src=\"https:\/\/riksantikvaren.no\/content\/uploads\/2019\/10\/urnes-stavkyrkje-992x744.jpg\" class=\"attachment-img-lg size-img-lg\" alt=\"Foto av Urnes Stavkyrkje. Foto: Werner Harstad Statens vegvesen \u2013 Nasjonaleturistveger.no\" style=\"max-height:400px\" srcset=\"https:\/\/riksantikvaren.no\/content\/uploads\/2019\/10\/urnes-stavkyrkje-992x744.jpg 992w, https:\/\/riksantikvaren.no\/content\/uploads\/2019\/10\/urnes-stavkyrkje-300x225.jpg 300w, https:\/\/riksantikvaren.no\/content\/uploads\/2019\/10\/urnes-stavkyrkje-1024x768.jpg 1024w, https:\/\/riksantikvaren.no\/content\/uploads\/2019\/10\/urnes-stavkyrkje-768x576.jpg 768w, https:\/\/riksantikvaren.no\/content\/uploads\/2019\/10\/urnes-stavkyrkje-320x240.jpg 320w, https:\/\/riksantikvaren.no\/content\/uploads\/2019\/10\/urnes-stavkyrkje-420x315.jpg 420w, https:\/\/riksantikvaren.no\/content\/uploads\/2019\/10\/urnes-stavkyrkje-576x432.jpg 576w, https:\/\/riksantikvaren.no\/content\/uploads\/2019\/10\/urnes-stavkyrkje.jpg 1200w\" sizes=\"auto, (max-width: 992px) 100vw, 992px\" title=\"\"><\/a><div class=\"caption\"><strong>Urnes stavkyrkje.<\/strong>  <br><strong>Foto:<\/strong> Werner Harstad, Statens vegvesen \u2013 Nasjonaleturistveger.no<\/div><\/div>\t\t\t<\/div>\n\t\t\t<div class=\"swiper-pagination\"><\/div>\n\t\t\t\t\t\t\t\n\t\t\t<div class=\"swiper-button-next\"><\/div>\n\t\t\t<div class=\"swiper-button-prev\"><\/div>\t\t\t\t\t<\/div>\n\t\t[\/vc_column][vc_column width=&#8221;1\/3&#8243;][vc_gmaps link=&#8221;#E-8_JTNDaWZyYW1lJTIwc3JjJTNEJTIyaHR0cHMlM0ElMkYlMkZ3d3cuZ29vZ2xlLmNvbSUyRm1hcHMlMkZkJTJGZW1iZWQlM0ZtaWQlM0QxT1YzZTNfQ2Z0NWk2WDdXdUhFenVjVElocjI3dnpZMDElMjZobCUzRG5vJTIyJTIwd2lkdGglM0QlMjI2NDAlMjIlMjBoZWlnaHQlM0QlMjI0ODAlMjIlM0UlM0MlMkZpZnJhbWUlM0U=&#8221;][\/vc_column][\/vc_row]<\/p>\n<\/div>","protected":false},"excerpt":{"rendered":"<p>[vc_row][vc_column width=&#8221;1\/2&#8243;][\/vc_column][vc_column width=&#8221;1\/2&#8243;][\/vc_column][\/vc_row][vc_row][vc_column width=&#8221;2\/3&#8243;][vc_column_text] St\u00e1hpegirku St\u00e1hpegirkut huksejuvvojedje dainna v\u00e1dd\u00e1seamos muorrakonstruk\u0161uvnna huksenteknihkain mii g\u00e1vdnui Davvi &#8211; Eurohp\u00e1s gea\u0111ge\u00e1iggis gaska\u00e1ig\u00e1i. J\u00e1hkkimis leat oktiibuot huksejuvvon su. 1300 st\u00e1hpegirku. Du\u0161\u0161e oassi dain leat suodjaluvvon, muhto Norggas lea dat alimus&#8230;<\/p>\n","protected":false},"author":13,"featured_media":0,"parent":40977,"menu_order":0,"comment_status":"closed","ping_status":"closed","template":"","meta":{"ep_exclude_from_search":false,"footnotes":"","algolia_no_indexing":false,"boosted":0},"coauthors":[495,444],"class_list":["post-41453","page","type-page","status-publish","hentry"],"acf":[],"_links":{"self":[{"href":"https:\/\/riksantikvaren.no\/se\/wp-json\/wp\/v2\/pages\/41453","targetHints":{"allow":["GET"]}}],"collection":[{"href":"https:\/\/riksantikvaren.no\/se\/wp-json\/wp\/v2\/pages"}],"about":[{"href":"https:\/\/riksantikvaren.no\/se\/wp-json\/wp\/v2\/types\/page"}],"author":[{"embeddable":true,"href":"https:\/\/riksantikvaren.no\/se\/wp-json\/wp\/v2\/users\/13"}],"replies":[{"embeddable":true,"href":"https:\/\/riksantikvaren.no\/se\/wp-json\/wp\/v2\/comments?post=41453"}],"version-history":[{"count":3,"href":"https:\/\/riksantikvaren.no\/se\/wp-json\/wp\/v2\/pages\/41453\/revisions"}],"predecessor-version":[{"id":41465,"href":"https:\/\/riksantikvaren.no\/se\/wp-json\/wp\/v2\/pages\/41453\/revisions\/41465"}],"up":[{"embeddable":true,"href":"https:\/\/riksantikvaren.no\/se\/wp-json\/wp\/v2\/pages\/40977"}],"wp:attachment":[{"href":"https:\/\/riksantikvaren.no\/se\/wp-json\/wp\/v2\/media?parent=41453"}],"wp:term":[{"taxonomy":"author","embeddable":true,"href":"https:\/\/riksantikvaren.no\/se\/wp-json\/wp\/v2\/coauthors?post=41453"}],"curies":[{"name":"wp","href":"https:\/\/api.w.org\/{rel}","templated":true}]}}