{"id":41459,"date":"2020-02-12T10:52:19","date_gmt":"2020-02-12T09:52:19","guid":{"rendered":"https:\/\/www.riksantikvaren.no\/verdensarv\/vegaoyan\/"},"modified":"2021-05-05T01:50:32","modified_gmt":"2021-05-04T23:50:32","slug":"vegaoyan","status":"publish","type":"page","link":"https:\/\/riksantikvaren.no\/se\/mailmmiarbi\/vegasullot\/","title":{"rendered":"Vegasullot (Vega\u00f8yan)"},"content":{"rendered":"<div class=\"wpb-content-wrapper\"><p>[vc_row][vc_column width=&#8221;1\/2&#8243;]<p class=\"categories font-size-xxs default\"><span class=\"category\" id=\"subject\">M\u00c1ILMMI\u00c1RBI<\/span><\/p><div class=\"header left  default\"><h1 class=\"\" id=\"overskift\">Vegasullot<\/h1><\/div><div id=\"entrance-ingres\" class=\"entrance-ingres\"><p>Vegasullot leat Helgel\u00e1ndda rittus Nordl\u00e1nddas. Guovllus lea doaimmahuvvon guol\u00e1steapmi ja bivdu dan ma\u014bemus 10 000 jagi. Da\u0111istaga go daid vuostta\u0161 sulluide \u00e1saiduvve olbmot, de h\u00e1bmejuvvui dat mihtilmas eanadat ovttasdoaibmamis guol\u00e1stusboanddain ja garra, muhto \u0161attola\u0161 eatnamiin.<\/p><\/div>[\/vc_column][vc_column width=&#8221;1\/2&#8243;]\n\t\t\t<figure class=\"standard-image \">\n\t\t\t\t<a class=\"gallery\" href=\"#image-3576\" title=\"\u00c5pne stort bilde i felles bildegalleri\" data-gallery=\"3576\"><img loading=\"lazy\" decoding=\"async\" width=\"3456\" height=\"2304\" src=\"https:\/\/riksantikvaren.no\/content\/uploads\/2019\/10\/skjaervaer.jpg\" class=\"attachment- size-\" alt=\"Bilde av Skj\u00e6rv\u00e6r med lyng og hei i forgrunnen, fiskev\u00e6r og havet i bakgrunnen.\" srcset=\"https:\/\/riksantikvaren.no\/content\/uploads\/2019\/10\/skjaervaer.jpg 3456w, https:\/\/riksantikvaren.no\/content\/uploads\/2019\/10\/skjaervaer-300x200.jpg 300w, https:\/\/riksantikvaren.no\/content\/uploads\/2019\/10\/skjaervaer-768x512.jpg 768w, https:\/\/riksantikvaren.no\/content\/uploads\/2019\/10\/skjaervaer-1024x683.jpg 1024w, https:\/\/riksantikvaren.no\/content\/uploads\/2019\/10\/skjaervaer-320x213.jpg 320w, https:\/\/riksantikvaren.no\/content\/uploads\/2019\/10\/skjaervaer-420x280.jpg 420w, https:\/\/riksantikvaren.no\/content\/uploads\/2019\/10\/skjaervaer-576x384.jpg 576w, https:\/\/riksantikvaren.no\/content\/uploads\/2019\/10\/skjaervaer-992x661.jpg 992w, https:\/\/riksantikvaren.no\/content\/uploads\/2019\/10\/skjaervaer-1200x800.jpg 1200w, https:\/\/riksantikvaren.no\/content\/uploads\/2019\/10\/skjaervaer-1920x1280.jpg 1920w\" sizes=\"auto, (max-width: 3456px) 100vw, 3456px\" title=\"\"><\/a>\n\t\t\t\t<figcaption><strong>Skj\u00e6rv\u00e6r.<\/strong> Skj\u00e6rv\u00e6r p\u00e5 Vega\u00f8yan p\u00e5 Helgelandskysten i Nordland. I omr\u00e5det har det v\u00e6rt drevet fiske og fangst de siste ti tusen \u00e5rene. Sanking av egg og dun fra de ville \u00e6rfuglene har v\u00e6rt en viktig del av n\u00e6ringsgrunnlaget helt siden middelalderen. Vega\u00f8yan st\u00e5r p\u00e5 Unescos verdensarvliste.  Foto: Jon Br\u00e6nne, NIKU<\/figcaption>\n\t\t\t<\/figure>[\/vc_column][\/vc_row][vc_row][vc_column width=&#8221;2\/3&#8243;][vc_column_text]<\/p>\n<h2>Vegasulluid birra<\/h2>\n<p>D\u00e1n 1037 km\u00b2 stuora kultureanadagas leat sullot, sullo\u017eat, l\u00e1ssat ja mearra.<\/p>\n<p>Vegasulluin leat vihttanuppelohk\u00e1i suolojoavkku main oktiibuot 59 sullos leat orron olbmot. Suolojovkkuide gullet sullot gos olbmot leat orron ja \u00e1vdin sullot mat ovttas dagahit ovtta sosi\u00e1la ovttadaga.<\/p>\n<p>H\u00e1vdadoallu lea juo 800- logu loahpa \u010d\u00e1llosiin namuhuvvon\u00a0 eal\u00e1husgeaidnun Norggas. Olles gaska\u00e1iggis gitta otn\u00e1\u017eii lea vilda h\u00e1vddaid monne- ja uvja\u010doaggin leama\u0161 deh\u00e1la\u0161 oassi Helgel\u00e1ndda rittu eal\u00e1husvuo\u0111us. M\u00e1ilmmi\u00e1rbeguovllu m\u00e1\u014bgga sullos dollojuvvo ain \u00e1rbevirola\u0161 uvja\u010doaggin gov\u010d\u010dasbuvttadeapm\u00e1i \u00e1rvosa\u017e\u017ean.<\/p>\n<p>H\u00e1vdadoallu lea leama\u0161 eal\u00e1husgeaidnu maid nissonat leat doaimmahan ja m\u00e1ilmmi\u00e1rbelistui sisa\u010d\u00e1liheapmi rehkenastojuvvo maiddai leat gudne\u010d\u00e1jeheapmin sin bargguide.<\/p>\n<h2>M\u00e1ilmmi\u00e1rbi<\/h2>\n<p>Vegasullot \u010d\u00e1llojuvvui m\u00e1ilmmi kultur- ja luonddu\u00e1rbelistui 2004:s.[\/vc_column_text][vc_gmaps link=&#8221;#E-8_JTNDaWZyYW1lJTIwc3JjJTNEJTIyaHR0cHMlM0ElMkYlMkZ3d3cuZ29vZ2xlLmNvbSUyRm1hcHMlMkZlbWJlZCUzRnBiJTNEJTIxNHYxNTgxOTQxNTI0NjcwJTIxNm04JTIxMW03JTIxMXNEYUlPMjdMZHdIMi1VWHpTZkRuNlJRJTIxMm0yJTIxMWQ2NS42MDQ5Mzc1MjAyNjY1OSUyMTJkMTEuODY5NDY0Mzc3OTM4MTYlMjEzZjI2LjkxMTYzODM0MDExMTk1JTIxNGYtNS4xNTU5MzY5OTQ5OTA1ODMlMjE1ZjAuNzgyMDg2NTk3NDYyNzQ2OSUyMiUyMHdpZHRoJTNEJTIyNjAwJTIyJTIwaGVpZ2h0JTNEJTIyNDUwJTIyJTIwZnJhbWVib3JkZXIlM0QlMjIwJTIyJTIwc3R5bGUlM0QlMjJib3JkZXIlM0EwJTNCJTIyJTIwYWxsb3dmdWxsc2NyZWVuJTNEJTIyJTIyJTNFJTNDJTJGaWZyYW1lJTNF&#8221; title=&#8221;Oahp\u00e1snuva Vegasulluide:&#8221;][vc_column_text]<\/p>\n<h2>Geah\u010da govaid Vegasulluin<\/h2>\n<p>[\/vc_column_text]\t\t<div class=\"swiper-container\">\n\t\t\t\t\t\t<div class=\"swiper-wrapper\">\n\t\t\t\t<div class=\"swiper-slide equal-height\"><a class=\"gallery\" href=\"#image-16028\" title=\"\u00c5pne stort bilde i felles bildegalleri\" data-gallery=\"16028\"><img loading=\"lazy\" decoding=\"async\" width=\"992\" height=\"646\" src=\"https:\/\/riksantikvaren.no\/content\/uploads\/2019\/11\/Kystverket-Skjaervaer-fiskerihavn-992x646.jpg\" class=\"attachment-img-lg size-img-lg\" alt=\"\" style=\"max-height:400px\" srcset=\"https:\/\/riksantikvaren.no\/content\/uploads\/2019\/11\/Kystverket-Skjaervaer-fiskerihavn-992x646.jpg 992w, https:\/\/riksantikvaren.no\/content\/uploads\/2019\/11\/Kystverket-Skjaervaer-fiskerihavn-300x195.jpg 300w, https:\/\/riksantikvaren.no\/content\/uploads\/2019\/11\/Kystverket-Skjaervaer-fiskerihavn-1024x666.jpg 1024w, https:\/\/riksantikvaren.no\/content\/uploads\/2019\/11\/Kystverket-Skjaervaer-fiskerihavn-768x500.jpg 768w, https:\/\/riksantikvaren.no\/content\/uploads\/2019\/11\/Kystverket-Skjaervaer-fiskerihavn-1536x1000.jpg 1536w, https:\/\/riksantikvaren.no\/content\/uploads\/2019\/11\/Kystverket-Skjaervaer-fiskerihavn-2048x1333.jpg 2048w, https:\/\/riksantikvaren.no\/content\/uploads\/2019\/11\/Kystverket-Skjaervaer-fiskerihavn-320x208.jpg 320w, https:\/\/riksantikvaren.no\/content\/uploads\/2019\/11\/Kystverket-Skjaervaer-fiskerihavn-420x273.jpg 420w, https:\/\/riksantikvaren.no\/content\/uploads\/2019\/11\/Kystverket-Skjaervaer-fiskerihavn-576x375.jpg 576w, https:\/\/riksantikvaren.no\/content\/uploads\/2019\/11\/Kystverket-Skjaervaer-fiskerihavn-1200x781.jpg 1200w, https:\/\/riksantikvaren.no\/content\/uploads\/2019\/11\/Kystverket-Skjaervaer-fiskerihavn-1920x1250.jpg 1920w\" sizes=\"auto, (max-width: 992px) 100vw, 992px\" title=\"\"><\/a><div class=\"caption\"><strong>Havna p\u00e5 Skj\u00e6rv\u00e6r.<\/strong> Innenfor moloen <br><strong>Foto:<\/strong> Riksantikvaren<\/div><\/div><div class=\"swiper-slide equal-height\"><a class=\"gallery\" href=\"#image-9471\" title=\"\u00c5pne stort bilde i felles bildegalleri\" data-gallery=\"9471\"><img loading=\"lazy\" decoding=\"async\" width=\"992\" height=\"659\" src=\"https:\/\/riksantikvaren.no\/content\/uploads\/2019\/10\/e-hus-paa-vega-992x659.jpg\" class=\"attachment-img-lg size-img-lg\" alt=\"Bilde av E-hus p\u00e5 Vega, med blomstereng rundt. Verdiskapingsprosjektet \u00abDen verdifulle kystkulturen i Nordland\u00bb har bidratt til \u00e5 f\u00f8re kunnskapen om \u00e6rfuglen som husdyr vidare og til at edderdunsprodukt nok ein gong er p\u00e5 marknaden. Foto: Marit Bendz \/ Riksantikvaren\" style=\"max-height:400px\" srcset=\"https:\/\/riksantikvaren.no\/content\/uploads\/2019\/10\/e-hus-paa-vega-992x659.jpg 992w, https:\/\/riksantikvaren.no\/content\/uploads\/2019\/10\/e-hus-paa-vega-300x199.jpg 300w, https:\/\/riksantikvaren.no\/content\/uploads\/2019\/10\/e-hus-paa-vega-768x510.jpg 768w, https:\/\/riksantikvaren.no\/content\/uploads\/2019\/10\/e-hus-paa-vega-1024x680.jpg 1024w, https:\/\/riksantikvaren.no\/content\/uploads\/2019\/10\/e-hus-paa-vega-320x213.jpg 320w, https:\/\/riksantikvaren.no\/content\/uploads\/2019\/10\/e-hus-paa-vega-420x279.jpg 420w, https:\/\/riksantikvaren.no\/content\/uploads\/2019\/10\/e-hus-paa-vega-576x383.jpg 576w, https:\/\/riksantikvaren.no\/content\/uploads\/2019\/10\/e-hus-paa-vega-1200x797.jpg 1200w, https:\/\/riksantikvaren.no\/content\/uploads\/2019\/10\/e-hus-paa-vega-1920x1275.jpg 1920w\" sizes=\"auto, (max-width: 992px) 100vw, 992px\" title=\"\"><\/a><div class=\"caption\"><strong>E-hus p\u00e5 Vega.<\/strong> E-husa p\u00e5 Vega blir reinsa og f\u00e5r ny tang kvart \u00e5r. Verdiskapingsprosjektet \u00abDen verdifulle kystkulturen i Nordland\u00bb har bidratt til \u00e5 f\u00f8re kunnskapen om \u00e6rfuglen som husdyr vidare og til at edderdunsprodukt nok ein gong er p\u00e5 marknaden.  <br><strong>Foto:<\/strong> Marit Bendz, Riksantikvaren<\/div><\/div><div class=\"swiper-slide equal-height\"><a class=\"gallery\" href=\"#image-9432\" title=\"\u00c5pne stort bilde i felles bildegalleri\" data-gallery=\"9432\"><img loading=\"lazy\" decoding=\"async\" width=\"992\" height=\"744\" src=\"https:\/\/riksantikvaren.no\/content\/uploads\/2019\/10\/skjaervaer-vegaoeyan.-992x744.png\" class=\"attachment-img-lg size-img-lg\" alt=\"Bilde av Skj\u00e6rv\u00e6r med lyngkledd hei i forgrunnen, tungskyet himmel og havet i bakgrunnen. Foto: Jon Br\u00e6nne \/ Riksantikvaren\" style=\"max-height:400px\" srcset=\"https:\/\/riksantikvaren.no\/content\/uploads\/2019\/10\/skjaervaer-vegaoeyan.-992x744.png 992w, https:\/\/riksantikvaren.no\/content\/uploads\/2019\/10\/skjaervaer-vegaoeyan.-300x225.png 300w, https:\/\/riksantikvaren.no\/content\/uploads\/2019\/10\/skjaervaer-vegaoeyan.-768x576.png 768w, https:\/\/riksantikvaren.no\/content\/uploads\/2019\/10\/skjaervaer-vegaoeyan.-1024x768.png 1024w, https:\/\/riksantikvaren.no\/content\/uploads\/2019\/10\/skjaervaer-vegaoeyan.-320x240.png 320w, https:\/\/riksantikvaren.no\/content\/uploads\/2019\/10\/skjaervaer-vegaoeyan.-420x315.png 420w, https:\/\/riksantikvaren.no\/content\/uploads\/2019\/10\/skjaervaer-vegaoeyan.-576x432.png 576w, https:\/\/riksantikvaren.no\/content\/uploads\/2019\/10\/skjaervaer-vegaoeyan..png 1200w\" sizes=\"auto, (max-width: 992px) 100vw, 992px\" title=\"\"><\/a><div class=\"caption\"><strong>Skj\u00e6rv\u00e6r<\/strong> Skj\u00e6rv\u00e6r er en del av verdensarvomr\u00e5det Vega\u00f8yan. Foto: Jon Br\u00e6nne \/ Riksantikvaren<\/p> <br><strong>Foto:<\/strong> Jon Br\u00e6nne, Riksantikvaren<\/div><\/div><div class=\"swiper-slide equal-height\"><a class=\"gallery\" href=\"#image-9402\" title=\"\u00c5pne stort bilde i felles bildegalleri\" data-gallery=\"9402\"><img loading=\"lazy\" decoding=\"async\" width=\"992\" height=\"661\" src=\"https:\/\/riksantikvaren.no\/content\/uploads\/2019\/10\/hysvaer-paa-vega-992x661.jpg\" class=\"attachment-img-lg size-img-lg\" alt=\"Bilde av vakre Hysv\u00e6r p\u00e5 Vega\u00f8yan, med slettelandskap i forgrunnen og fjell og hav i bakgrunnen. Foto: J.H. J\u00f8rgensen Vega\u00f8yan verdensarv\" style=\"max-height:400px\" srcset=\"https:\/\/riksantikvaren.no\/content\/uploads\/2019\/10\/hysvaer-paa-vega-992x661.jpg 992w, https:\/\/riksantikvaren.no\/content\/uploads\/2019\/10\/hysvaer-paa-vega-300x200.jpg 300w, https:\/\/riksantikvaren.no\/content\/uploads\/2019\/10\/hysvaer-paa-vega-768x512.jpg 768w, https:\/\/riksantikvaren.no\/content\/uploads\/2019\/10\/hysvaer-paa-vega-1024x683.jpg 1024w, https:\/\/riksantikvaren.no\/content\/uploads\/2019\/10\/hysvaer-paa-vega-320x213.jpg 320w, https:\/\/riksantikvaren.no\/content\/uploads\/2019\/10\/hysvaer-paa-vega-420x280.jpg 420w, https:\/\/riksantikvaren.no\/content\/uploads\/2019\/10\/hysvaer-paa-vega-576x384.jpg 576w, https:\/\/riksantikvaren.no\/content\/uploads\/2019\/10\/hysvaer-paa-vega-1200x800.jpg 1200w, https:\/\/riksantikvaren.no\/content\/uploads\/2019\/10\/hysvaer-paa-vega-1920x1280.jpg 1920w\" sizes=\"auto, (max-width: 992px) 100vw, 992px\" title=\"\"><\/a><div class=\"caption\"><strong>Hysv\u00e6r.<\/strong> Fra vakre Hysv\u00e6r p\u00e5 Vega\u00f8yan.  <br><strong>Foto:<\/strong> J.H. J\u00f8rgensen<\/div><\/div><div class=\"swiper-slide equal-height\"><a class=\"gallery\" href=\"#image-6411\" title=\"\u00c5pne stort bilde i felles bildegalleri\" data-gallery=\"6411\"><img loading=\"lazy\" decoding=\"async\" width=\"992\" height=\"661\" src=\"https:\/\/riksantikvaren.no\/content\/uploads\/2019\/10\/vegaoeyan-1-992x661.jpg\" class=\"attachment-img-lg size-img-lg\" alt=\"\" style=\"max-height:400px\" srcset=\"https:\/\/riksantikvaren.no\/content\/uploads\/2019\/10\/vegaoeyan-1-992x661.jpg 992w, https:\/\/riksantikvaren.no\/content\/uploads\/2019\/10\/vegaoeyan-1-300x200.jpg 300w, https:\/\/riksantikvaren.no\/content\/uploads\/2019\/10\/vegaoeyan-1-768x512.jpg 768w, https:\/\/riksantikvaren.no\/content\/uploads\/2019\/10\/vegaoeyan-1-1024x683.jpg 1024w, https:\/\/riksantikvaren.no\/content\/uploads\/2019\/10\/vegaoeyan-1-320x213.jpg 320w, https:\/\/riksantikvaren.no\/content\/uploads\/2019\/10\/vegaoeyan-1-420x280.jpg 420w, https:\/\/riksantikvaren.no\/content\/uploads\/2019\/10\/vegaoeyan-1-576x384.jpg 576w, https:\/\/riksantikvaren.no\/content\/uploads\/2019\/10\/vegaoeyan-1-1200x800.jpg 1200w, https:\/\/riksantikvaren.no\/content\/uploads\/2019\/10\/vegaoeyan-1-1920x1280.jpg 1920w\" sizes=\"auto, (max-width: 992px) 100vw, 992px\" title=\"\"><\/a><div class=\"caption\"><strong>Skj\u00e6rv\u00e6r p\u00e5 Vega<\/strong>  <\/div><\/div><div class=\"swiper-slide equal-height\"><a class=\"gallery\" href=\"#image-2058\" title=\"\u00c5pne stort bilde i felles bildegalleri\" data-gallery=\"2058\"><img loading=\"lazy\" decoding=\"async\" width=\"992\" height=\"700\" src=\"https:\/\/riksantikvaren.no\/content\/uploads\/2019\/10\/vegaoeyan-992x700.jpg\" class=\"attachment-img-lg size-img-lg\" alt=\"Flokk med \u00e6rfugl som sv\u00f8mmer i sj\u00f8en ved Skj\u00e6rv\u00e6r p\u00e5 Vega. Foto: Jon Br\u00e6nne \/ Riksantikvaren\" style=\"max-height:400px\" srcset=\"https:\/\/riksantikvaren.no\/content\/uploads\/2019\/10\/vegaoeyan-992x700.jpg 992w, https:\/\/riksantikvaren.no\/content\/uploads\/2019\/10\/vegaoeyan-300x212.jpg 300w, https:\/\/riksantikvaren.no\/content\/uploads\/2019\/10\/vegaoeyan-1024x723.jpg 1024w, https:\/\/riksantikvaren.no\/content\/uploads\/2019\/10\/vegaoeyan-768x542.jpg 768w, https:\/\/riksantikvaren.no\/content\/uploads\/2019\/10\/vegaoeyan-320x226.jpg 320w, https:\/\/riksantikvaren.no\/content\/uploads\/2019\/10\/vegaoeyan-420x296.jpg 420w, https:\/\/riksantikvaren.no\/content\/uploads\/2019\/10\/vegaoeyan-576x407.jpg 576w, https:\/\/riksantikvaren.no\/content\/uploads\/2019\/10\/vegaoeyan.jpg 1200w\" sizes=\"auto, (max-width: 992px) 100vw, 992px\" title=\"\"><\/a><div class=\"caption\"><strong>\u00c6rfugl.<\/strong> Fra Skj\u00e6rv\u00e6r p\u00e5 Vega som ble innskrevet p\u00e5 Verdensarvlisten i 2004. Foto: Jon Br\u00e6nne \/ Riksantikvaren<\/p> <br><strong>Foto:<\/strong> Jon Br\u00e6nne, Riksantikvaren<\/div><\/div><div class=\"swiper-slide equal-height\"><a class=\"gallery\" href=\"#image-2055\" title=\"\u00c5pne stort bilde i felles bildegalleri\" data-gallery=\"2055\"><img loading=\"lazy\" decoding=\"async\" width=\"992\" height=\"661\" src=\"https:\/\/riksantikvaren.no\/content\/uploads\/2019\/10\/vega-1-992x661.jpg\" class=\"attachment-img-lg size-img-lg\" alt=\"\" style=\"max-height:400px\" srcset=\"https:\/\/riksantikvaren.no\/content\/uploads\/2019\/10\/vega-1-992x661.jpg 992w, https:\/\/riksantikvaren.no\/content\/uploads\/2019\/10\/vega-1-300x200.jpg 300w, https:\/\/riksantikvaren.no\/content\/uploads\/2019\/10\/vega-1-1024x683.jpg 1024w, https:\/\/riksantikvaren.no\/content\/uploads\/2019\/10\/vega-1-768x512.jpg 768w, https:\/\/riksantikvaren.no\/content\/uploads\/2019\/10\/vega-1-320x213.jpg 320w, https:\/\/riksantikvaren.no\/content\/uploads\/2019\/10\/vega-1-420x280.jpg 420w, https:\/\/riksantikvaren.no\/content\/uploads\/2019\/10\/vega-1-576x384.jpg 576w, https:\/\/riksantikvaren.no\/content\/uploads\/2019\/10\/vega-1.jpg 1200w\" sizes=\"auto, (max-width: 992px) 100vw, 992px\" title=\"\"><\/a><div class=\"caption\"><strong>Vega<\/strong>  <\/div><\/div><div class=\"swiper-slide equal-height\"><a class=\"gallery\" href=\"#image-1935\" title=\"\u00c5pne stort bilde i felles bildegalleri\" data-gallery=\"1935\"><img loading=\"lazy\" decoding=\"async\" width=\"992\" height=\"664\" src=\"https:\/\/riksantikvaren.no\/content\/uploads\/2019\/10\/vega-992x664.jpg\" class=\"attachment-img-lg size-img-lg\" alt=\"Bilde av bebyggelse p\u00e5 Vega\u00f8yan, med sl\u00e5ttemarker i forgrunnen og heier og bl\u00e5 himmel.\" style=\"max-height:400px\" srcset=\"https:\/\/riksantikvaren.no\/content\/uploads\/2019\/10\/vega-992x664.jpg 992w, https:\/\/riksantikvaren.no\/content\/uploads\/2019\/10\/vega-300x201.jpg 300w, https:\/\/riksantikvaren.no\/content\/uploads\/2019\/10\/vega-1024x685.jpg 1024w, https:\/\/riksantikvaren.no\/content\/uploads\/2019\/10\/vega-768x514.jpg 768w, https:\/\/riksantikvaren.no\/content\/uploads\/2019\/10\/vega-1536x1028.jpg 1536w, https:\/\/riksantikvaren.no\/content\/uploads\/2019\/10\/vega-320x214.jpg 320w, https:\/\/riksantikvaren.no\/content\/uploads\/2019\/10\/vega-420x281.jpg 420w, https:\/\/riksantikvaren.no\/content\/uploads\/2019\/10\/vega-576x386.jpg 576w, https:\/\/riksantikvaren.no\/content\/uploads\/2019\/10\/vega-1200x803.jpg 1200w, https:\/\/riksantikvaren.no\/content\/uploads\/2019\/10\/vega.jpg 1920w\" sizes=\"auto, (max-width: 992px) 100vw, 992px\" title=\"\"><\/a><div class=\"caption\"><strong>Vega\u00f8yan<\/strong> Vega\u00f8yan <\/div><\/div>\t\t\t<\/div>\n\t\t\t<div class=\"swiper-pagination\"><\/div>\n\t\t\t\t\t\t\t\n\t\t\t<div class=\"swiper-button-next\"><\/div>\n\t\t\t<div class=\"swiper-button-prev\"><\/div>\t\t\t\t\t<\/div>\n\t\t[\/vc_column][vc_column width=&#8221;1\/3&#8243;][vc_gmaps link=&#8221;#E-8_JTNDaWZyYW1lJTIwc3JjJTNEJTIyaHR0cHMlM0ElMkYlMkZ3d3cuZ29vZ2xlLmNvbSUyRm1hcHMlMkZkJTJGZW1iZWQlM0ZtaWQlM0QxQ1Y0M241Q2hMU0YwYTlkN0VCbFh5RkNXOUdMUlFnRlElMjZobCUzRG5vJTIyJTIwd2lkdGglM0QlMjI2NDAlMjIlMjBoZWlnaHQlM0QlMjI0ODAlMjIlM0UlM0MlMkZpZnJhbWUlM0U=&#8221;][\/vc_column][\/vc_row]<\/p>\n<\/div>","protected":false},"excerpt":{"rendered":"<p>[vc_row][vc_column width=&#8221;1\/2&#8243;][\/vc_column][vc_column width=&#8221;1\/2&#8243;][\/vc_column][\/vc_row][vc_row][vc_column width=&#8221;2\/3&#8243;][vc_column_text] Vegasulluid birra D\u00e1n 1037 km\u00b2 stuora kultureanadagas leat sullot, sullo\u017eat, l\u00e1ssat ja mearra. Vegasulluin leat vihttanuppelohk\u00e1i suolojoavkku main oktiibuot 59 sullos leat orron olbmot. Suolojovkkuide gullet sullot gos olbmot leat orron&#8230;<\/p>\n","protected":false},"author":13,"featured_media":0,"parent":40977,"menu_order":0,"comment_status":"closed","ping_status":"closed","template":"","meta":{"ep_exclude_from_search":false,"footnotes":"","algolia_no_indexing":false,"boosted":0},"coauthors":[495,444],"class_list":["post-41459","page","type-page","status-publish","hentry"],"acf":[],"_links":{"self":[{"href":"https:\/\/riksantikvaren.no\/se\/wp-json\/wp\/v2\/pages\/41459","targetHints":{"allow":["GET"]}}],"collection":[{"href":"https:\/\/riksantikvaren.no\/se\/wp-json\/wp\/v2\/pages"}],"about":[{"href":"https:\/\/riksantikvaren.no\/se\/wp-json\/wp\/v2\/types\/page"}],"author":[{"embeddable":true,"href":"https:\/\/riksantikvaren.no\/se\/wp-json\/wp\/v2\/users\/13"}],"replies":[{"embeddable":true,"href":"https:\/\/riksantikvaren.no\/se\/wp-json\/wp\/v2\/comments?post=41459"}],"version-history":[{"count":2,"href":"https:\/\/riksantikvaren.no\/se\/wp-json\/wp\/v2\/pages\/41459\/revisions"}],"predecessor-version":[{"id":41464,"href":"https:\/\/riksantikvaren.no\/se\/wp-json\/wp\/v2\/pages\/41459\/revisions\/41464"}],"up":[{"embeddable":true,"href":"https:\/\/riksantikvaren.no\/se\/wp-json\/wp\/v2\/pages\/40977"}],"wp:attachment":[{"href":"https:\/\/riksantikvaren.no\/se\/wp-json\/wp\/v2\/media?parent=41459"}],"wp:term":[{"taxonomy":"author","embeddable":true,"href":"https:\/\/riksantikvaren.no\/se\/wp-json\/wp\/v2\/coauthors?post=41459"}],"curies":[{"name":"wp","href":"https:\/\/api.w.org\/{rel}","templated":true}]}}