{"id":41468,"date":"2020-02-12T11:05:22","date_gmt":"2020-02-12T10:05:22","guid":{"rendered":"https:\/\/www.riksantikvaren.no\/verdensarv\/vestnorsk-fjordlandskap\/"},"modified":"2021-05-05T02:01:38","modified_gmt":"2021-05-05T00:01:38","slug":"vestnorsk-fjordlandskap","status":"publish","type":"page","link":"https:\/\/riksantikvaren.no\/se\/mailmmiarbi\/oarje-norgga-vuotnaeanadat\/","title":{"rendered":"Oarje- Norgga vuotnaeanadat (Vestnorsk fjordlandskap)"},"content":{"rendered":"<div class=\"wpb-content-wrapper\"><p>[vc_row][vc_column width=&#8221;1\/2&#8243;]<p class=\"categories font-size-xxs default\"><span class=\"category\" id=\"subject\">M\u00c1ILMMI\u00c1RBI<\/span><\/p><div class=\"header left  default\"><h1 class=\"\" id=\"overskift\">Oarje- Norgga vuotnaeanadat<\/h1><\/div><div id=\"entrance-ingres\" class=\"entrance-ingres\"><p>Oarje- Norgga vuotnaeanadat m\u00e1ilmmi\u00e1rbi f\u00e1tmmasta Geirangervuona M\u00f8re ja Romsdalas ja N\u00e6r\u00f8yvuona Vestl\u00e1nddas.<\/p><\/div>[\/vc_column][vc_column width=&#8221;1\/2&#8243;]\n\t\t\t<figure class=\"standard-image \">\n\t\t\t\t<a class=\"gallery\" href=\"#image-9444\" title=\"\u00c5pne stort bilde i felles bildegalleri\" data-gallery=\"9444\"><img loading=\"lazy\" decoding=\"async\" width=\"2977\" height=\"1954\" src=\"https:\/\/riksantikvaren.no\/content\/uploads\/2019\/10\/styvi-gaard-naeroeyfjorden.jpg\" class=\"attachment- size-\" alt=\"Styvi gard\" srcset=\"https:\/\/riksantikvaren.no\/content\/uploads\/2019\/10\/styvi-gaard-naeroeyfjorden.jpg 2977w, https:\/\/riksantikvaren.no\/content\/uploads\/2019\/10\/styvi-gaard-naeroeyfjorden-300x197.jpg 300w, https:\/\/riksantikvaren.no\/content\/uploads\/2019\/10\/styvi-gaard-naeroeyfjorden-768x504.jpg 768w, https:\/\/riksantikvaren.no\/content\/uploads\/2019\/10\/styvi-gaard-naeroeyfjorden-1024x672.jpg 1024w, https:\/\/riksantikvaren.no\/content\/uploads\/2019\/10\/styvi-gaard-naeroeyfjorden-320x210.jpg 320w, https:\/\/riksantikvaren.no\/content\/uploads\/2019\/10\/styvi-gaard-naeroeyfjorden-420x276.jpg 420w, https:\/\/riksantikvaren.no\/content\/uploads\/2019\/10\/styvi-gaard-naeroeyfjorden-576x378.jpg 576w, https:\/\/riksantikvaren.no\/content\/uploads\/2019\/10\/styvi-gaard-naeroeyfjorden-992x651.jpg 992w, https:\/\/riksantikvaren.no\/content\/uploads\/2019\/10\/styvi-gaard-naeroeyfjorden-1200x788.jpg 1200w, https:\/\/riksantikvaren.no\/content\/uploads\/2019\/10\/styvi-gaard-naeroeyfjorden-1920x1260.jpg 1920w\" sizes=\"auto, (max-width: 2977px) 100vw, 2977px\" title=\"\"><\/a>\n\t\t\t\t<figcaption><strong>Styvi gard<\/strong> Styvi gard ved sj\u00f8kanten i N\u00e6r\u00f8yfjorden er ein del av Verdsarven Vestnorsk fjordlandskap. Foto: Trond Taugb\u00f8l, Riksantikvaren<\/figcaption>\n\t\t\t<\/figure>[\/vc_column][\/vc_row][vc_row][vc_column width=&#8221;2\/3&#8243;][vc_column_text]<\/p>\n<h2>Oarje- Norgga vuotnaeanadaga birra<\/h2>\n<p>Dan guokte hirpmahuhtti \u010d\u00e1ppa vuotnaguovllu gaskka lea 120 km ja dat leaba geologala\u0161 mearkka\u0161umis ovdamearkkat klassihkala\u0161 vuotnaeanadagaide. Dat \u010d\u00e1jeheaba eanadaga ovd\u00e1neami ma\u014bemus jiek\u014ba\u00e1iggis otn\u00e1\u017eii. Goappa\u0161 guovllut leaba ovdamearkkat nuorra, aktiivvala\u0161 jiehkeeanadagaide.<\/p>\n<p>Mearkkat mat dain eanadagain leat, \u010d\u00e1jehit ahte vuotnaguovlluid leat geavahan olbmot dan r\u00e1jesgo jiek\u014ba suddago\u0111ii 10 000 jagi d\u00e1s ovdal. Sm\u00e1vva dulbodagain vuonas leat d\u00e1llodoalut ja b\u00e1ktestelliin badjin vuonas leat meahcced\u00e1llodoalut. Eanas doaluin leat olbmot d\u00e1l f\u00e1rren.<\/p>\n<p>D\u00e1llodoalut leat b\u00e1ikkiin mat suddjejit muohta- ja gea\u0111geu\u0111\u0111asa vuost\u00e1. Orrumat \u010d\u00e1jehit ahte dain b\u00e1ikkiin leat doaimmahan sm\u00e1vva d\u00e1llodoaluid mat leat heivehuvvon v\u00e1rala\u0161, muhto seamm\u00e1s \u0161attola\u0161 eatnamiidda. V\u00e1ris leat m\u00e1\u014bga v\u00e1kki gos g\u00e1vdnojit geassesajit.<\/p>\n<p>Guovlluin leat unn\u00e1n olmmo\u0161la\u0161 v\u00e1ikkuhusat. \u010coahkkeb\u00e1ikkiid olggobealde, jihkiid, b\u00e1ljes duoddariid ja vuonaid gaskkas leat unn\u00e1n oinnola\u0161 teknihkala\u0161 sisabahkkemat, nugo ovdamearkka dihte el- f\u00e1pmojohtasat. Geirangervuotna ja N\u00e6r\u00f8yvuotna leaba d\u00e1n dihte Norgga stuor\u00e1mus duohtatkeahtes vuotnaeanadagat.<\/p>\n<h2>M\u00e1ilmmi\u00e1rbi<\/h2>\n<p>Oarje- Norgga vuotnaeanadat \u010d\u00e1llojuvvui Unesco m\u00e1ilmmi\u00e1rbelistui 2005:s.[\/vc_column_text][vc_gmaps link=&#8221;#E-8_JTNDaWZyYW1lJTIwc3JjJTNEJTIyaHR0cHMlM0ElMkYlMkZ3d3cuZ29vZ2xlLmNvbSUyRm1hcHMlMkZlbWJlZCUzRnBiJTNEJTIxNHYxNTgxOTQxOTQ4NjIxJTIxNm04JTIxMW03JTIxMXNDQW9TTEVGR01WRnBjRTh4UWxSb09DMHhZa3RTUzI1ZmJqaHpMWGRzWDJGVmNXOWtOR0ZPZGxwUVRWVlhWVjlEJTIxMm0yJTIxMWQ2Mi4xMTM1NTI0JTIxMmQ3LjE4NTU5NTQlMjEzZjI3Ny41MTY4MjcyNjQ0MTc1NCUyMTRmLTIuNjQ2MzY4MzM1Nzg4NTA5JTIxNWYwLjc4MjA4NjU5NzQ2Mjc0NjklMjIlMjB3aWR0aCUzRCUyMjYwMCUyMiUyMGhlaWdodCUzRCUyMjQ1MCUyMiUyMGZyYW1lYm9yZGVyJTNEJTIyMCUyMiUyMHN0eWxlJTNEJTIyYm9yZGVyJTNBMCUzQiUyMiUyMGFsbG93ZnVsbHNjcmVlbiUzRCUyMiUyMiUzRSUzQyUyRmlmcmFtZSUzRQ==&#8221; title=&#8221;Oahp\u00e1snuva Geirangervutnii&#8221;][vc_column_text]<\/p>\n<h2>Bl\u00e1\u0111e govaid mat leat govvejuvvon Oarje- Norgga vuotnaeanadagas<\/h2>\n<p>[\/vc_column_text]\t\t<div class=\"swiper-container\">\n\t\t\t\t\t\t<div class=\"swiper-wrapper\">\n\t\t\t\t<div class=\"swiper-slide equal-height\"><a class=\"gallery\" href=\"#image-21484\" title=\"\u00c5pne stort bilde i felles bildegalleri\" data-gallery=\"21484\"><img loading=\"lazy\" decoding=\"async\" width=\"992\" height=\"558\" src=\"https:\/\/riksantikvaren.no\/content\/uploads\/2019\/12\/Geirangerfjorden-992x558.jpg\" class=\"attachment-img-lg size-img-lg\" alt=\"Bilde av Geirangerfjorden er en del av Vestnorsk fjordlandskap, som er ett av de norske stedene som st\u00e5r p\u00e5 Unescos verdensarvliste. Foto: Ludovic P\u00e9ron via Wikimedia Commons.\" style=\"max-height:400px\" srcset=\"https:\/\/riksantikvaren.no\/content\/uploads\/2019\/12\/Geirangerfjorden-992x558.jpg 992w, https:\/\/riksantikvaren.no\/content\/uploads\/2019\/12\/Geirangerfjorden-300x169.jpg 300w, https:\/\/riksantikvaren.no\/content\/uploads\/2019\/12\/Geirangerfjorden-1024x576.jpg 1024w, https:\/\/riksantikvaren.no\/content\/uploads\/2019\/12\/Geirangerfjorden-768x432.jpg 768w, https:\/\/riksantikvaren.no\/content\/uploads\/2019\/12\/Geirangerfjorden-1536x864.jpg 1536w, https:\/\/riksantikvaren.no\/content\/uploads\/2019\/12\/Geirangerfjorden-320x180.jpg 320w, https:\/\/riksantikvaren.no\/content\/uploads\/2019\/12\/Geirangerfjorden-420x236.jpg 420w, https:\/\/riksantikvaren.no\/content\/uploads\/2019\/12\/Geirangerfjorden-576x324.jpg 576w, https:\/\/riksantikvaren.no\/content\/uploads\/2019\/12\/Geirangerfjorden-1200x675.jpg 1200w, https:\/\/riksantikvaren.no\/content\/uploads\/2019\/12\/Geirangerfjorden.jpg 1920w\" sizes=\"auto, (max-width: 992px) 100vw, 992px\" title=\"\"><\/a><div class=\"caption\"><strong>Geirangerfjorden<\/strong> Geirangerfjorden er en del av Vestnorsk fjordlandskap, som er ett av de norske stedene som st\u00e5r p\u00e5 UNESCOs verdensarvliste. Foto: Ludovic P\u00e9ron (CC BY-SA), via Wikimedia Commons.  <br><strong>Foto:<\/strong> Ludovic P\u00e9ron (CC BY-SA), via Wikimedia Commons. <\/div><\/div><div class=\"swiper-slide equal-height\"><a class=\"gallery\" href=\"#image-2061\" title=\"\u00c5pne stort bilde i felles bildegalleri\" data-gallery=\"2061\"><img loading=\"lazy\" decoding=\"async\" width=\"992\" height=\"744\" src=\"https:\/\/riksantikvaren.no\/content\/uploads\/2019\/10\/vestnorsk-fjordlandskap-992x744.jpg\" class=\"attachment-img-lg size-img-lg\" alt=\"Foto: Werner Harstad Statens vegvesen \u2013 Nasjonaleturistveger.no\" style=\"max-height:400px\" srcset=\"https:\/\/riksantikvaren.no\/content\/uploads\/2019\/10\/vestnorsk-fjordlandskap-992x744.jpg 992w, https:\/\/riksantikvaren.no\/content\/uploads\/2019\/10\/vestnorsk-fjordlandskap-300x225.jpg 300w, https:\/\/riksantikvaren.no\/content\/uploads\/2019\/10\/vestnorsk-fjordlandskap-1024x768.jpg 1024w, https:\/\/riksantikvaren.no\/content\/uploads\/2019\/10\/vestnorsk-fjordlandskap-768x576.jpg 768w, https:\/\/riksantikvaren.no\/content\/uploads\/2019\/10\/vestnorsk-fjordlandskap-320x240.jpg 320w, https:\/\/riksantikvaren.no\/content\/uploads\/2019\/10\/vestnorsk-fjordlandskap-420x315.jpg 420w, https:\/\/riksantikvaren.no\/content\/uploads\/2019\/10\/vestnorsk-fjordlandskap-576x432.jpg 576w, https:\/\/riksantikvaren.no\/content\/uploads\/2019\/10\/vestnorsk-fjordlandskap.jpg 1200w\" sizes=\"auto, (max-width: 992px) 100vw, 992px\" title=\"\"><\/a><div class=\"caption\"><strong>Vestnorsk fjordlandskap<\/strong>  <br><strong>Foto:<\/strong> Werner Harstad, Statens vegvesen \u2013 Nasjonaleturistveger.no<\/div><\/div><div class=\"swiper-slide equal-height\"><a class=\"gallery\" href=\"#image-25034\" title=\"\u00c5pne stort bilde i felles bildegalleri\" data-gallery=\"25034\"><img loading=\"lazy\" decoding=\"async\" width=\"661\" height=\"992\" src=\"https:\/\/riksantikvaren.no\/content\/uploads\/2020\/02\/Vestnorsk-fjordlandskap-Andrea-Albertino-661x992.jpg\" class=\"attachment-img-lg size-img-lg\" alt=\"\" style=\"max-height:400px\" srcset=\"https:\/\/riksantikvaren.no\/content\/uploads\/2020\/02\/Vestnorsk-fjordlandskap-Andrea-Albertino-661x992.jpg 661w, https:\/\/riksantikvaren.no\/content\/uploads\/2020\/02\/Vestnorsk-fjordlandskap-Andrea-Albertino-200x300.jpg 200w, https:\/\/riksantikvaren.no\/content\/uploads\/2020\/02\/Vestnorsk-fjordlandskap-Andrea-Albertino-683x1024.jpg 683w, https:\/\/riksantikvaren.no\/content\/uploads\/2020\/02\/Vestnorsk-fjordlandskap-Andrea-Albertino-213x320.jpg 213w, https:\/\/riksantikvaren.no\/content\/uploads\/2020\/02\/Vestnorsk-fjordlandskap-Andrea-Albertino-280x420.jpg 280w, https:\/\/riksantikvaren.no\/content\/uploads\/2020\/02\/Vestnorsk-fjordlandskap-Andrea-Albertino-384x576.jpg 384w, https:\/\/riksantikvaren.no\/content\/uploads\/2020\/02\/Vestnorsk-fjordlandskap-Andrea-Albertino-512x768.jpg 512w, https:\/\/riksantikvaren.no\/content\/uploads\/2020\/02\/Vestnorsk-fjordlandskap-Andrea-Albertino.jpg 750w\" sizes=\"auto, (max-width: 661px) 100vw, 661px\" title=\"\"><\/a><div class=\"caption\"><strong>Vestnorsk fjordlandskap<\/strong>  <br><strong>Foto:<\/strong> Andrea Albertino<\/div><\/div>\t\t\t<\/div>\n\t\t\t<div class=\"swiper-pagination\"><\/div>\n\t\t\t\t\t\t\t\n\t\t\t<div class=\"swiper-button-next\"><\/div>\n\t\t\t<div class=\"swiper-button-prev\"><\/div>\t\t\t\t\t<\/div>\n\t\t[\/vc_column][vc_column width=&#8221;1\/3&#8243;][vc_gmaps link=&#8221;#E-8_JTNDaWZyYW1lJTIwc3JjJTNEJTIyaHR0cHMlM0ElMkYlMkZ3d3cuZ29vZ2xlLmNvbSUyRm1hcHMlMkZkJTJGdSUyRjElMkZlbWJlZCUzRm1pZCUzRDFCeWJydDl5SXZDRHZZN29QQTlncXhHTGU2dXd3QVlsOCUyMiUyMHdpZHRoJTNEJTIyNjQwJTIyJTIwaGVpZ2h0JTNEJTIyNDgwJTIyJTNFJTNDJTJGaWZyYW1lJTNF&#8221;][\/vc_column][\/vc_row]<\/p>\n<\/div>","protected":false},"excerpt":{"rendered":"<p>[vc_row][vc_column width=&#8221;1\/2&#8243;][\/vc_column][vc_column width=&#8221;1\/2&#8243;][\/vc_column][\/vc_row][vc_row][vc_column width=&#8221;2\/3&#8243;][vc_column_text] Oarje- Norgga vuotnaeanadaga birra Dan guokte hirpmahuhtti \u010d\u00e1ppa vuotnaguovllu gaskka lea 120 km ja dat leaba geologala\u0161 mearkka\u0161umis ovdamearkkat klassihkala\u0161 vuotnaeanadagaide. Dat \u010d\u00e1jeheaba eanadaga ovd\u00e1neami ma\u014bemus jiek\u014ba\u00e1iggis otn\u00e1\u017eii. Goappa\u0161 guovllut leaba&#8230;<\/p>\n","protected":false},"author":13,"featured_media":0,"parent":40977,"menu_order":0,"comment_status":"closed","ping_status":"closed","template":"","meta":{"ep_exclude_from_search":false,"footnotes":"","algolia_no_indexing":false,"boosted":0},"coauthors":[495,444],"class_list":["post-41468","page","type-page","status-publish","hentry"],"acf":[],"_links":{"self":[{"href":"https:\/\/riksantikvaren.no\/se\/wp-json\/wp\/v2\/pages\/41468","targetHints":{"allow":["GET"]}}],"collection":[{"href":"https:\/\/riksantikvaren.no\/se\/wp-json\/wp\/v2\/pages"}],"about":[{"href":"https:\/\/riksantikvaren.no\/se\/wp-json\/wp\/v2\/types\/page"}],"author":[{"embeddable":true,"href":"https:\/\/riksantikvaren.no\/se\/wp-json\/wp\/v2\/users\/13"}],"replies":[{"embeddable":true,"href":"https:\/\/riksantikvaren.no\/se\/wp-json\/wp\/v2\/comments?post=41468"}],"version-history":[{"count":2,"href":"https:\/\/riksantikvaren.no\/se\/wp-json\/wp\/v2\/pages\/41468\/revisions"}],"predecessor-version":[{"id":41473,"href":"https:\/\/riksantikvaren.no\/se\/wp-json\/wp\/v2\/pages\/41468\/revisions\/41473"}],"up":[{"embeddable":true,"href":"https:\/\/riksantikvaren.no\/se\/wp-json\/wp\/v2\/pages\/40977"}],"wp:attachment":[{"href":"https:\/\/riksantikvaren.no\/se\/wp-json\/wp\/v2\/media?parent=41468"}],"wp:term":[{"taxonomy":"author","embeddable":true,"href":"https:\/\/riksantikvaren.no\/se\/wp-json\/wp\/v2\/coauthors?post=41468"}],"curies":[{"name":"wp","href":"https:\/\/api.w.org\/{rel}","templated":true}]}}