{"id":41475,"date":"2020-02-17T12:27:16","date_gmt":"2020-02-17T11:27:16","guid":{"rendered":"https:\/\/www.riksantikvaren.no\/verdensarv\/verdensarvkonvensjonen\/"},"modified":"2021-05-05T02:42:12","modified_gmt":"2021-05-05T00:42:12","slug":"verdensarvkonvensjonen","status":"publish","type":"page","link":"https:\/\/riksantikvaren.no\/se\/mailmmiarbi\/mailmmiarbekonvensuvdna-ja-mailmmiarbelistu\/","title":{"rendered":"Verdensarvkonvensjonen"},"content":{"rendered":"<div class=\"wpb-content-wrapper\"><p>[vc_row][vc_column width=&#8221;1\/2&#8243;]<p class=\"categories font-size-xxs default\"><span class=\"category\" id=\"subject\">M\u00c1ILMMI\u00c1RBI<\/span><\/p><div class=\"header left  default\"><h1 class=\"\" id=\"overskift\">M\u00e1ilmmi\u00e1rbekonven\u0161uvdna ja m\u00e1ilmmi\u00e1rbelistu<\/h1><\/div><div id=\"entrance-ingres\" class=\"entrance-ingres\"><p>UNESCO m\u00e1ilmmi\u00e1rbekonven\u0161uvdna \u00e1sahuvvui 1972:s, ja dat galggai leat v\u00e1st\u00e1dus dan lassi deddui mii \u0161attai kulturmuittuid ja luondduguovlluid vuost\u00e1, nugo turismma, so\u0111iid, luondduroasuid, billa\u0161umiid ja nuoskkidemiid gea\u017eil. Go vuoll\u00e1i\u010d\u00e1ll\u00e1 konven\u0161uvnna, de geatnegahtt\u00e1 juohke ovttaskas riikka v\u00e1ldit v\u00e1ra ie\u017easet m\u00e1ilmmi\u00e1rbeb\u00e1ikkiin ja mu\u0111ui ie\u017easet nation\u00e1la kultur- ja luonddu\u00e1rbbis.<\/p><\/div>[\/vc_column][vc_column width=&#8221;1\/2&#8243;]\n\t\t\t<figure class=\"standard-image \">\n\t\t\t\t<a class=\"gallery\" href=\"#image-21484\" title=\"\u00c5pne stort bilde i felles bildegalleri\" data-gallery=\"21484\"><img loading=\"lazy\" decoding=\"async\" width=\"1920\" height=\"1080\" src=\"https:\/\/riksantikvaren.no\/content\/uploads\/2019\/12\/Geirangerfjorden.jpg\" class=\"attachment- size-\" alt=\"Bilde av Geirangerfjorden er en del av Vestnorsk fjordlandskap, som er ett av de norske stedene som st\u00e5r p\u00e5 Unescos verdensarvliste. Foto: Ludovic P\u00e9ron via Wikimedia Commons.\" srcset=\"https:\/\/riksantikvaren.no\/content\/uploads\/2019\/12\/Geirangerfjorden.jpg 1920w, https:\/\/riksantikvaren.no\/content\/uploads\/2019\/12\/Geirangerfjorden-300x169.jpg 300w, https:\/\/riksantikvaren.no\/content\/uploads\/2019\/12\/Geirangerfjorden-1024x576.jpg 1024w, https:\/\/riksantikvaren.no\/content\/uploads\/2019\/12\/Geirangerfjorden-768x432.jpg 768w, https:\/\/riksantikvaren.no\/content\/uploads\/2019\/12\/Geirangerfjorden-1536x864.jpg 1536w, https:\/\/riksantikvaren.no\/content\/uploads\/2019\/12\/Geirangerfjorden-320x180.jpg 320w, https:\/\/riksantikvaren.no\/content\/uploads\/2019\/12\/Geirangerfjorden-420x236.jpg 420w, https:\/\/riksantikvaren.no\/content\/uploads\/2019\/12\/Geirangerfjorden-576x324.jpg 576w, https:\/\/riksantikvaren.no\/content\/uploads\/2019\/12\/Geirangerfjorden-992x558.jpg 992w, https:\/\/riksantikvaren.no\/content\/uploads\/2019\/12\/Geirangerfjorden-1200x675.jpg 1200w\" sizes=\"auto, (max-width: 1920px) 100vw, 1920px\" title=\"\"><\/a>\n\t\t\t\t<figcaption><strong>Geirangerfjorden<\/strong> Geirangerfjorden er en del av Vestnorsk fjordlandskap, som er ett av de norske stedene som st\u00e5r p\u00e5 UNESCOs verdensarvliste. Foto: Ludovic P\u00e9ron (CC BY-SA), via Wikimedia Commons.  Foto: Ludovic P\u00e9ron (CC BY-SA), via Wikimedia Commons. <\/figcaption>\n\t\t\t<\/figure>[\/vc_column][\/vc_row][vc_row][vc_column width=&#8221;2\/3&#8243;][vc_column_text]<\/p>\n<h2>M\u00e1ilmmi\u00e1rbekonven\u0161uvdna<\/h2>\n<p>M\u00e1ilmmi\u00e1rbekonven\u0161uvdna definere mii galg\u00e1 leat oassin m\u00e1ilmmi\u00e1rbbis. Buot riikkaidgaskasa\u0161 biraskonven\u0161uvnnain lea M\u00e1ilmmi\u00e1rbekonven\u0161uvdna dat mas lea stuor\u00e1mus l\u00e1vdan m\u00e1ilmmis.<\/p>\n<h3>Osola\u0161riikkaid geatnegasvuo\u0111at<\/h3>\n<p>Juohke ovttaskas riikkas lea geatnegasvuohta v\u00e1ldit v\u00e1ra ie\u017easet m\u00e1ilmmi\u00e1rbeoasis. M\u00e1ilmmi\u00e1rbest\u00e1htus ii mielddisbuvtte o\u0111\u0111am\u00e1llet suodjaleami. Sihkkarastin ja h\u00e1ldda\u0161eapmi galg\u00e1 \u010da\u0111ahuvvot nation\u00e1la l\u00e1hkaortnegiid mielde ja siskkobealde ovttaskas riikkaid ie\u017easet resurssaid. Ollisla\u0161 riikkaidgaskasa\u0161 servodagas lea geatnegasvuohta ovttasbargat vai sihkkarast\u00e1 \u00e1rbbi masa buohkain lea oassi.<\/p>\n<h3>Raporteren UNESCO:i<\/h3>\n<p>Juohke gu\u0111at jagi raporterejit oass\u00e1lasti riikkat m\u00e1ilmmi\u00e1rbeguovlluid st\u00e1htusa UNESCoi. Dalle \u00e1rvvo\u0161tallojuvvo leago \u00e1rvvuid dilli rievdan dan ektui mii\u00a0 lei vuo\u0111\u0111un go sisa\u010d\u00e1llojuvvui m\u00e1ilmmi\u00e1rbelistui, ja leago d\u00e1rbu muddet h\u00e1ldda\u0161eami. Ii h\u00e1liiduvvon ovd\u00e1neapmi s\u00e1htt\u00e1 dagahit ahte guovlu biddjo m\u00e1ilmmi\u00e1rbev\u00e1rralistui. Jus \u00e1rvvut j\u00e1vket, de guovlu sihkkojuvvo m\u00e1ilmmi\u00e1rbelisttus.[\/vc_column_text]\n\t\t\t<figure class=\"standard-image \">\n\t\t\t\t<a class=\"gallery\" href=\"#image-7593\" title=\"\u00c5pne stort bilde i felles bildegalleri\" data-gallery=\"7593\"><img loading=\"lazy\" decoding=\"async\" width=\"1280\" height=\"720\" src=\"https:\/\/riksantikvaren.no\/content\/uploads\/2019\/10\/katmandu-i-nepal.jpg\" class=\"attachment- size-\" alt=\"Katmandu Nepalas. M\u00e1ilmmi\u00e1rbeguovllus Patan Durbar Square. Katmanduv\u00e1ggi \u010d\u00e1llojuvvui m\u00e1ilmmi\u00e1rbelistui 1979:s.\" srcset=\"https:\/\/riksantikvaren.no\/content\/uploads\/2019\/10\/katmandu-i-nepal.jpg 1280w, https:\/\/riksantikvaren.no\/content\/uploads\/2019\/10\/katmandu-i-nepal-300x169.jpg 300w, https:\/\/riksantikvaren.no\/content\/uploads\/2019\/10\/katmandu-i-nepal-768x432.jpg 768w, https:\/\/riksantikvaren.no\/content\/uploads\/2019\/10\/katmandu-i-nepal-1024x576.jpg 1024w, https:\/\/riksantikvaren.no\/content\/uploads\/2019\/10\/katmandu-i-nepal-320x180.jpg 320w, https:\/\/riksantikvaren.no\/content\/uploads\/2019\/10\/katmandu-i-nepal-420x236.jpg 420w, https:\/\/riksantikvaren.no\/content\/uploads\/2019\/10\/katmandu-i-nepal-576x324.jpg 576w, https:\/\/riksantikvaren.no\/content\/uploads\/2019\/10\/katmandu-i-nepal-992x558.jpg 992w, https:\/\/riksantikvaren.no\/content\/uploads\/2019\/10\/katmandu-i-nepal-1200x675.jpg 1200w\" sizes=\"auto, (max-width: 1280px) 100vw, 1280px\" title=\"\"><\/a>\n\t\t\t\t<figcaption><strong>Katmandu Nepalas<\/strong> Fra verdensarvomr\u00e5det Patan Durbar Square Katmandu.  Foto: Anne Nyhamar,  Riikkaantikv\u00e1ra <\/figcaption>\n\t\t\t<\/figure>[vc_column_text]<\/p>\n<h2>M\u00e1ilmmi\u00e1rbelistu<\/h2>\n<p>M\u00e1ilmmi\u00e1rbelistu lea bajilgovva miellahttoriikkaid m\u00e1ilmmiobjeavttain (kultur- ja luondduguovlluin).<\/p>\n<h3>Maid mearkka\u0161a dat go \u010duo\u017e\u017eu m\u00e1ilmmi\u00e1rbelisttus?<\/h3>\n<p>M\u00e1ilmmi\u00e1rbest\u00e1htus lea dat alimus riikkaidgaskasa\u0161 kvalitehtasteampil maid okta guovlu s\u00e1htt\u00e1 oa\u017e\u017eut. Dat mielddisbukt\u00e1 ovddasv\u00e1st\u00e1dusa mainna sihkkarast\u00e1 m\u00e1ilmmi\u00e1rbeb\u00e1ikkiid boahtte\u00e1ig\u00e1i. M\u00e1ilmmi\u00e1rbi lea maiddai mearkag\u00e1lvu mas lea stuora geasuheaddjif\u00e1pmu m\u00e1tkeeal\u00e1husa siskkobealde.<\/p>\n<p>M\u00e1ilmmi\u00e1rbest\u00e1htus ii mielddisbuvtte o\u0111\u0111am\u00e1llet suodjaleami, muhto add\u00e1 liige kvalitehtasteampila ja eksklusiiva riikkaidgaskasa\u0161 st\u00e1htusa. Go \u010duo\u017e\u017eu listtus, de dat mearkka\u0161a ahte maiddai boahtte\u00e1iggis fertejit dahkkot b\u00e1ikk\u00e1la\u0161 \u00e1rvov\u00e1lljemu\u0161at are\u00e1la- ja resurssageavaheami ektui. Lea deh\u00e1la\u0161 ahte kultur\u00e1rvvut eai billistuvvo, ja ahte lea h\u00e1ldda\u0161anpl\u00e1na mii \u010d\u00e1jeha movt \u00e1igu v\u00e1ldit v\u00e1ra \u00e1rbbis.<\/p>\n<p>Ohcamiin dahkko vu\u0111ola\u0161 \u00e1rvvo\u0161tallan ovdal m\u00e1ilmmi\u00e1rbel\u00e1vdegodd\u00e1i \u010d\u00e1llojuvvo \u00e1rvalusevttohus. Geaidnu dohko lea guhkki. Eaktun lihkostuvvat dainna bargguin lea b\u00e1ikk\u00e1la\u0161 \u00e1\u014bgiru\u0161\u0161an, oass\u00e1lastin ja geatnegasvuo\u0111at. G\u00e1ib\u00e1dusat g\u00e1r\u017e\u017eideapm\u00e1i, \u010datnosii, ollisla\u0161vuohta ja eaktivuhtii bohtet lassin lossa f\u00e1gala\u0161 aspektii.[\/vc_column_text]<div class=\"infobox tuftbush\">\n<h3>Ovdamearkkat b\u00e1ikkiide mat \u010du\u017e\u017eot m\u00e1ilmmi\u00e1rbelisttus<\/h3>\n<p>Akropolis Athenis<br \/>\nPyramidat Egyptas<br \/>\nKiinnala\u0161 muvra<br \/>\nFrihetsgudinnen New York:as<br \/>\nGalapagos sullot<br \/>\nMachu Picchu Peruas<\/p><\/div>[vc_column_text]<\/p>\n<h3>Tentatiiva listu<\/h3>\n<p>M\u00e1ilmmi\u00e1rbekonven\u0161uvnna mielde galget buot riikkat r\u00e1hkadit listtu mas leat b\u00e1ikeevttohusat maid h\u00e1liidit nomineret. Evttohuslisttu goh\u010doduvvo tentatiivalistun.<\/p>\n<p>Eai buot b\u00e1ikkit\u00a0 tentatiivalisttus nominerejuvvo, muhto dat lea vuostta\u0161 l\u00e1vki nomina\u0161uvdnii. B\u00e1ikkit eai s\u00e1hte nominerejuvvot jus eai leat d\u00e1n listtus.<\/p>\n<h3>Norgga tentatiivalistui leat \u010duovvova\u0161 b\u00e1ikkit \u010d\u00e1llojuvvon:<\/h3>\n<ul>\n<li>Lofuohtasullot (\u010d\u00e1llojuvvon 2002-10-07)<\/li>\n<li>S\u00e1mi guovlu Divttasvuonas, Hellemobotn ja Rago (\u010d\u00e1llojuvvon 07.10.2002)<\/li>\n<li>Jan Mayen ja Bouvetsuolu. Nomina\u0161uvdna lea okta oassi oktasa\u0161 Atlanta-\u00e1bi\u010dielgi nomina\u0161uvnnas (\u010d\u00e1llojuvvon 21.06.2007)<\/li>\n<li>Svalb\u00e1rda (\u010d\u00e1llojuvvon 21.06.2007)<\/li>\n<li>Viki\u014b\u014ba\u00e1iggi b\u00e1ccit ja b\u00e1ikkit (\u010d\u00e1llojuvvon 10.01.2011). Nomina\u0161uvdna lea ovttasbargu gaskkal Isl\u00e1ndda, Duiskka, D\u00e1nm\u00e1rkku, Latvia ja Norgga m\u00e1ilmmi\u00e1rbbis mii guosk\u00e1 viki\u014b\u014ba\u00e1ig\u00e1i. Norgga b\u00e1ikkit \u201cviki\u014b\u014banomina\u0161uvnnas\u201d ledje Borrehaugenat Hortenis, Oseberghaugen T\u00f8nsbergas, Gokstadhaugen Sandefjordas ja Kvernsteinbruddet Hyllestadas mii lea Sogn ja Fjordanenis. 2015:s mearridii l\u00e1vdegoddi m\u00e1hcahit nomina\u0161uvnna st\u00e1htaosola\u010d\u010daide vai sii vejola\u010d\u010dat rievdadit dan ovdal fas dahkko o\u0111\u0111a viggamu\u0161.<\/li>\n<\/ul>\n<p>[\/vc_column_text]\n\t\t\t<figure class=\"standard-image \">\n\t\t\t\t<a class=\"gallery\" href=\"#image-9405\" title=\"\u00c5pne stort bilde i felles bildegalleri\" data-gallery=\"9405\"><img loading=\"lazy\" decoding=\"async\" width=\"1920\" height=\"1280\" src=\"https:\/\/riksantikvaren.no\/content\/uploads\/2019\/10\/kizhi-pogost.jpg\" class=\"attachment- size-\" alt=\"Kizhi Pogost\" srcset=\"https:\/\/riksantikvaren.no\/content\/uploads\/2019\/10\/kizhi-pogost.jpg 1920w, https:\/\/riksantikvaren.no\/content\/uploads\/2019\/10\/kizhi-pogost-300x200.jpg 300w, https:\/\/riksantikvaren.no\/content\/uploads\/2019\/10\/kizhi-pogost-768x512.jpg 768w, https:\/\/riksantikvaren.no\/content\/uploads\/2019\/10\/kizhi-pogost-1024x683.jpg 1024w, https:\/\/riksantikvaren.no\/content\/uploads\/2019\/10\/kizhi-pogost-320x213.jpg 320w, https:\/\/riksantikvaren.no\/content\/uploads\/2019\/10\/kizhi-pogost-420x280.jpg 420w, https:\/\/riksantikvaren.no\/content\/uploads\/2019\/10\/kizhi-pogost-576x384.jpg 576w, https:\/\/riksantikvaren.no\/content\/uploads\/2019\/10\/kizhi-pogost-992x661.jpg 992w, https:\/\/riksantikvaren.no\/content\/uploads\/2019\/10\/kizhi-pogost-1200x800.jpg 1200w\" sizes=\"auto, (max-width: 1920px) 100vw, 1920px\" title=\"\"><\/a>\n\t\t\t\t<figcaption><strong>Kizhi Pogost<\/strong> Verdensarven Kizhi Pogost i Karelia i Russland med sine mange l\u00f8kkuppeler er fra 1700-tallet.  Foto: Ludovic P\u00e9ron (CC BY-SA), Wikimedia Commons bokte. <\/figcaption>\n\t\t\t<\/figure>[vc_column_text]<\/p>\n<h3>Maid galg\u00e1 dahkat vai oa\u017e\u017eu m\u00e1ilmmi\u00e1rbest\u00e1htusa?<\/h3>\n<p><strong>Njunu\u0161 univers\u00e1la \u00e1rvu<\/strong><br \/>\nGuovllus dahje objeavttas lea njunu\u0161 univers\u00e1la \u00e1rvu jus dat glob\u00e1la oktavuo\u0111as ovddasta buoremus ovdamearkka kultur- dahje luondduf\u00e1gala\u0161 f\u00e1tt\u00e1 siskkobealde dihto form\u00e1htas.<\/p>\n<p><strong>Integritehta<\/strong><br \/>\nBuot m\u00e1ilmmi\u00e1rbeobjeavttain dahje guovlluin fertejit leat elemeanttat mat leat d\u00e1rbba\u0161la\u010d\u010dat \u010d\u00e1jehan dihte njunu\u0161 univers\u00e1la \u00e1rvvu. Guovllu integritehta lea maiddai gitta das ahte g\u00e1r\u017e\u017eideamis leat buot d\u00e1rbba\u0161la\u0161 elemeanttat.<\/p>\n<p><strong>Autenttala\u0161vuohta<\/strong><br \/>\nObjeavtta dahje birrasa gr\u00e1da \u00e1lgo\u00e1lgosa\u0161vuohta dahje eaktivuohta \u010d\u00e1jeha autenttala\u0161vuo\u0111a.<\/p>\n<p><strong>Suddjen ja h\u00e1ldda\u0161eapmi<\/strong><br \/>\nM\u00e1ilmmi\u00e1rbeguovllut galget leat vuoll\u00e1sa\u010d\u010dat guhkit\u00e1iggi form\u00e1la dahje \u0161iehtadusal\u00e1\u0161 suddjema, doaimmaid dahje \u00e1itagiid vuost\u00e1 mat s\u00e1httet v\u00e1ikkuhit univers\u00e1la \u00e1rvvuide negatiivvala\u010d\u010dat.<\/p>\n<p><strong>Guovllut galget \u010dielgasit leat g\u00e1r\u017e\u017eiduvvon<\/strong>\u00a0ja jus lea d\u00e1rbu, birastahttojuvvon dustenav\u00e1dagain mas leat sierra njuolggadusat mat sihkkarastet ahte m\u00e1ilmmi\u00e1rbeguovllu siskkobealde kvalitehtat eai v\u00e1ikkuhuvvo negatiivvala\u010d\u010dat.<\/p>\n<p><strong>Guovllu h\u00e1ldda\u0161eapmi galg\u00e1 \u010duovvut soabaduvvon pl\u00e1namii<\/strong> sihkkarast\u00e1 koordinerejuvvon \u010duovvoleami doaimmain mat leat buoremusat guvlui.<\/p>\n<p><strong>Olmmo\u0161la\u0161 aktivitehtat<\/strong> m\u00e1ilmmi\u00e1rbeguovlluin galget leat ekologala\u010d\u010dat ja kultuvrrala\u010d\u010dat ceavzilat.<\/p>\n<p><strong>B\u00e1ikk\u00e1la\u0161 bero\u0161tupmi<\/strong><br \/>\nM\u00e1ilmmi\u00e1rbenomina\u0161uvdna ii dohkkehuvvo jus dat ii leat vuo\u0111u\u0161tuvvon b\u00e1ikk\u00e1la\u0161servodahkii.[\/vc_column_text][\/vc_column][vc_column width=&#8221;1\/3&#8243;]<div class=\"infobox tuftbush\">\n<h3>Norgga m\u00e1ilmmi\u00e1rbi:<\/h3>\n<p><a href=\"https:\/\/www.riksantikvaren.no\/se\/mailmmiarbi\/altta-baktedaidda\/\">\u00c1ltt\u00e1 b\u00e1kted\u00e1idda<\/a><br \/>\n<a href=\"https:\/\/www.riksantikvaren.no\/se\/mailmmiarbi\/bryggen-bergenis\/\">Bryggen Bergenis<\/a><br \/>\n<a href=\"https:\/\/www.riksantikvaren.no\/se\/mailmmiarbi\/rjukana-notoddena-industriijaarbi\/\">Rjukan-Notodden industriija\u00e1rbi<\/a><br \/>\n<a href=\"https:\/\/www.riksantikvaren.no\/se\/mailmmiarbi\/plassje-baktebaiki-ja-circumferensen\/\">R\u00f8ros b\u00e1kteg\u00e1vpot ja Cirkumferensen<\/a><br \/>\n<a href=\"https:\/\/www.riksantikvaren.no\/se\/mailmmiarbi\/struve-meridianagierddus\/\">Njeallje \u010duogg\u00e1 Struve meridi\u00e1nagierddus<\/a><br \/>\n<a href=\"https:\/\/www.riksantikvaren.no\/se\/mailmmiarbi\/urnes-stahpegirku\/\">Urnes st\u00e1hpegirku<\/a><br \/>\n<a href=\"https:\/\/www.riksantikvaren.no\/se\/mailmmiarbi\/vegasullot\/\">Vega &#8211; sullot<\/a><br \/>\n<a href=\"https:\/\/www.riksantikvaren.no\/se\/mailmmiarbi\/oarje-norgga-vuotnaeanadat\/\">Oarje- Norgga vuotnaeanadat<\/a><\/p><\/div>[\/vc_column][\/vc_row]<\/p>\n<\/div>","protected":false},"excerpt":{"rendered":"<p>[vc_row][vc_column width=&#8221;1\/2&#8243;][\/vc_column][vc_column width=&#8221;1\/2&#8243;][\/vc_column][\/vc_row][vc_row][vc_column width=&#8221;2\/3&#8243;][vc_column_text] M\u00e1ilmmi\u00e1rbekonven\u0161uvdna M\u00e1ilmmi\u00e1rbekonven\u0161uvdna definere mii galg\u00e1 leat oassin m\u00e1ilmmi\u00e1rbbis. Buot riikkaidgaskasa\u0161 biraskonven\u0161uvnnain lea M\u00e1ilmmi\u00e1rbekonven\u0161uvdna dat mas lea stuor\u00e1mus l\u00e1vdan m\u00e1ilmmis. Osola\u0161riikkaid geatnegasvuo\u0111at Juohke ovttaskas riikkas lea geatnegasvuohta v\u00e1ldit v\u00e1ra ie\u017easet m\u00e1ilmmi\u00e1rbeoasis. M\u00e1ilmmi\u00e1rbest\u00e1htus&#8230;<\/p>\n","protected":false},"author":13,"featured_media":0,"parent":40977,"menu_order":0,"comment_status":"closed","ping_status":"closed","template":"","meta":{"ep_exclude_from_search":false,"footnotes":"","algolia_no_indexing":false,"boosted":0},"coauthors":[495,444],"class_list":["post-41475","page","type-page","status-publish","hentry"],"acf":[],"_links":{"self":[{"href":"https:\/\/riksantikvaren.no\/se\/wp-json\/wp\/v2\/pages\/41475","targetHints":{"allow":["GET"]}}],"collection":[{"href":"https:\/\/riksantikvaren.no\/se\/wp-json\/wp\/v2\/pages"}],"about":[{"href":"https:\/\/riksantikvaren.no\/se\/wp-json\/wp\/v2\/types\/page"}],"author":[{"embeddable":true,"href":"https:\/\/riksantikvaren.no\/se\/wp-json\/wp\/v2\/users\/13"}],"replies":[{"embeddable":true,"href":"https:\/\/riksantikvaren.no\/se\/wp-json\/wp\/v2\/comments?post=41475"}],"version-history":[{"count":2,"href":"https:\/\/riksantikvaren.no\/se\/wp-json\/wp\/v2\/pages\/41475\/revisions"}],"predecessor-version":[{"id":41477,"href":"https:\/\/riksantikvaren.no\/se\/wp-json\/wp\/v2\/pages\/41475\/revisions\/41477"}],"up":[{"embeddable":true,"href":"https:\/\/riksantikvaren.no\/se\/wp-json\/wp\/v2\/pages\/40977"}],"wp:attachment":[{"href":"https:\/\/riksantikvaren.no\/se\/wp-json\/wp\/v2\/media?parent=41475"}],"wp:term":[{"taxonomy":"author","embeddable":true,"href":"https:\/\/riksantikvaren.no\/se\/wp-json\/wp\/v2\/coauthors?post=41475"}],"curies":[{"name":"wp","href":"https:\/\/api.w.org\/{rel}","templated":true}]}}