{"id":86,"date":"2019-09-17T12:30:19","date_gmt":"2019-09-17T10:30:19","guid":{"rendered":"http:\/\/www.riksantikvaren.no\/?page_id=86"},"modified":"2025-03-20T12:30:35","modified_gmt":"2025-03-20T11:30:35","slug":"hjem","status":"publish","type":"page","link":"https:\/\/riksantikvaren.no\/se\/","title":{"rendered":"Ruoktu"},"content":{"rendered":"<div class=\"wpb-content-wrapper\"><p>[vc_row full_width=&#8221;stretch_row_content_no_spaces&#8221;][vc_column]<div class=\"hero romantic \"><div class=\"container\"><div class=\"row\"><div class=\"left-col col-lg-6 col-md-6 col-sm-12\"><h1>Pro\u0161eavttas ruoktun<\/h1><p>Lea \u010d\u00e1ppat Ruh\u010deveajis. Dav\u00e1sguvlui, birrasiid guokte miilla olggobealde Girkonj\u00e1rgga g\u00e1vdno<a href=\"https:\/\/www.riksantikvaren.no\/se\/kulturhistorie\/proseavttas-ruoktun\/\"> Smukg\u00e5rden.<\/a><\/p><\/div><div class=\"right-col col-lg-6 col-md-6 col-sm-12\"><div class=\"img-container\"><a class=\"hero-link\" href=\"https:\/\/www.riksantikvaren.no\/se\/kulturhistorie\/proseavttas-ruoktun\/\" title=\"\"><img loading=\"lazy\" decoding=\"async\" width=\"2560\" height=\"1920\" src=\"https:\/\/riksantikvaren.no\/content\/uploads\/2023\/11\/Smukgarden-naust-scaled.jpg\" class=\"attachment-full size-full\" alt=\"\" srcset=\"https:\/\/riksantikvaren.no\/content\/uploads\/2023\/11\/Smukgarden-naust-scaled.jpg 2560w, https:\/\/riksantikvaren.no\/content\/uploads\/2023\/11\/Smukgarden-naust-300x225.jpg 300w, https:\/\/riksantikvaren.no\/content\/uploads\/2023\/11\/Smukgarden-naust-1024x768.jpg 1024w, https:\/\/riksantikvaren.no\/content\/uploads\/2023\/11\/Smukgarden-naust-768x576.jpg 768w, https:\/\/riksantikvaren.no\/content\/uploads\/2023\/11\/Smukgarden-naust-1536x1152.jpg 1536w, https:\/\/riksantikvaren.no\/content\/uploads\/2023\/11\/Smukgarden-naust-2048x1536.jpg 2048w, https:\/\/riksantikvaren.no\/content\/uploads\/2023\/11\/Smukgarden-naust-320x240.jpg 320w, https:\/\/riksantikvaren.no\/content\/uploads\/2023\/11\/Smukgarden-naust-420x315.jpg 420w, https:\/\/riksantikvaren.no\/content\/uploads\/2023\/11\/Smukgarden-naust-576x432.jpg 576w, https:\/\/riksantikvaren.no\/content\/uploads\/2023\/11\/Smukgarden-naust-992x744.jpg 992w, https:\/\/riksantikvaren.no\/content\/uploads\/2023\/11\/Smukgarden-naust-1200x900.jpg 1200w, https:\/\/riksantikvaren.no\/content\/uploads\/2023\/11\/Smukgarden-naust-1920x1440.jpg 1920w\" sizes=\"auto, (max-width: 2560px) 100vw, 2560px\" title=\"\"><\/a><\/div><\/div><\/div><\/div><\/div>[\/vc_column][\/vc_row][vc_row equal_height=&#8221;yes&#8221;][vc_column width=&#8221;1\/2&#8243;]<a class=\"entrance violet\" href=\"\/se\/riikaantikvara-birra\/\" title=\"\"><div class=\"title\"><span class=\"font-size-md\">Riikaantikv\u00e1ra birra<\/span><svg class=\"icon\" width=\"32\" height=\"32\" viewBox=\"0 0 32 32\" fill=\"none\" xmlns=\"http:\/\/www.w3.org\/2000\/svg\"><path d=\"M18 6L16.57 7.393L24.15 15H4V17H24.15L16.57 24.573L18 26L28 16L18 6Z\" fill=\"#0A0A0A\"\/><\/svg><\/div><p class=\"entrance-desc\">Riikaantikv\u00e1ra \u00e1sahuvvui 1912:s. Min ovddasv\u00e1st\u00e1dus lea h\u00e1ldda\u0161it kulturmuittuid, kulturbirrasiid ja kulturhistorjj\u00e1la\u0161 eanadagaid.<\/p><\/a>[\/vc_column][vc_column width=&#8221;1\/2&#8243;]<a class=\"entrance violet\" href=\"\/se\/riikaantikvara-birra\/kulturmuitohalddaseami-birra\/\" title=\"\"><div class=\"title\"><span class=\"font-size-md\">Kulturmuitohalddaseami birra<\/span><svg class=\"icon\" width=\"32\" height=\"32\" viewBox=\"0 0 32 32\" fill=\"none\" xmlns=\"http:\/\/www.w3.org\/2000\/svg\"><path d=\"M18 6L16.57 7.393L24.15 15H4V17H24.15L16.57 24.573L18 26L28 16L18 6Z\" fill=\"#0A0A0A\"\/><\/svg><\/div><p class=\"entrance-desc\"><\/p><\/a>[\/vc_column][\/vc_row][vc_row disable_element=&#8221;yes&#8221;][vc_column]                <script id=\"post-settings\" type=\"text\/javascript\">\n                postSettings = {\n                    'categories': '421',\n                    'posttypes': 'post',\n                    'limit': '3',\n                    'offset': '',\n                    'ignoresticky': '',\n                    'showsticky': '',\n                    'paging': '',\n                    'acfmeta': '',\n                    'order': 'asc',\n                    'orderby': 'date',\n                    'metakey': '',\n                    'metatype': '',\n                    'includeposts': '',\n                    'excludeposts': '',\n                    'grid': 'col-lg-4 col-md-6 col-sm-12'\n                };\n                <\/script><div class=\"vc-loop-posts row\"><\/div>[\/vc_column][\/vc_row]<\/p>\n<\/div>","protected":false},"excerpt":{"rendered":"<p>[vc_row full_width=&#8221;stretch_row_content_no_spaces&#8221;][vc_column][\/vc_column][\/vc_row][vc_row equal_height=&#8221;yes&#8221;][vc_column width=&#8221;1\/2&#8243;][\/vc_column][vc_column width=&#8221;1\/2&#8243;][\/vc_column][\/vc_row][vc_row disable_element=&#8221;yes&#8221;][vc_column][\/vc_column][\/vc_row]<\/p>\n","protected":false},"author":1,"featured_media":0,"parent":0,"menu_order":0,"comment_status":"closed","ping_status":"closed","template":"","meta":{"ep_exclude_from_search":false,"footnotes":"","algolia_no_indexing":false,"boosted":0},"coauthors":[445],"class_list":["post-86","page","type-page","status-publish","hentry"],"acf":[],"_links":{"self":[{"href":"https:\/\/riksantikvaren.no\/se\/wp-json\/wp\/v2\/pages\/86","targetHints":{"allow":["GET"]}}],"collection":[{"href":"https:\/\/riksantikvaren.no\/se\/wp-json\/wp\/v2\/pages"}],"about":[{"href":"https:\/\/riksantikvaren.no\/se\/wp-json\/wp\/v2\/types\/page"}],"author":[{"embeddable":true,"href":"https:\/\/riksantikvaren.no\/se\/wp-json\/wp\/v2\/users\/1"}],"replies":[{"embeddable":true,"href":"https:\/\/riksantikvaren.no\/se\/wp-json\/wp\/v2\/comments?post=86"}],"version-history":[{"count":6,"href":"https:\/\/riksantikvaren.no\/se\/wp-json\/wp\/v2\/pages\/86\/revisions"}],"predecessor-version":[{"id":79174,"href":"https:\/\/riksantikvaren.no\/se\/wp-json\/wp\/v2\/pages\/86\/revisions\/79174"}],"wp:attachment":[{"href":"https:\/\/riksantikvaren.no\/se\/wp-json\/wp\/v2\/media?parent=86"}],"wp:term":[{"taxonomy":"author","embeddable":true,"href":"https:\/\/riksantikvaren.no\/se\/wp-json\/wp\/v2\/coauthors?post=86"}],"curies":[{"name":"wp","href":"https:\/\/api.w.org\/{rel}","templated":true}]}}